{"id":619,"date":"2020-12-08T18:59:05","date_gmt":"2020-12-08T17:59:05","guid":{"rendered":"https:\/\/sars-cov-2-test.immunostep.com\/?page_id=619"},"modified":"2026-03-24T10:26:53","modified_gmt":"2026-03-24T09:26:53","slug":"politica-de-privacidad","status":"publish","type":"page","link":"https:\/\/immunostep.com\/es\/politica-de-privacidad\/","title":{"rendered":"Pol\u00edtica de Privacidad"},"content":{"rendered":"<h1>Pol\u00edtica de privacidad<\/h1>\n<div>\n<p><b>TRATAMIENTO DE DATOS PERSONALES<\/b><\/p>\n<p>IMMUNOSTEP es consciente de que le preocupa c\u00f3mo se utiliza y se comparte su informaci\u00f3n personal, y agradecemos su confianza en que lo haremos con cuidado y sensatez. Este aviso describe nuestras Pol\u00edticas de privacidad y de cookies (en adelante, las \u00abPol\u00edticas de privacidad\u00bb). Por favor, recuerde que al visitar IMMUNOSTEPshop.com, enviar informaci\u00f3n, utilizar nuestros servicios y\/o adquirir cualquier producto en nuestro sitio web, usted reconoce que acepta las pr\u00e1cticas y pol\u00edticas descritas en las presentes Pol\u00edticas de Privacidad y en nuestros T\u00e9rminos y Condiciones; por lo tanto, le rogamos que revise estas Pol\u00edticas de Privacidad peri\u00f3dicamente para mantenerse informado al respecto. Si no est\u00e1 de acuerdo con estas Pol\u00edticas de Privacidad, le rogamos que no utilice nuestro Sitio.<\/p>\n<p>El sitio web de IMMUNOSTEP (en adelante, \u00abel sitio web\u00bb) es propiedad exclusiva de IMMUNOSTEP, S.L. (en adelante, \u00abIMMUNOSTEP\u00bb), con sede en Avda. Universidad de Coimbra, s\/n Centro de Investigaci\u00f3n del C\u00e1ncer (C.I.C) Campus Miguel de Unamuno, 37007 Salamanca, con NIF B-37373784 y direcci\u00f3n de correo electr\u00f3nico info@IMMUNOSTEP.com.<\/p>\n<p>De conformidad con lo dispuesto en el REGLAMENTO (UE) 2016\/679 DEL PARLAMENTO EUROPEO Y DEL CONSEJO, de 27 de abril de 2016, relativo a la protecci\u00f3n de las personas f\u00edsicas en lo que respecta al tratamiento de datos personales y a la libre circulaci\u00f3n de estos datos y por el que se deroga la Directiva 95\/46\/CE (Reglamento general de protecci\u00f3n de datos), IMMUNOSTEP informa a los usuarios de que los datos personales facilitados a trav\u00e9s del sitio web ser\u00e1n tratados por IMMUNOSTEP en calidad de responsable del tratamiento. Adem\u00e1s, los datos personales facilitados en relaci\u00f3n con la compra o devoluci\u00f3n de cualquier producto ser\u00e1n tratados con los siguientes fines:<\/p>\n<ol>\n<li>La ejecuci\u00f3n y cumplimiento del contrato de compraventa de los productos que haya adquirido, o de cualquier otro contrato entre usted y nosotros;<\/li>\n<li>Atender sus solicitudes;<\/li>\n<\/ol>\n<p>Proporcionar informaci\u00f3n sobre los productos de IMMUNOSTEP, enviar comunicaciones comerciales por correo electr\u00f3nico y\/o por cualquier otro medio de comunicaci\u00f3n una vez que usted las haya solicitado. Puede modificar sus preferencias con respecto a la recepci\u00f3n de dichas comunicaciones iniciando sesi\u00f3n en la secci\u00f3n \u00abMi cuenta\u00bb de este sitio web y cambiando sus preferencias, o de la forma especificada en las comunicaciones comerciales mencionadas.<\/p>\n<p>En caso de que nos facilite datos personales de terceros, usted ser\u00e1 responsable de haberles informado y de haber obtenido su consentimiento previo en relaci\u00f3n con los fines que se explican a continuaci\u00f3n. Los datos de terceros solo se utilizar\u00e1n para<\/p>\n<p>(a) gestionar la entrega o verificar la recepci\u00f3n de los productos y<\/p>\n<p>(b) atender cualquier consulta o sugerencia que usted o el tercero puedan tener.<\/p>\n<p>IMMUNOSTEP es el \u00fanico titular de los ficheros y no utilizar\u00e1 la informaci\u00f3n para ning\u00fan otro fin que no sea aquel para el que fue recopilada, ni ceder\u00e1 ileg\u00edtimamente dichos datos a terceros.<\/p>\n<p>IMMUNOSTEP solo recaba los datos necesarios para la prestaci\u00f3n de los servicios y el cumplimiento de los fines antes mencionados. Asimismo, IMMUNOSTEP se compromete a tratar los datos personales de forma confidencial y a aplicar las medidas organizativas o t\u00e9cnicas necesarias para evitar accesos y usos il\u00edcitos o ileg\u00edtimos, de conformidad con la legislaci\u00f3n aplicable.<\/p>\n<p>Cuando sea necesario para los fines mencionados, IMMUNOSTEP podr\u00e1 revelar la informaci\u00f3n personal a sus proveedores, entidades financieras, organismos de lucha contra el fraude, proveedores de servicios tecnol\u00f3gicos, proveedores de log\u00edstica, proveedores de transporte y entrega, o empresas de an\u00e1lisis, con el fin de ofrecer a los usuarios garant\u00edas suficientes en las operaciones comerciales. Al rellenar cualquiera de los formularios disponibles en el sitio web, usted autoriza expresamente el tratamiento y la divulgaci\u00f3n de la informaci\u00f3n y los datos mencionados. Su autorizaci\u00f3n se extiende a los proveedores de servicios dentro de los Estados Unidos u otros pa\u00edses fuera de la Uni\u00f3n Europea.<\/p>\n<p>El usuario garantiza que la informaci\u00f3n personal facilitada es precisa, veraz y correcta, y se compromete a notificar a IMMUNOSTEP cualquier cambio o correcci\u00f3n en dicha informaci\u00f3n. El usuario ser\u00e1 el \u00fanico y exclusivo responsable de cualquier da\u00f1o o perjuicio causado al sitio web, a IMMUNOSTEP o a terceros debido al suministro de informaci\u00f3n err\u00f3nea, inexacta o incompleta a trav\u00e9s de los formularios del sitio web.<\/p>\n<p><b>Derechos<\/b><\/p>\n<p>Puede ejercer sus derechos de acceso, rectificaci\u00f3n, supresi\u00f3n, portabilidad, limitaci\u00f3n y oposici\u00f3n de conformidad con la legislaci\u00f3n y normativa aplicables, enviando un correo electr\u00f3nico a la siguiente direcci\u00f3n: info@IMMUNOSTEP.com, indicando su nombre y apellidos y adjuntando una fotocopia de su documento de identidad. Tambi\u00e9n puede escribir una carta a la direcci\u00f3n postal mencionada anteriormente.<\/p>\n<p>Asimismo, le informamos de su derecho a presentar una reclamaci\u00f3n ante la Agencia Espa\u00f1ola de Protecci\u00f3n de Datos o la autoridad de control del pa\u00eds en el que se encuentre, en caso de no estar satisfecho con el tratamiento de datos realizado por este sitio web.<\/p>\n<p>En cumplimiento de lo dispuesto en el art\u00edculo 22.2 de la Ley 34\/2002, de 11 de julio, de servicios de la sociedad de la informaci\u00f3n y de comercio electr\u00f3nico, le informamos de que la WEB solo utilizar\u00e1 dispositivos de almacenamiento y recuperaci\u00f3n de datos (\u00abcookies\u00bb) cuando el usuario haya dado su consentimiento para ello, de acuerdo con lo indicado en la ventana emergente que se muestra al usuario cuando accede por primera vez a la Web, y en los t\u00e9rminos y condiciones que todo usuario debe conocer.<\/p>\n<\/div>\n<p><!--more--><br \/>\n<!-- {\"type\":\"layout\",\"children\":[{\"type\":\"section\",\"props\":{\"image_position\":\"center-center\",\"style\":\"default\",\"title_breakpoint\":\"xl\",\"title_position\":\"top-left\",\"title_rotation\":\"left\",\"vertical_align\":\"\",\"width\":\"default\"},\"children\":[{\"type\":\"row\",\"children\":[{\"type\":\"column\",\"props\":{\"image_position\":\"center-center\",\"position_sticky_breakpoint\":\"m\"},\"children\":[{\"type\":\"headline\",\"props\":{\"content\":\"Pol\\u00edtica de privacidad\",\"title_element\":\"h1\",\"title_font_family\":\"secondary\",\"title_style\":\"h3\"}},{\"type\":\"text\",\"props\":{\"column_breakpoint\":\"m\",\"content\":\"\n\n<p><b>TRATAMIENTO DE DATOS PERSONALES<\\\/b><\\\/p>\\n\n\n<p>IMMUNOSTEP es consciente de que le preocupa c\\u00f3mo se utiliza y se comparte su informaci\\u00f3n personal, y agradecemos su confianza en que lo haremos con cuidado y sensatez. Este aviso describe nuestras Pol\\u00edticas de privacidad y de cookies (en adelante, las \\u00abPol\\u00edticas de privacidad\\u00bb). Por favor, recuerde que al visitar IMMUNOSTEPshop.com, enviar informaci\\u00f3n, utilizar nuestros servicios y\\\/o adquirir cualquier producto en nuestro sitio web, usted reconoce que acepta las pr\\u00e1cticas y pol\\u00edticas descritas en las presentes Pol\\u00edticas de Privacidad y en nuestros T\\u00e9rminos y Condiciones; por lo tanto, le rogamos que revise estas Pol\\u00edticas de Privacidad peri\\u00f3dicamente para mantenerse informado al respecto. Si no est\\u00e1 de acuerdo con estas Pol\\u00edticas de Privacidad, le rogamos que no utilice nuestro Sitio.<\\\/p>\\n\n\n<p>El sitio web de IMMUNOSTEP (en adelante, \\u00abel sitio web\\u00bb) es propiedad exclusiva de IMMUNOSTEP, S.L. (en adelante, \\u00abIMMUNOSTEP\\u00bb), con sede en Avda. Universidad de Coimbra, s\\\/n Centro de Investigaci\\u00f3n del C\\u00e1ncer (C.I.C) Campus Miguel de Unamuno, 37007 Salamanca, con NIF B-37373784 y direcci\\u00f3n de correo electr\\u00f3nico info@IMMUNOSTEP.com.<\\\/p>\\n\n\n<p>De conformidad con lo dispuesto en el REGLAMENTO (UE) 2016\\\/679 DEL PARLAMENTO EUROPEO Y DEL CONSEJO, de 27 de abril de 2016, relativo a la protecci\\u00f3n de las personas f\\u00edsicas en lo que respecta al tratamiento de datos personales y a la libre circulaci\\u00f3n de estos datos y por el que se deroga la Directiva 95\\\/46\\\/CE (Reglamento general de protecci\\u00f3n de datos), IMMUNOSTEP informa a los usuarios de que los datos personales facilitados a trav\\u00e9s del sitio web ser\\u00e1n tratados por IMMUNOSTEP en calidad de responsable del tratamiento. Adem\\u00e1s, los datos personales facilitados en relaci\\u00f3n con la compra o devoluci\\u00f3n de cualquier producto ser\\u00e1n tratados con los siguientes fines:<\\\/p>\\n\n\n<ol>\\n\n\n<li>La ejecuci\\u00f3n y cumplimiento del contrato de compraventa de los productos que haya adquirido, o de cualquier otro contrato entre usted y nosotros;<\\\/li>\\n\n\n<li>Atender sus solicitudes;<\\\/li>\\n<\\\/ol>\\n\n\n<p>Proporcionar informaci\\u00f3n sobre los productos de IMMUNOSTEP, enviar comunicaciones comerciales por correo electr\\u00f3nico y\\\/o por cualquier otro medio de comunicaci\\u00f3n una vez que usted las haya solicitado. Puede modificar sus preferencias con respecto a la recepci\\u00f3n de dichas comunicaciones iniciando sesi\\u00f3n en la secci\\u00f3n \\u00abMi cuenta\\u00bb de este sitio web y cambiando sus preferencias, o de la forma especificada en las comunicaciones comerciales mencionadas.<\\\/p>\\n\n\n<p>En caso de que nos facilite datos personales de terceros, usted ser\\u00e1 responsable de haberles informado y de haber obtenido su consentimiento previo en relaci\\u00f3n con los fines que se explican a continuaci\\u00f3n. Los datos de terceros solo se utilizar\\u00e1n para<\\\/p>\\n\n\n<p>(a) gestionar la entrega o verificar la recepci\\u00f3n de los productos y<\\\/p>\\n\n\n<p>(b) atender cualquier consulta o sugerencia que usted o el tercero puedan tener.<\\\/p>\\n\n\n<p>IMMUNOSTEP es el \\u00fanico titular de los ficheros y no utilizar\\u00e1 la informaci\\u00f3n para ning\\u00fan otro fin que no sea aquel para el que fue recopilada, ni ceder\\u00e1 ileg\\u00edtimamente dichos datos a terceros.<\\\/p>\\n\n\n<p>IMMUNOSTEP solo recaba los datos necesarios para la prestaci\\u00f3n de los servicios y el cumplimiento de los fines antes mencionados. Asimismo, IMMUNOSTEP se compromete a tratar los datos personales de forma confidencial y a aplicar las medidas organizativas o t\\u00e9cnicas necesarias para evitar accesos y usos il\\u00edcitos o ileg\\u00edtimos, de conformidad con la legislaci\\u00f3n aplicable.<\\\/p>\\n\n\n<p>Cuando sea necesario para los fines mencionados, IMMUNOSTEP podr\\u00e1 revelar la informaci\\u00f3n personal a sus proveedores, entidades financieras, organismos de lucha contra el fraude, proveedores de servicios tecnol\\u00f3gicos, proveedores de log\\u00edstica, proveedores de transporte y entrega, o empresas de an\\u00e1lisis, con el fin de ofrecer a los usuarios garant\\u00edas suficientes en las operaciones comerciales. Al rellenar cualquiera de los formularios disponibles en el sitio web, usted autoriza expresamente el tratamiento y la divulgaci\\u00f3n de la informaci\\u00f3n y los datos mencionados. Su autorizaci\\u00f3n se extiende a los proveedores de servicios dentro de los Estados Unidos u otros pa\\u00edses fuera de la Uni\\u00f3n Europea.<\\\/p>\\n\n\n<p>El usuario garantiza que la informaci\\u00f3n personal facilitada es precisa, veraz y correcta, y se compromete a notificar a IMMUNOSTEP cualquier cambio o correcci\\u00f3n en dicha informaci\\u00f3n. El usuario ser\\u00e1 el \\u00fanico y exclusivo responsable de cualquier da\\u00f1o o perjuicio causado al sitio web, a IMMUNOSTEP o a terceros debido al suministro de informaci\\u00f3n err\\u00f3nea, inexacta o incompleta a trav\\u00e9s de los formularios del sitio web.<\\\/p>\\n\n\n<p><b>Derechos<\\\/b><\\\/p>\\n\n\n<p>Puede ejercer sus derechos de acceso, rectificaci\\u00f3n, supresi\\u00f3n, portabilidad, limitaci\\u00f3n y oposici\\u00f3n de conformidad con la legislaci\\u00f3n y normativa aplicables, enviando un correo electr\\u00f3nico a la siguiente direcci\\u00f3n: info@IMMUNOSTEP.com, indicando su nombre y apellidos y adjuntando una fotocopia de su documento de identidad. Tambi\\u00e9n puede escribir una carta a la direcci\\u00f3n postal mencionada anteriormente.<\\\/p>\\n\n\n<p>Asimismo, le informamos de su derecho a presentar una reclamaci\\u00f3n ante la Agencia Espa\\u00f1ola de Protecci\\u00f3n de Datos o la autoridad de control del pa\\u00eds en el que se encuentre, en caso de no estar satisfecho con el tratamiento de datos realizado por este sitio web.<\\\/p>\\n\n\n<p>En cumplimiento de lo dispuesto en el art\\u00edculo 22.2 de la Ley 34\\\/2002, de 11 de julio, de servicios de la sociedad de la informaci\\u00f3n y de comercio electr\\u00f3nico, le informamos de que la WEB solo utilizar\\u00e1 dispositivos de almacenamiento y recuperaci\\u00f3n de datos (\\u00abcookies\\u00bb) cuando el usuario haya dado su consentimiento para ello, de acuerdo con lo indicado en la ventana emergente que se muestra al usuario cuando accede por primera vez a la Web, y en los t\\u00e9rminos y condiciones que todo usuario debe conocer.<\\\/p>\",\"margin\":\"default\"}}]}]}]}],\"version\":\"4.4.10\"} --><\/p>\n","protected":false},"excerpt":{"rendered":"<p>Pol\u00edtica de privacidad TRATAMIENTO DE DATOS PERSONALES IMMUNOSTEP es consciente de que le preocupa c\u00f3mo se utiliza y se comparte su informaci\u00f3n personal, y agradecemos su confianza en que lo haremos con cuidado y sensatez. Este aviso describe nuestras Pol\u00edticas de privacidad y de cookies (en adelante, las \u00abPol\u00edticas de privacidad\u00bb). Por favor, recuerde que [&hellip;]<\/p>\n","protected":false},"author":3,"featured_media":0,"parent":0,"menu_order":0,"comment_status":"closed","ping_status":"closed","template":"","meta":{"footnotes":"","_links_to":"","_links_to_target":""},"class_list":["post-619","page","type-page","status-publish","hentry"],"yoast_head":"<!-- This site is optimized with the Yoast SEO plugin v23.6 - https:\/\/yoast.com\/wordpress\/plugins\/seo\/ -->\n<title>Pol\u00edtica de Privacidad | Immunostep Biotech<\/title>\n<meta name=\"description\" content=\"At Immunostep we have been innovating since 2001 to develop comprehensive products that contribute to improve.\" \/>\n<meta name=\"robots\" content=\"noindex, follow\" \/>\n<meta property=\"og:locale\" content=\"es_ES\" \/>\n<meta property=\"og:type\" content=\"article\" \/>\n<meta property=\"og:title\" content=\"Pol\u00edtica de Privacidad | Immunostep Biotech\" \/>\n<meta property=\"og:description\" content=\"At Immunostep we have been innovating since 2001 to develop comprehensive products that contribute to improve.\" \/>\n<meta property=\"og:url\" content=\"https:\/\/immunostep.com\/es\/politica-de-privacidad\/\" \/>\n<meta property=\"og:site_name\" content=\"Immunostep Biotech\" \/>\n<meta property=\"article:publisher\" content=\"https:\/\/www.facebook.com\/immunostepsl\/\" \/>\n<meta property=\"article:modified_time\" content=\"2026-03-24T09:26:53+00:00\" \/>\n<meta property=\"og:image\" content=\"https:\/\/immunostep.com\/wp-content\/uploads\/2021\/10\/logo-web-color.png\" \/>\n\t<meta property=\"og:image:width\" content=\"1299\" \/>\n\t<meta property=\"og:image:height\" content=\"591\" \/>\n\t<meta property=\"og:image:type\" content=\"image\/png\" \/>\n<meta name=\"twitter:card\" content=\"summary_large_image\" \/>\n<meta name=\"twitter:site\" content=\"@Immunostep\" \/>\n<meta name=\"twitter:label1\" content=\"Tiempo de lectura\" \/>\n\t<meta name=\"twitter:data1\" content=\"5 minutos\" \/>\n<script type=\"application\/ld+json\" class=\"yoast-schema-graph\">{\"@context\":\"https:\/\/schema.org\",\"@graph\":[{\"@type\":\"WebPage\",\"@id\":\"https:\/\/immunostep.com\/es\/politica-de-privacidad\/\",\"url\":\"https:\/\/immunostep.com\/es\/politica-de-privacidad\/\",\"name\":\"Pol\u00edtica de Privacidad | Immunostep Biotech\",\"isPartOf\":{\"@id\":\"https:\/\/immunostep.com\/#website\"},\"datePublished\":\"2020-12-08T17:59:05+00:00\",\"dateModified\":\"2026-03-24T09:26:53+00:00\",\"description\":\"At Immunostep we have been innovating since 2001 to develop comprehensive products that contribute to improve.\",\"breadcrumb\":{\"@id\":\"https:\/\/immunostep.com\/es\/politica-de-privacidad\/#breadcrumb\"},\"inLanguage\":\"es\",\"potentialAction\":[{\"@type\":\"ReadAction\",\"target\":[\"https:\/\/immunostep.com\/es\/politica-de-privacidad\/\"]}]},{\"@type\":\"BreadcrumbList\",\"@id\":\"https:\/\/immunostep.com\/es\/politica-de-privacidad\/#breadcrumb\",\"itemListElement\":[{\"@type\":\"ListItem\",\"position\":1,\"name\":\"Home\",\"item\":\"https:\/\/immunostep.com\/es\/\"},{\"@type\":\"ListItem\",\"position\":2,\"name\":\"Pol\u00edtica de Privacidad\"}]},{\"@type\":\"WebSite\",\"@id\":\"https:\/\/immunostep.com\/#website\",\"url\":\"https:\/\/immunostep.com\/\",\"name\":\"Immunostep Biotech\",\"description\":\"Innovating to deliver high-performance technology for Research and Diagnosis\",\"publisher\":{\"@id\":\"https:\/\/immunostep.com\/#organization\"},\"potentialAction\":[{\"@type\":\"SearchAction\",\"target\":{\"@type\":\"EntryPoint\",\"urlTemplate\":\"https:\/\/immunostep.com\/?s={search_term_string}\"},\"query-input\":{\"@type\":\"PropertyValueSpecification\",\"valueRequired\":true,\"valueName\":\"search_term_string\"}}],\"inLanguage\":\"es\"},{\"@type\":\"Organization\",\"@id\":\"https:\/\/immunostep.com\/#organization\",\"name\":\"Immunostep Biotech\",\"url\":\"https:\/\/immunostep.com\/\",\"logo\":{\"@type\":\"ImageObject\",\"inLanguage\":\"es\",\"@id\":\"https:\/\/immunostep.com\/#\/schema\/logo\/image\/\",\"url\":\"https:\/\/immunostep.com\/wp-content\/uploads\/2021\/10\/logo-web-color.png\",\"contentUrl\":\"https:\/\/immunostep.com\/wp-content\/uploads\/2021\/10\/logo-web-color.png\",\"width\":1299,\"height\":591,\"caption\":\"Immunostep Biotech\"},\"image\":{\"@id\":\"https:\/\/immunostep.com\/#\/schema\/logo\/image\/\"},\"sameAs\":[\"https:\/\/www.facebook.com\/immunostepsl\/\",\"https:\/\/x.com\/Immunostep\",\"https:\/\/www.linkedin.com\/company\/immunostepsl\/\"]}]}<\/script>\n<!-- \/ Yoast SEO plugin. -->","yoast_head_json":{"title":"Pol\u00edtica de Privacidad | Immunostep Biotech","description":"At Immunostep we have been innovating since 2001 to develop comprehensive products that contribute to improve.","robots":{"index":"noindex","follow":"follow"},"og_locale":"es_ES","og_type":"article","og_title":"Pol\u00edtica de Privacidad | Immunostep Biotech","og_description":"At Immunostep we have been innovating since 2001 to develop comprehensive products that contribute to improve.","og_url":"https:\/\/immunostep.com\/es\/politica-de-privacidad\/","og_site_name":"Immunostep Biotech","article_publisher":"https:\/\/www.facebook.com\/immunostepsl\/","article_modified_time":"2026-03-24T09:26:53+00:00","og_image":[{"width":1299,"height":591,"url":"https:\/\/immunostep.com\/wp-content\/uploads\/2021\/10\/logo-web-color.png","type":"image\/png"}],"twitter_card":"summary_large_image","twitter_site":"@Immunostep","twitter_misc":{"Tiempo de lectura":"5 minutos"},"schema":{"@context":"https:\/\/schema.org","@graph":[{"@type":"WebPage","@id":"https:\/\/immunostep.com\/es\/politica-de-privacidad\/","url":"https:\/\/immunostep.com\/es\/politica-de-privacidad\/","name":"Pol\u00edtica de Privacidad | Immunostep Biotech","isPartOf":{"@id":"https:\/\/immunostep.com\/#website"},"datePublished":"2020-12-08T17:59:05+00:00","dateModified":"2026-03-24T09:26:53+00:00","description":"At Immunostep we have been innovating since 2001 to develop comprehensive products that contribute to improve.","breadcrumb":{"@id":"https:\/\/immunostep.com\/es\/politica-de-privacidad\/#breadcrumb"},"inLanguage":"es","potentialAction":[{"@type":"ReadAction","target":["https:\/\/immunostep.com\/es\/politica-de-privacidad\/"]}]},{"@type":"BreadcrumbList","@id":"https:\/\/immunostep.com\/es\/politica-de-privacidad\/#breadcrumb","itemListElement":[{"@type":"ListItem","position":1,"name":"Home","item":"https:\/\/immunostep.com\/es\/"},{"@type":"ListItem","position":2,"name":"Pol\u00edtica de Privacidad"}]},{"@type":"WebSite","@id":"https:\/\/immunostep.com\/#website","url":"https:\/\/immunostep.com\/","name":"Immunostep Biotech","description":"Innovating to deliver high-performance technology for Research and Diagnosis","publisher":{"@id":"https:\/\/immunostep.com\/#organization"},"potentialAction":[{"@type":"SearchAction","target":{"@type":"EntryPoint","urlTemplate":"https:\/\/immunostep.com\/?s={search_term_string}"},"query-input":{"@type":"PropertyValueSpecification","valueRequired":true,"valueName":"search_term_string"}}],"inLanguage":"es"},{"@type":"Organization","@id":"https:\/\/immunostep.com\/#organization","name":"Immunostep Biotech","url":"https:\/\/immunostep.com\/","logo":{"@type":"ImageObject","inLanguage":"es","@id":"https:\/\/immunostep.com\/#\/schema\/logo\/image\/","url":"https:\/\/immunostep.com\/wp-content\/uploads\/2021\/10\/logo-web-color.png","contentUrl":"https:\/\/immunostep.com\/wp-content\/uploads\/2021\/10\/logo-web-color.png","width":1299,"height":591,"caption":"Immunostep Biotech"},"image":{"@id":"https:\/\/immunostep.com\/#\/schema\/logo\/image\/"},"sameAs":["https:\/\/www.facebook.com\/immunostepsl\/","https:\/\/x.com\/Immunostep","https:\/\/www.linkedin.com\/company\/immunostepsl\/"]}]}},"_links":{"self":[{"href":"https:\/\/immunostep.com\/es\/wp-json\/wp\/v2\/pages\/619"}],"collection":[{"href":"https:\/\/immunostep.com\/es\/wp-json\/wp\/v2\/pages"}],"about":[{"href":"https:\/\/immunostep.com\/es\/wp-json\/wp\/v2\/types\/page"}],"author":[{"embeddable":true,"href":"https:\/\/immunostep.com\/es\/wp-json\/wp\/v2\/users\/3"}],"replies":[{"embeddable":true,"href":"https:\/\/immunostep.com\/es\/wp-json\/wp\/v2\/comments?post=619"}],"version-history":[{"count":2,"href":"https:\/\/immunostep.com\/es\/wp-json\/wp\/v2\/pages\/619\/revisions"}],"predecessor-version":[{"id":39407,"href":"https:\/\/immunostep.com\/es\/wp-json\/wp\/v2\/pages\/619\/revisions\/39407"}],"wp:attachment":[{"href":"https:\/\/immunostep.com\/es\/wp-json\/wp\/v2\/media?parent=619"}],"curies":[{"name":"wp","href":"https:\/\/api.w.org\/{rel}","templated":true}]}}