{"id":598,"date":"2020-12-08T18:55:02","date_gmt":"2020-12-08T17:55:02","guid":{"rendered":"https:\/\/sars-cov-2-test.immunostep.com\/?page_id=598"},"modified":"2024-09-18T10:36:39","modified_gmt":"2024-09-18T08:36:39","slug":"contacto","status":"publish","type":"page","link":"https:\/\/immunostep.com\/es\/immunostep\/contacto\/","title":{"rendered":"Contacto"},"content":{"rendered":"<ul>\n<li>\n<p>        <img decoding=\"async\" src=\"\/wp-content\/uploads\/2023\/03\/contact.png\" alt=\"\"><\/p>\n<h1>CONTACTO<\/h1>\n<\/li>\n<li>\n<h1>CONTENT<\/h1>\n<\/li>\n<\/ul>\n<div>\n<div class=\"mapouter\">\n<div class=\"gmap_canvas\"><iframe width=100% height=100% id=\"gmap_canvas\" src=\"https:\/\/maps.google.com\/maps?q=immunostep&#038;t=&#038;z=7&#038;ie=UTF8&#038;iwloc=&#038;output=embed\" frameborder=\"0\" scrolling=\"no\" marginheight=\"0\" marginwidth=\"0\"><\/iframe><a href=\"https:\/\/embedgooglemap.net\/124\/\"><\/a><\/p>\n<style>.mapouter{position:relative;text-align:right;height:400px;width:100%;}<\/style>\n<p><a href=\"https:\/\/www.embedgooglemap.net\"><\/a><\/p>\n<style>.gmap_canvas {overflow:hidden;background:none!important;height:100%;width:100%;}<\/style>\n<\/div>\n<\/div>\n<\/div>\n<ul>\n<li>\n<p>        <img decoding=\"async\" src=\"\/wp-content\/uploads\/2021\/09\/school-1-0cf889a6.png\" alt=\"\"><\/p>\n<div>\n<p><a href=\"https:\/\/goo.gl\/maps\/jp2rZ2EeZ4SGMphj6\" target=\"_blank\" rel=\"noopener\"><span>Centro Investigaci\u00f3n del C\u00e1ncer (C.I.C) Avda. Universidad de Coimbra, s\/n Campus Miguel de Unamuno 37007 Salamanca<\/span><\/a><\/p>\n<\/div>\n<\/li>\n<li>\n<p>        <img decoding=\"async\" src=\"\/wp-content\/uploads\/2021\/09\/call-b9823074.png\" alt=\"\"><\/p>\n<div>\n<p><span>+34 923 29 48 27<\/span><\/p>\n<\/div>\n<\/li>\n<li>\n<p>        <img decoding=\"async\" src=\"\/wp-content\/uploads\/2021\/09\/message-1fffeabf.png\" alt=\"\"><\/p>\n<div>\n<p><a href=\"mailto:info@immunostep.com\"><span>info@immunostep.com<\/span><\/a><\/p>\n<\/div>\n<\/li>\n<\/ul>\n<hr>\n<h1><strong>Soporte y Reclamaciones<\/strong><\/h1>\n<div>\n<p>Si necesitas contactar con nosotros para recibir <strong>Soporte<\/strong> o realizar una <strong>Reclamaci\u00f3n<\/strong> sobre alguno de nuestros productos, visite la secci\u00f3n <strong>\u00abRECURSOS Y SOPORTE\u00bb<\/strong>, que encontrar\u00e1s dentro de cada l\u00ednea de producto dependiendo de si es para Inmunolog\u00eda o Exosomas.<\/p>\n<p>Tambi\u00e9n puedes hacer clic aqu\u00ed para ir a la secci\u00f3n de <strong>Recursos y Soporte<\/strong> de cada l\u00ednea de producto:<span><\/span><\/p>\n<ul>\n<li><a href=\"https:\/\/immunostep.com\/es\/immunologia\/recursos-immunology\/\" target=\"_blank\" rel=\"noopener\">Inmunolog\u00eda<\/a><\/li>\n<li><a href=\"https:\/\/immunostep.com\/es\/exosomes\/recursos-exosomas\/\" target=\"_blank\" rel=\"noopener\">Exosomas<\/a><\/li>\n<\/ul>\n<\/div>\n<hr>\n<h1><strong>Contacto General<\/strong><\/h1>\n<div>\n<div class='_form_64'><\/div><script type='text\/javascript' src='https:\/\/immunostep91401.activehosted.com\/f\/embed.php?static=0&id=64&69EA9D27B862D&nostyles=0&preview=0'><\/script>\n<\/div>\n<p><!--more--><br \/>\n<!-- {\"type\":\"layout\",\"children\":[{\"type\":\"section\",\"props\":{\"image_position\":\"center-center\",\"style\":\"default\",\"title_breakpoint\":\"xl\",\"title_position\":\"top-left\",\"title_rotation\":\"left\",\"vertical_align\":\"middle\",\"width\":\"default\"},\"children\":[{\"type\":\"row\",\"children\":[{\"type\":\"column\",\"props\":{\"image_position\":\"center-center\",\"media_overlay_gradient\":\"\",\"position_sticky_breakpoint\":\"m\"},\"children\":[{\"type\":\"slideshow\",\"props\":{\"link_style\":\"default\",\"link_text\":\"Read more\",\"margin\":\"default\",\"meta_align\":\"below-title\",\"meta_element\":\"div\",\"meta_style\":\"text-meta\",\"nav\":\"dotnav\",\"nav_align\":\"center\",\"nav_breakpoint\":\"s\",\"nav_position\":\"bottom-center\",\"nav_position_margin\":\"medium\",\"overlay_animation\":\"parallax\",\"overlay_position\":\"center\",\"show_content\":true,\"show_link\":true,\"show_meta\":false,\"show_thumbnail\":false,\"show_title\":true,\"slidenav\":\"default\",\"slidenav_breakpoint\":\"s\",\"slidenav_margin\":\"medium\",\"slidenav_outside_breakpoint\":\"xl\",\"slideshow_autoplay_pause\":true,\"slideshow_max_height\":\"500\",\"slideshow_min_height\":\"200\",\"text_color\":\"light\",\"thumbnav_height\":\"75\",\"thumbnav_svg_color\":\"emphasis\",\"thumbnav_width\":\"100\",\"title_color\":\"emphasis\",\"title_decoration\":\"bullet\",\"title_element\":\"h1\",\"title_font_family\":\"primary\",\"title_margin\":\"medium\",\"title_style\":\"heading-small\"},\"children\":[{\"type\":\"slideshow_item\",\"props\":{\"image\":\"wp-content\\\/uploads\\\/2023\\\/03\\\/contact.png\",\"title\":\"CONTACTO\"}},{\"type\":\"slideshow_item\",\"props\":{\"title\":\"CONTENT\"}}]}]}]}]},{\"type\":\"section\",\"props\":{\"animation\":\"slide-left\",\"id\":\"contactgeneral\",\"image_position\":\"center-center\",\"padding_remove_bottom\":true,\"padding_remove_top\":true,\"style\":\"default\",\"title_breakpoint\":\"xl\",\"title_position\":\"top-left\",\"title_rotation\":\"left\",\"vertical_align\":\"middle\",\"width\":\"default\"},\"children\":[{\"type\":\"row\",\"props\":{\"layout\":\"2-3,1-3\"},\"children\":[{\"type\":\"column\",\"props\":{\"image_position\":\"center-center\",\"media_overlay_gradient\":\"\",\"position_sticky_breakpoint\":\"m\",\"vertical_align\":\"middle\",\"width_medium\":\"2-3\"},\"children\":[{\"type\":\"html\",\"props\":{\"content\":\"\n\n<div class=\\\"mapouter\\\">\n\n<div class=\\\"gmap_canvas\\\"><iframe width=100% height=100% id=\\\"gmap_canvas\\\" src=\\\"https:\\\/\\\/maps.google.com\\\/maps?q=immunostep&t=&z=7&ie=UTF8&iwloc=&output=embed\\\" frameborder=\\\"0\\\" scrolling=\\\"no\\\" marginheight=\\\"0\\\" marginwidth=\\\"0\\\"><\\\/iframe><a href=\\\"https:\\\/\\\/embedgooglemap.net\\\/124\\\/\\\"><\\\/a><br \/>\n\n<style>.mapouter{position:relative;text-align:right;height:400px;width:100%;}<\\\/style><a href=\\\"https:\\\/\\\/www.embedgooglemap.net\\\"><\\\/a>\n\n<style>.gmap_canvas {overflow:hidden;background:none!important;height:100%;width:100%;}<\\\/style><\\\/div><\\\/div>\"}}]},{\"type\":\"column\",\"props\":{\"image_position\":\"center-center\",\"media_overlay_gradient\":\"\",\"position_sticky_breakpoint\":\"m\",\"vertical_align\":\"middle\",\"width_medium\":\"1-3\"},\"children\":[{\"type\":\"list\",\"props\":{\"column_breakpoint\":\"m\",\"image_align\":\"left\",\"image_svg_color\":\"emphasis\",\"image_vertical_align\":true,\"list_element\":\"ul\",\"list_horizontal_separator\":\", \",\"list_style\":\"divider\",\"list_type\":\"vertical\",\"show_image\":true,\"show_link\":true},\"children\":[{\"type\":\"list_item\",\"props\":{\"content\":\"\n\n<p><a href=\\\"https:\\\/\\\/goo.gl\\\/maps\\\/jp2rZ2EeZ4SGMphj6\\\" target=\\\"_blank\\\" rel=\\\"noopener\\\"><span>Centro Investigaci\\u00f3n del C\\u00e1ncer (C.I.C) Avda. Universidad de Coimbra, s\\\/n Campus Miguel de Unamuno 37007 Salamanca<\\\/span><\\\/a><\\\/p>\",\"image\":\"wp-content\\\/uploads\\\/2021\\\/09\\\/school-1-0cf889a6.png\"}},{\"type\":\"list_item\",\"props\":{\"content\":\"\n\n<p><span>+34 923 29 48 27<\\\/span><\\\/p>\",\"image\":\"wp-content\\\/uploads\\\/2021\\\/09\\\/call-b9823074.png\"}},{\"type\":\"list_item\",\"props\":{\"content\":\"\n\n<p><a href=\\\"mailto:info@immunostep.com\\\"><span>info@immunostep.com<\\\/span><\\\/a><\\\/p>\",\"image\":\"wp-content\\\/uploads\\\/2021\\\/09\\\/message-1fffeabf.png\"}}]}]}]},{\"type\":\"row\",\"children\":[{\"type\":\"column\",\"props\":{\"image_position\":\"center-center\",\"media_overlay_gradient\":\"\",\"position_sticky_breakpoint\":\"m\"},\"children\":[{\"type\":\"divider\",\"props\":{\"divider_element\":\"hr\"}}]}]},{\"type\":\"row\",\"children\":[{\"type\":\"column\",\"props\":{\"image_position\":\"center-center\",\"media_overlay_gradient\":\"\",\"position_sticky_breakpoint\":\"m\"},\"children\":[{\"type\":\"headline\",\"props\":{\"block_align\":\"center\",\"content\":\"<strong>Soporte y Reclamaciones<\\\/strong>\",\"id\":\"bloque1\",\"text_align\":\"left\",\"title_decoration\":\"bullet\",\"title_element\":\"h1\",\"title_font_family\":\"secondary\"}},{\"type\":\"text\",\"props\":{\"column_breakpoint\":\"m\",\"content\":\"\n\n<p>Si necesitas contactar con nosotros para recibir <strong>Soporte<\\\/strong> o realizar una <strong>Reclamaci\\u00f3n<\\\/strong> sobre alguno de nuestros productos, visite la secci\\u00f3n <strong>\\\"RECURSOS Y SOPORTE\\\"<\\\/strong>, que encontrar\\u00e1s dentro de cada l\\u00ednea de producto dependiendo de si es para Inmunolog\\u00eda o Exosomas.<\\\/p>\\n\n\n<p>Tambi\\u00e9n puedes hacer clic aqu\\u00ed para ir a la secci\\u00f3n de <strong>Recursos y Soporte<\\\/strong> de cada l\\u00ednea de producto:<span><\\\/span><\\\/p>\\n\n\n<ul>\\n\n\n<li><a href=\\\"https:\\\/\\\/immunostep.com\\\/es\\\/immunologia\\\/recursos-immunology\\\/\\\" target=\\\"_blank\\\" rel=\\\"noopener\\\">Inmunolog\\u00eda<\\\/a><\\\/li>\\n\n\n<li><a href=\\\"https:\\\/\\\/immunostep.com\\\/es\\\/exosomes\\\/recursos-exosomas\\\/\\\" target=\\\"_blank\\\" rel=\\\"noopener\\\">Exosomas<\\\/a><\\\/li>\\n<\\\/ul>\",\"margin\":\"default\",\"margin_remove_bottom\":true}}]}]},{\"type\":\"row\",\"children\":[{\"type\":\"column\",\"props\":{\"image_position\":\"center-center\",\"media_overlay_gradient\":\"\",\"position_sticky_breakpoint\":\"m\"},\"children\":[{\"type\":\"divider\",\"props\":{\"divider_element\":\"hr\"}}]}]}],\"name\":\"contactgeneral+datos\"},{\"type\":\"section\",\"props\":{\"animation\":\"slide-right\",\"id\":\"Claims\",\"image_position\":\"center-center\",\"padding_remove_bottom\":false,\"padding_remove_top\":false,\"style\":\"default\",\"title_breakpoint\":\"xl\",\"title_position\":\"top-left\",\"title_rotation\":\"left\",\"vertical_align\":\"middle\",\"width\":\"default\"},\"children\":[{\"type\":\"row\",\"children\":[{\"type\":\"column\",\"props\":{\"image_position\":\"center-center\",\"media_overlay_gradient\":\"\",\"position_sticky_breakpoint\":\"m\"},\"children\":[{\"type\":\"headline\",\"props\":{\"block_align\":\"center\",\"content\":\"<strong>Contacto General<\\\/strong>\",\"id\":\"bloque1\",\"text_align\":\"left\",\"title_decoration\":\"bullet\",\"title_element\":\"h1\",\"title_font_family\":\"secondary\"}},{\"type\":\"text\",\"props\":{\"column_breakpoint\":\"m\",\"content\":\"\n\n<p>[activecampaign form=64 css=1]<\\\/p>\",\"margin\":\"default\"}}]}]}],\"name\":\"Claims form\"}],\"version\":\"3.0.25\"} --><\/p>\n","protected":false},"excerpt":{"rendered":"<p>CONTACTO CONTENT Centro Investigaci\u00f3n del C\u00e1ncer (C.I.C) Avda. Universidad de Coimbra, s\/n Campus Miguel de Unamuno 37007 Salamanca +34 923 29 48 27 info@immunostep.com Soporte y Reclamaciones Si necesitas contactar con nosotros para recibir Soporte o realizar una Reclamaci\u00f3n sobre alguno de nuestros productos, visite la secci\u00f3n \u00abRECURSOS Y SOPORTE\u00bb, que encontrar\u00e1s dentro de cada [&hellip;]<\/p>\n","protected":false},"author":3,"featured_media":0,"parent":13549,"menu_order":0,"comment_status":"closed","ping_status":"closed","template":"","meta":{"footnotes":"","_links_to":"","_links_to_target":""},"class_list":["post-598","page","type-page","status-publish","hentry"],"yoast_head":"<!-- This site is optimized with the Yoast SEO plugin v23.6 - https:\/\/yoast.com\/wordpress\/plugins\/seo\/ -->\n<title>Immunostep | Contacta con Expertos en Citometr\u00eda de Flujo<\/title>\n<meta name=\"description\" content=\"Ponte en contacto para consultas sobre nuestros productos y servicios de Citometr\u00eda de Flujo. Nuestro equipo de expertos est\u00e1 listo para asistirte con la informaci\u00f3n o el soporte que necesites.\" \/>\n<meta name=\"robots\" content=\"index, follow, max-snippet:-1, max-image-preview:large, max-video-preview:-1\" \/>\n<link rel=\"canonical\" href=\"https:\/\/immunostep.com\/es\/immunostep\/contacto\/\" \/>\n<meta property=\"og:locale\" content=\"es_ES\" \/>\n<meta property=\"og:type\" content=\"article\" \/>\n<meta property=\"og:title\" content=\"Immunostep | Contacta con Expertos en Citometr\u00eda de Flujo\" \/>\n<meta property=\"og:description\" content=\"Ponte en contacto para consultas sobre nuestros productos y servicios de Citometr\u00eda de Flujo. Nuestro equipo de expertos est\u00e1 listo para asistirte con la informaci\u00f3n o el soporte que necesites.\" \/>\n<meta property=\"og:url\" content=\"https:\/\/immunostep.com\/es\/immunostep\/contacto\/\" \/>\n<meta property=\"og:site_name\" content=\"Immunostep Biotech\" \/>\n<meta property=\"article:publisher\" content=\"https:\/\/www.facebook.com\/immunostepsl\/\" \/>\n<meta property=\"article:modified_time\" content=\"2024-09-18T08:36:39+00:00\" \/>\n<meta property=\"og:image\" content=\"https:\/\/immunostep.com\/wp-content\/uploads\/2021\/10\/logo-web-color.png\" \/>\n\t<meta property=\"og:image:width\" content=\"1299\" \/>\n\t<meta property=\"og:image:height\" content=\"591\" \/>\n\t<meta property=\"og:image:type\" content=\"image\/png\" \/>\n<meta name=\"twitter:card\" content=\"summary_large_image\" \/>\n<meta name=\"twitter:site\" content=\"@Immunostep\" \/>\n<meta name=\"twitter:label1\" content=\"Tiempo de lectura\" \/>\n\t<meta name=\"twitter:data1\" content=\"2 minutos\" \/>\n<script type=\"application\/ld+json\" class=\"yoast-schema-graph\">{\"@context\":\"https:\/\/schema.org\",\"@graph\":[{\"@type\":\"WebPage\",\"@id\":\"https:\/\/immunostep.com\/es\/immunostep\/contacto\/\",\"url\":\"https:\/\/immunostep.com\/es\/immunostep\/contacto\/\",\"name\":\"Immunostep | Contacta con Expertos en Citometr\u00eda de Flujo\",\"isPartOf\":{\"@id\":\"https:\/\/immunostep.com\/#website\"},\"datePublished\":\"2020-12-08T17:55:02+00:00\",\"dateModified\":\"2024-09-18T08:36:39+00:00\",\"description\":\"Ponte en contacto para consultas sobre nuestros productos y servicios de Citometr\u00eda de Flujo. Nuestro equipo de expertos est\u00e1 listo para asistirte con la informaci\u00f3n o el soporte que necesites.\",\"breadcrumb\":{\"@id\":\"https:\/\/immunostep.com\/es\/immunostep\/contacto\/#breadcrumb\"},\"inLanguage\":\"es\",\"potentialAction\":[{\"@type\":\"ReadAction\",\"target\":[\"https:\/\/immunostep.com\/es\/immunostep\/contacto\/\"]}]},{\"@type\":\"BreadcrumbList\",\"@id\":\"https:\/\/immunostep.com\/es\/immunostep\/contacto\/#breadcrumb\",\"itemListElement\":[{\"@type\":\"ListItem\",\"position\":1,\"name\":\"Home\",\"item\":\"https:\/\/immunostep.com\/es\/\"},{\"@type\":\"ListItem\",\"position\":2,\"name\":\"Home immunostep\",\"item\":\"https:\/\/immunostep.com\/es\/\"},{\"@type\":\"ListItem\",\"position\":3,\"name\":\"Contacto\"}]},{\"@type\":\"WebSite\",\"@id\":\"https:\/\/immunostep.com\/#website\",\"url\":\"https:\/\/immunostep.com\/\",\"name\":\"Immunostep Biotech\",\"description\":\"Innovating to deliver high-performance technology for Research and Diagnosis\",\"publisher\":{\"@id\":\"https:\/\/immunostep.com\/#organization\"},\"potentialAction\":[{\"@type\":\"SearchAction\",\"target\":{\"@type\":\"EntryPoint\",\"urlTemplate\":\"https:\/\/immunostep.com\/?s={search_term_string}\"},\"query-input\":{\"@type\":\"PropertyValueSpecification\",\"valueRequired\":true,\"valueName\":\"search_term_string\"}}],\"inLanguage\":\"es\"},{\"@type\":\"Organization\",\"@id\":\"https:\/\/immunostep.com\/#organization\",\"name\":\"Immunostep Biotech\",\"url\":\"https:\/\/immunostep.com\/\",\"logo\":{\"@type\":\"ImageObject\",\"inLanguage\":\"es\",\"@id\":\"https:\/\/immunostep.com\/#\/schema\/logo\/image\/\",\"url\":\"https:\/\/immunostep.com\/wp-content\/uploads\/2021\/10\/logo-web-color.png\",\"contentUrl\":\"https:\/\/immunostep.com\/wp-content\/uploads\/2021\/10\/logo-web-color.png\",\"width\":1299,\"height\":591,\"caption\":\"Immunostep Biotech\"},\"image\":{\"@id\":\"https:\/\/immunostep.com\/#\/schema\/logo\/image\/\"},\"sameAs\":[\"https:\/\/www.facebook.com\/immunostepsl\/\",\"https:\/\/x.com\/Immunostep\",\"https:\/\/www.linkedin.com\/company\/immunostepsl\/\"]}]}<\/script>\n<!-- \/ Yoast SEO plugin. -->","yoast_head_json":{"title":"Immunostep | Contacta con Expertos en Citometr\u00eda de Flujo","description":"Ponte en contacto para consultas sobre nuestros productos y servicios de Citometr\u00eda de Flujo. Nuestro equipo de expertos est\u00e1 listo para asistirte con la informaci\u00f3n o el soporte que necesites.","robots":{"index":"index","follow":"follow","max-snippet":"max-snippet:-1","max-image-preview":"max-image-preview:large","max-video-preview":"max-video-preview:-1"},"canonical":"https:\/\/immunostep.com\/es\/immunostep\/contacto\/","og_locale":"es_ES","og_type":"article","og_title":"Immunostep | Contacta con Expertos en Citometr\u00eda de Flujo","og_description":"Ponte en contacto para consultas sobre nuestros productos y servicios de Citometr\u00eda de Flujo. Nuestro equipo de expertos est\u00e1 listo para asistirte con la informaci\u00f3n o el soporte que necesites.","og_url":"https:\/\/immunostep.com\/es\/immunostep\/contacto\/","og_site_name":"Immunostep Biotech","article_publisher":"https:\/\/www.facebook.com\/immunostepsl\/","article_modified_time":"2024-09-18T08:36:39+00:00","og_image":[{"width":1299,"height":591,"url":"https:\/\/immunostep.com\/wp-content\/uploads\/2021\/10\/logo-web-color.png","type":"image\/png"}],"twitter_card":"summary_large_image","twitter_site":"@Immunostep","twitter_misc":{"Tiempo de lectura":"2 minutos"},"schema":{"@context":"https:\/\/schema.org","@graph":[{"@type":"WebPage","@id":"https:\/\/immunostep.com\/es\/immunostep\/contacto\/","url":"https:\/\/immunostep.com\/es\/immunostep\/contacto\/","name":"Immunostep | Contacta con Expertos en Citometr\u00eda de Flujo","isPartOf":{"@id":"https:\/\/immunostep.com\/#website"},"datePublished":"2020-12-08T17:55:02+00:00","dateModified":"2024-09-18T08:36:39+00:00","description":"Ponte en contacto para consultas sobre nuestros productos y servicios de Citometr\u00eda de Flujo. Nuestro equipo de expertos est\u00e1 listo para asistirte con la informaci\u00f3n o el soporte que necesites.","breadcrumb":{"@id":"https:\/\/immunostep.com\/es\/immunostep\/contacto\/#breadcrumb"},"inLanguage":"es","potentialAction":[{"@type":"ReadAction","target":["https:\/\/immunostep.com\/es\/immunostep\/contacto\/"]}]},{"@type":"BreadcrumbList","@id":"https:\/\/immunostep.com\/es\/immunostep\/contacto\/#breadcrumb","itemListElement":[{"@type":"ListItem","position":1,"name":"Home","item":"https:\/\/immunostep.com\/es\/"},{"@type":"ListItem","position":2,"name":"Home immunostep","item":"https:\/\/immunostep.com\/es\/"},{"@type":"ListItem","position":3,"name":"Contacto"}]},{"@type":"WebSite","@id":"https:\/\/immunostep.com\/#website","url":"https:\/\/immunostep.com\/","name":"Immunostep Biotech","description":"Innovating to deliver high-performance technology for Research and Diagnosis","publisher":{"@id":"https:\/\/immunostep.com\/#organization"},"potentialAction":[{"@type":"SearchAction","target":{"@type":"EntryPoint","urlTemplate":"https:\/\/immunostep.com\/?s={search_term_string}"},"query-input":{"@type":"PropertyValueSpecification","valueRequired":true,"valueName":"search_term_string"}}],"inLanguage":"es"},{"@type":"Organization","@id":"https:\/\/immunostep.com\/#organization","name":"Immunostep Biotech","url":"https:\/\/immunostep.com\/","logo":{"@type":"ImageObject","inLanguage":"es","@id":"https:\/\/immunostep.com\/#\/schema\/logo\/image\/","url":"https:\/\/immunostep.com\/wp-content\/uploads\/2021\/10\/logo-web-color.png","contentUrl":"https:\/\/immunostep.com\/wp-content\/uploads\/2021\/10\/logo-web-color.png","width":1299,"height":591,"caption":"Immunostep Biotech"},"image":{"@id":"https:\/\/immunostep.com\/#\/schema\/logo\/image\/"},"sameAs":["https:\/\/www.facebook.com\/immunostepsl\/","https:\/\/x.com\/Immunostep","https:\/\/www.linkedin.com\/company\/immunostepsl\/"]}]}},"_links":{"self":[{"href":"https:\/\/immunostep.com\/es\/wp-json\/wp\/v2\/pages\/598"}],"collection":[{"href":"https:\/\/immunostep.com\/es\/wp-json\/wp\/v2\/pages"}],"about":[{"href":"https:\/\/immunostep.com\/es\/wp-json\/wp\/v2\/types\/page"}],"author":[{"embeddable":true,"href":"https:\/\/immunostep.com\/es\/wp-json\/wp\/v2\/users\/3"}],"replies":[{"embeddable":true,"href":"https:\/\/immunostep.com\/es\/wp-json\/wp\/v2\/comments?post=598"}],"version-history":[{"count":2,"href":"https:\/\/immunostep.com\/es\/wp-json\/wp\/v2\/pages\/598\/revisions"}],"predecessor-version":[{"id":26628,"href":"https:\/\/immunostep.com\/es\/wp-json\/wp\/v2\/pages\/598\/revisions\/26628"}],"up":[{"embeddable":true,"href":"https:\/\/immunostep.com\/es\/wp-json\/wp\/v2\/pages\/13549"}],"wp:attachment":[{"href":"https:\/\/immunostep.com\/es\/wp-json\/wp\/v2\/media?parent=598"}],"curies":[{"name":"wp","href":"https:\/\/api.w.org\/{rel}","templated":true}]}}