{"id":5521,"date":"2021-10-20T14:25:22","date_gmt":"2021-10-20T13:25:22","guid":{"rendered":"https:\/\/dev35.especialistasweb.es\/resources-news\/"},"modified":"2024-09-18T10:57:31","modified_gmt":"2024-09-18T08:57:31","slug":"news","status":"publish","type":"page","link":"https:\/\/immunostep.com\/es\/news\/","title":{"rendered":"Noticias"},"content":{"rendered":"<ul>\n<li>\n<p>        <img decoding=\"async\" src=\"\/wp-content\/uploads\/2022\/02\/in-21-02-22.jpg\" alt=\"\"><\/p>\n<h6>Noticias Immunostep<\/h6>\n<div>\n<h5><strong>Proyecto IDIAL-Net<\/strong><\/h5>\n<p><span>El equipo de\u00a0<\/span>CARTIF<span>\u00a0y de Immunostep continuamos trabajando\u00a0 en nuevas pruebas de la plataforma rob\u00f3tica autom\u00e1tica que se est\u00e1 desarrollando en contribuci\u00f3n al proyecto\u00a0<\/span>IDIAL &#8211; NET<span>\u00a0para la innovaci\u00f3n en la investigaci\u00f3n y diagn\u00f3stico del c\u00e1ncer.<\/span><\/p>\n<\/div>\n<p><a href=\"http:\/\/idialnet.usal.es\/immunostep-es\/\">Descubrir m\u00e1s<\/a><\/p>\n<\/li>\n<li>\n<p>        <img decoding=\"async\" src=\"\/wp-content\/uploads\/2021\/10\/latinflow-scaled.jpg\" alt=\"\"><\/p>\n<h6>Webinars y Eventos<\/h6>\n<div>\n<h5><strong>Charla Online | Latinflow 2021\u00a0<\/strong><\/h5>\n<p>Vuelve a ver nuestra charla el evento anual de citometr\u00eda de flujo sobre la diferenciaci\u00f3n de la respuesta inmune en pacientes de COVID-19 y la poblaci\u00f3n vacunada gracias a la\u00a0 citometr\u00eda de flujo.\u00a0<\/p>\n<\/div>\n<p><a href=\"https:\/\/www.youtube.com\/watch?v=VKd87WQ138k&#038;t=4790s\">Reproducir<\/a><\/p>\n<\/li>\n<li>\n<p>        <img decoding=\"async\" src=\"\/wp-content\/uploads\/2021\/10\/webinars-cartel-eng-ok-6de74b48.png\" alt=\"\"><\/p>\n<h6>Webinars y Eventos<\/h6>\n<div>\n<h5><strong>Webinar | Serolog\u00eda SARS-CoV-2 por Citometr\u00eda de Flujo.<\/strong><\/h5>\n<p><span>Descubre el funcionamiento de este ensayo por citometr\u00eda de flujo y c\u00f3mo de forma sencilla se detectan 3 inmunoglobulinas para 4 prote\u00ednas virales&#8230;<\/span><\/p>\n<\/div>\n<p><a href=\"https:\/\/sars-cov-2-test.immunostep.com\/2021\/05\/21\/webinar-serology-sarscov2-flow-cytometry\/\">Ver Webinar<\/a><\/p>\n<\/li>\n<li>\n<p>        <img decoding=\"async\" src=\"\/wp-content\/uploads\/2021\/10\/tw-141021.jpg\" alt=\"\"><\/p>\n<h6>Webinars y Eventos<\/h6>\n<div>\n<h5>Pr\u00f3ximo Webinar | UN ENSAYO BASADO EN LA INMUNOCAPTURA PARA LA DETECCI\u00d3N DE VES\u00cdCULAS EXTRACELULARES POR CITOMETR\u00cdA DE FLUJO<\/h5>\n<p>Reg\u00edstrese en nuestro bolet\u00edn para estar al d\u00eda de todos nuestros pr\u00f3ximos seminarios web sobre exosomas y citometr\u00eda de flujo.<\/p>\n<\/div>\n<p><a href=\"https:\/\/exosomes.immunostep.com\/blog\/#newsletter\">Reg\u00edstrate <\/a><\/p>\n<\/li>\n<li>\n<p>        <img decoding=\"async\" src=\"\/wp-content\/uploads\/2021\/10\/Immunostep-Innovadores-2-c3bd640f.png\" alt=\"\"><\/p>\n<h6>Nota de Prensa<\/h6>\n<div>\n<h5><strong>Nota de Prensa | Lanzamos nuevo test serol\u00f3gico Covid-19 por citometr\u00eda de flujo<br \/><\/strong><\/h5>\n<p><span>Immunostep dise\u00f1a junto al CSIC un test serol\u00f3gico que diferencia a las personas vacunadas de las que han padecido la covid-19. El nuevo test de anticuerpos detecta, con una sola muestra de sangre&#8230;<\/span><\/p>\n<\/div>\n<p><a href=\"https:\/\/sars-cov-2-test.immunostep.com\/2021\/05\/12\/new-serological-flow-cytometry-multiplex-assay\/\">Leer m\u00e1s<\/a><\/p>\n<\/li>\n<li>\n<p>        <img decoding=\"async\" src=\"\/wp-content\/uploads\/2021\/10\/Test-Serologico-CSIC-Immunostep-09b88e2e.jpeg\" alt=\"\"><\/p>\n<h6>Nota de Prensa<\/h6>\n<div>\n<h5>Nota de Prensa| Llega al mercado el test de anticuerpos de Covid-19 con una fiabilidad de casi el 100%<\/h5>\n<p>Immunostep y el Consejo Superior de Investigaciones Cient\u00edficas (CSIC) han anunciado el lanzamiento de una nueva prueba serol\u00f3gica con casi un 100% de precisi\u00f3n&#8230;<\/p>\n<\/div>\n<p><a href=\"https:\/\/sars-cov-2-test.immunostep.com\/2020\/12\/21\/immunostep-and-the-spanish-national-research-council-csic-announced-the-launch-of-a-new-serological-test-with-nearly-100-of-accuracy\/\">Leer m\u00e1s<\/a><\/p>\n<\/li>\n<\/ul>\n<h2><strong>Contacta con nosotros<br \/><\/strong><\/h2>\n<div>\n<p style=\"text-align: left;\">Para cualquier informaci\u00f3n que necesite, utilice el siguiente formulario y nos pondremos en contacto con usted en breve.<\/p>\n<\/div>\n<div>\n<div class='_form_64'><\/div><script type='text\/javascript' src='https:\/\/immunostep91401.activehosted.com\/f\/embed.php?static=0&id=64&69FF03C458332&nostyles=0&preview=0'><\/script>\n<\/div>\n<ul>\n<li>\n<p>        <img decoding=\"async\" src=\"\/wp-content\/uploads\/2021\/09\/school-1-0cf889a6.png\" alt=\"\"><\/p>\n<div>\n<p><a href=\"https:\/\/goo.gl\/maps\/jp2rZ2EeZ4SGMphj6\" target=\"_blank\" rel=\"noopener\"><span>Centro Investigaci\u00f3n del C\u00e1ncer (C.I.C) Avda. Universidad de Coimbra, s\/n Campus Miguel de Unamuno 37007 Salamanca<\/span><\/a><\/p>\n<\/div>\n<\/li>\n<li>\n<p>        <img decoding=\"async\" src=\"\/wp-content\/uploads\/2021\/09\/call-b9823074.png\" alt=\"\"><\/p>\n<div>\n<p><span>+34 923 29 48 27<\/span><\/p>\n<\/div>\n<\/li>\n<li>\n<p>        <img decoding=\"async\" src=\"\/wp-content\/uploads\/2021\/09\/message-1fffeabf.png\" alt=\"\"><\/p>\n<div>\n<p><a href=\"mailto:info@immunostep.com\"><span>info@immunostep.com<\/span><\/a><\/p>\n<\/div>\n<\/li>\n<\/ul>\n<p><!--more--><br \/>\n<!-- {\"name\":\"CUSTOME SERV-2\",\"type\":\"layout\",\"children\":[{\"type\":\"section\",\"props\":{\"animation\":\"slide-left\",\"image_position\":\"center-center\",\"style\":\"muted\",\"title_breakpoint\":\"xl\",\"title_position\":\"top-left\",\"title_rotation\":\"left\",\"vertical_align\":\"middle\",\"width\":\"default\"},\"children\":[{\"type\":\"row\",\"children\":[{\"type\":\"column\",\"props\":{\"image_position\":\"center-center\",\"media_overlay_gradient\":\"\",\"position_sticky_breakpoint\":\"m\"},\"children\":[{\"type\":\"panel-slider\",\"props\":{\"animation\":\"slide-left\",\"content_align\":true,\"content_column_breakpoint\":\"m\",\"icon_width\":80,\"image_align\":\"left\",\"image_grid_breakpoint\":\"s\",\"image_grid_width\":\"1-3\",\"image_link\":false,\"image_svg_color\":\"emphasis\",\"image_vertical_align\":true,\"image_width\":\"700\",\"link_style\":\"secondary\",\"link_target\":true,\"link_text\":\"Read more\",\"margin\":\"default\",\"margin_remove_top\":false,\"meta_align\":\"below-title\",\"meta_element\":\"div\",\"meta_style\":\"text-meta\",\"nav\":\"dotnav\",\"nav_align\":\"center\",\"nav_breakpoint\":\"\",\"panel_card_match\":true,\"panel_link\":false,\"show_content\":true,\"show_image\":true,\"show_link\":true,\"show_meta\":false,\"show_title\":true,\"slidenav\":\"outside\",\"slidenav_breakpoint\":\"xl\",\"slidenav_color\":\"dark\",\"slidenav_hover\":false,\"slidenav_large\":true,\"slidenav_margin\":\"medium\",\"slidenav_outside_breakpoint\":\"xl\",\"slidenav_outside_color\":\"dark\",\"slider_autoplay\":true,\"slider_autoplay_interval\":\"5\",\"slider_autoplay_pause\":false,\"slider_center\":true,\"slider_gap\":\"\",\"slider_sets\":true,\"slider_velocity\":\"3\",\"slider_width\":\"\",\"slider_width_default\":\"1-1\",\"slider_width_medium\":\"1-3\",\"title_align\":\"top\",\"title_element\":\"h6\",\"title_grid_breakpoint\":\"m\",\"title_grid_width\":\"1-2\",\"title_hover_style\":\"reset\"},\"children\":[{\"type\":\"panel-slider_item\",\"props\":{\"content\":\"\n\n<h5><strong>Proyecto IDIAL-Net<\\\/strong><\\\/h5>\\n\n\n<p><span>El equipo de\\u00a0<\\\/span>CARTIF<span>\\u00a0y de Immunostep continuamos trabajando\\u00a0 en nuevas pruebas de la plataforma rob\\u00f3tica autom\\u00e1tica que se est\\u00e1 desarrollando en contribuci\\u00f3n al proyecto\\u00a0<\\\/span>IDIAL - NET<span>\\u00a0para la innovaci\\u00f3n en la investigaci\\u00f3n y diagn\\u00f3stico del c\\u00e1ncer.<\\\/span><\\\/p>\",\"image\":\"wp-content\\\/uploads\\\/2022\\\/02\\\/in-21-02-22.jpg\",\"link\":\"http:\\\/\\\/idialnet.usal.es\\\/immunostep-es\\\/\",\"link_text\":\"Descubrir m\\u00e1s\",\"title\":\"Noticias Immunostep\"}},{\"type\":\"panel-slider_item\",\"props\":{\"content\":\"\n\n<h5><strong>Charla Online | Latinflow 2021\\u00a0<\\\/strong><\\\/h5>\\n\n\n<p>Vuelve a ver nuestra charla el evento anual de citometr\\u00eda de flujo sobre la diferenciaci\\u00f3n de la respuesta inmune en pacientes de COVID-19 y la poblaci\\u00f3n vacunada gracias a la\\u00a0 citometr\\u00eda de flujo.\\u00a0<\\\/p>\",\"image\":\"wp-content\\\/uploads\\\/2021\\\/10\\\/latinflow-scaled.jpg\",\"link\":\"https:\\\/\\\/www.youtube.com\\\/watch?v=VKd87WQ138k&t=4790s\",\"link_text\":\"Reproducir\",\"title\":\"Webinars y Eventos\"}},{\"type\":\"panel-slider_item\",\"props\":{\"content\":\"\n\n<h5><strong>Webinar | Serolog\\u00eda SARS-CoV-2 por Citometr\\u00eda de Flujo.<\\\/strong><\\\/h5>\\n\n\n<p><span>Descubre el funcionamiento de este ensayo por citometr\\u00eda de flujo y c\\u00f3mo de forma sencilla se detectan 3 inmunoglobulinas para 4 prote\\u00ednas virales...<\\\/span><\\\/p>\",\"image\":\"wp-content\\\/uploads\\\/2021\\\/10\\\/webinars-cartel-eng-ok-6de74b48.png\",\"link\":\"https:\\\/\\\/sars-cov-2-test.immunostep.com\\\/2021\\\/05\\\/21\\\/webinar-serology-sarscov2-flow-cytometry\\\/\",\"link_text\":\"Ver Webinar\",\"title\":\"Webinars y Eventos\"}},{\"type\":\"panel-slider_item\",\"props\":{\"content\":\"\n\n<h5>Pr\\u00f3ximo Webinar | UN ENSAYO BASADO EN LA INMUNOCAPTURA PARA LA DETECCI\\u00d3N DE VES\\u00cdCULAS EXTRACELULARES POR CITOMETR\\u00cdA DE FLUJO<\\\/h5>\\n\n\n<p>Reg\\u00edstrese en nuestro bolet\\u00edn para estar al d\\u00eda de todos nuestros pr\\u00f3ximos seminarios web sobre exosomas y citometr\\u00eda de flujo.<\\\/p>\",\"image\":\"wp-content\\\/uploads\\\/2021\\\/10\\\/tw-141021.jpg\",\"link\":\"https:\\\/\\\/exosomes.immunostep.com\\\/blog\\\/#newsletter\",\"link_text\":\"Reg\\u00edstrate \",\"title\":\"Webinars y Eventos\"}},{\"type\":\"panel-slider_item\",\"props\":{\"content\":\"\n\n<h5><strong>Nota de Prensa | Lanzamos nuevo test serol\\u00f3gico Covid-19 por citometr\\u00eda de flujo<br \\\/><\\\/strong><\\\/h5>\\n\n\n<p><span>Immunostep dise\\u00f1a junto al CSIC un test serol\\u00f3gico que diferencia a las personas vacunadas de las que han padecido la covid-19. El nuevo test de anticuerpos detecta, con una sola muestra de sangre...<\\\/span><\\\/p>\",\"image\":\"wp-content\\\/uploads\\\/2021\\\/10\\\/Immunostep-Innovadores-2-c3bd640f.png\",\"link\":\"https:\\\/\\\/sars-cov-2-test.immunostep.com\\\/2021\\\/05\\\/12\\\/new-serological-flow-cytometry-multiplex-assay\\\/\",\"link_text\":\"Leer m\\u00e1s\",\"title\":\"Nota de Prensa\"}},{\"type\":\"panel-slider_item\",\"props\":{\"content\":\"\n\n<h5>Nota de Prensa| Llega al mercado el test de anticuerpos de Covid-19 con una fiabilidad de casi el 100%<\\\/h5>\\n\n\n<p>Immunostep y el Consejo Superior de Investigaciones Cient\\u00edficas (CSIC) han anunciado el lanzamiento de una nueva prueba serol\\u00f3gica con casi un 100% de precisi\\u00f3n...<\\\/p>\",\"image\":\"wp-content\\\/uploads\\\/2021\\\/10\\\/Test-Serologico-CSIC-Immunostep-09b88e2e.jpeg\",\"link\":\"https:\\\/\\\/sars-cov-2-test.immunostep.com\\\/2020\\\/12\\\/21\\\/immunostep-and-the-spanish-national-research-council-csic-announced-the-launch-of-a-new-serological-test-with-nearly-100-of-accuracy\\\/\",\"link_text\":\"Leer m\\u00e1s\",\"title\":\"Nota de Prensa\"}}],\"modified\":\"2021-10-18T13:07:08.378Z\",\"name\":\"Panel Slider-Home\"}]}]}]},{\"type\":\"section\",\"props\":{\"animation\":\"slide-left\",\"id\":\"contactgeneral\",\"image_position\":\"center-center\",\"padding_remove_bottom\":false,\"padding_remove_top\":false,\"style\":\"default\",\"title_breakpoint\":\"xl\",\"title_position\":\"top-left\",\"title_rotation\":\"left\",\"vertical_align\":\"middle\",\"width\":\"default\"},\"children\":[{\"type\":\"row\",\"props\":{\"layout\":\"2-3,1-3\"},\"children\":[{\"type\":\"column\",\"props\":{\"image_position\":\"center-center\",\"media_overlay_gradient\":\"\",\"position_sticky_breakpoint\":\"m\",\"vertical_align\":\"middle\",\"width_medium\":\"2-3\"},\"children\":[{\"type\":\"headline\",\"props\":{\"animation\":\"slide-left\",\"block_align\":\"center\",\"content\":\"<strong>Contacta con nosotros<br \\\/><\\\/strong>\",\"id\":\"bloque1\",\"maxwidth\":\"2xlarge\",\"text_align\":\"left\",\"title_decoration\":\"bullet\",\"title_element\":\"h2\",\"title_font_family\":\"secondary\"}},{\"type\":\"text\",\"props\":{\"animation\":\"slide-right\",\"column_breakpoint\":\"m\",\"content\":\"\n\n<p style=\\\"text-align: left;\\\">Para cualquier informaci\\u00f3n que necesite, utilice el siguiente formulario y nos pondremos en contacto con usted en breve.<\\\/p>\",\"dropcap\":false,\"margin\":\"default\",\"maxwidth\":\"2xlarge\",\"text_align\":\"center\"}},{\"type\":\"text\",\"props\":{\"animation\":\"slide-right\",\"column_breakpoint\":\"m\",\"content\":\"\n\n<p>[activecampaign form=64 css=1]<\\\/p>\",\"margin\":\"default\"}}]},{\"type\":\"column\",\"props\":{\"image_position\":\"center-center\",\"media_overlay_gradient\":\"\",\"position_sticky_breakpoint\":\"m\",\"vertical_align\":\"middle\",\"width_medium\":\"1-3\"},\"children\":[{\"type\":\"list\",\"props\":{\"column_breakpoint\":\"m\",\"image_align\":\"left\",\"image_svg_color\":\"emphasis\",\"image_vertical_align\":true,\"list_element\":\"ul\",\"list_horizontal_separator\":\", \",\"list_style\":\"divider\",\"list_type\":\"vertical\",\"show_image\":true,\"show_link\":true},\"children\":[{\"type\":\"list_item\",\"props\":{\"content\":\"\n\n<p><a href=\\\"https:\\\/\\\/goo.gl\\\/maps\\\/jp2rZ2EeZ4SGMphj6\\\" target=\\\"_blank\\\" rel=\\\"noopener\\\"><span>Centro Investigaci\\u00f3n del C\\u00e1ncer (C.I.C) Avda. Universidad de Coimbra, s\\\/n Campus Miguel de Unamuno 37007 Salamanca<\\\/span><\\\/a><\\\/p>\",\"image\":\"wp-content\\\/uploads\\\/2021\\\/09\\\/school-1-0cf889a6.png\"}},{\"type\":\"list_item\",\"props\":{\"content\":\"\n\n<p><span>+34 923 29 48 27<\\\/span><\\\/p>\",\"image\":\"wp-content\\\/uploads\\\/2021\\\/09\\\/call-b9823074.png\"}},{\"type\":\"list_item\",\"props\":{\"content\":\"\n\n<p><a href=\\\"mailto:info@immunostep.com\\\"><span>info@immunostep.com<\\\/span><\\\/a><\\\/p>\",\"image\":\"wp-content\\\/uploads\\\/2021\\\/09\\\/message-1fffeabf.png\"}}]}]}]}],\"name\":\"contactgeneral+datos\"}],\"version\":\"3.0.25\"} --><\/p>\n","protected":false},"excerpt":{"rendered":"<p>Noticias Immunostep Proyecto IDIAL-Net El equipo de\u00a0CARTIF\u00a0y de Immunostep continuamos trabajando\u00a0 en nuevas pruebas de la plataforma rob\u00f3tica autom\u00e1tica que se est\u00e1 desarrollando en contribuci\u00f3n al proyecto\u00a0IDIAL &#8211; NET\u00a0para la innovaci\u00f3n en la investigaci\u00f3n y diagn\u00f3stico del c\u00e1ncer. Descubrir m\u00e1s Webinars y Eventos Charla Online | Latinflow 2021\u00a0 Vuelve a ver nuestra charla el evento [&hellip;]<\/p>\n","protected":false},"author":3,"featured_media":0,"parent":0,"menu_order":0,"comment_status":"closed","ping_status":"closed","template":"","meta":{"footnotes":"","_links_to":"","_links_to_target":""},"class_list":["post-5521","page","type-page","status-publish","hentry"],"yoast_head":"<!-- This site is optimized with the Yoast SEO plugin v23.6 - https:\/\/yoast.com\/wordpress\/plugins\/seo\/ -->\n<title>\u00daltimas Noticias y Avances en Citometr\u00eda de Flujo | Immunostep<\/title>\n<meta name=\"description\" content=\"Mantente informado sobre las \u00faltimas noticias, avances en investigaci\u00f3n e innovaciones en Citometr\u00eda de Flujo y soluciones diagn\u00f3sticas de Immunostep. Descubre c\u00f3mo estamos avanzando en el campo.\" \/>\n<meta name=\"robots\" content=\"index, follow, max-snippet:-1, max-image-preview:large, max-video-preview:-1\" \/>\n<link rel=\"canonical\" href=\"https:\/\/immunostep.com\/es\/news\/\" \/>\n<meta property=\"og:locale\" content=\"es_ES\" \/>\n<meta property=\"og:type\" content=\"article\" \/>\n<meta property=\"og:title\" content=\"\u00daltimas Noticias y Avances en Citometr\u00eda de Flujo | Immunostep\" \/>\n<meta property=\"og:description\" content=\"Mantente informado sobre las \u00faltimas noticias, avances en investigaci\u00f3n e innovaciones en Citometr\u00eda de Flujo y soluciones diagn\u00f3sticas de Immunostep. Descubre c\u00f3mo estamos avanzando en el campo.\" \/>\n<meta property=\"og:url\" content=\"https:\/\/immunostep.com\/es\/news\/\" \/>\n<meta property=\"og:site_name\" content=\"Immunostep Biotech\" \/>\n<meta property=\"article:publisher\" content=\"https:\/\/www.facebook.com\/immunostepsl\/\" \/>\n<meta property=\"article:modified_time\" content=\"2024-09-18T08:57:31+00:00\" \/>\n<meta property=\"og:image\" content=\"https:\/\/immunostep.com\/wp-content\/uploads\/2021\/10\/logo-web-color.png\" \/>\n\t<meta property=\"og:image:width\" content=\"1299\" \/>\n\t<meta property=\"og:image:height\" content=\"591\" \/>\n\t<meta property=\"og:image:type\" content=\"image\/png\" \/>\n<meta name=\"twitter:card\" content=\"summary_large_image\" \/>\n<meta name=\"twitter:site\" content=\"@Immunostep\" \/>\n<meta name=\"twitter:label1\" content=\"Tiempo de lectura\" \/>\n\t<meta name=\"twitter:data1\" content=\"4 minutos\" \/>\n<script type=\"application\/ld+json\" class=\"yoast-schema-graph\">{\"@context\":\"https:\/\/schema.org\",\"@graph\":[{\"@type\":\"WebPage\",\"@id\":\"https:\/\/immunostep.com\/es\/news\/\",\"url\":\"https:\/\/immunostep.com\/es\/news\/\",\"name\":\"\u00daltimas Noticias y Avances en Citometr\u00eda de Flujo | Immunostep\",\"isPartOf\":{\"@id\":\"https:\/\/immunostep.com\/#website\"},\"datePublished\":\"2021-10-20T13:25:22+00:00\",\"dateModified\":\"2024-09-18T08:57:31+00:00\",\"description\":\"Mantente informado sobre las \u00faltimas noticias, avances en investigaci\u00f3n e innovaciones en Citometr\u00eda de Flujo y soluciones diagn\u00f3sticas de Immunostep. Descubre c\u00f3mo estamos avanzando en el campo.\",\"breadcrumb\":{\"@id\":\"https:\/\/immunostep.com\/es\/news\/#breadcrumb\"},\"inLanguage\":\"es\",\"potentialAction\":[{\"@type\":\"ReadAction\",\"target\":[\"https:\/\/immunostep.com\/es\/news\/\"]}]},{\"@type\":\"BreadcrumbList\",\"@id\":\"https:\/\/immunostep.com\/es\/news\/#breadcrumb\",\"itemListElement\":[{\"@type\":\"ListItem\",\"position\":1,\"name\":\"Home\",\"item\":\"https:\/\/immunostep.com\/es\/\"},{\"@type\":\"ListItem\",\"position\":2,\"name\":\"Noticias\"}]},{\"@type\":\"WebSite\",\"@id\":\"https:\/\/immunostep.com\/#website\",\"url\":\"https:\/\/immunostep.com\/\",\"name\":\"Immunostep Biotech\",\"description\":\"Innovating to deliver high-performance technology for Research and Diagnosis\",\"publisher\":{\"@id\":\"https:\/\/immunostep.com\/#organization\"},\"potentialAction\":[{\"@type\":\"SearchAction\",\"target\":{\"@type\":\"EntryPoint\",\"urlTemplate\":\"https:\/\/immunostep.com\/?s={search_term_string}\"},\"query-input\":{\"@type\":\"PropertyValueSpecification\",\"valueRequired\":true,\"valueName\":\"search_term_string\"}}],\"inLanguage\":\"es\"},{\"@type\":\"Organization\",\"@id\":\"https:\/\/immunostep.com\/#organization\",\"name\":\"Immunostep Biotech\",\"url\":\"https:\/\/immunostep.com\/\",\"logo\":{\"@type\":\"ImageObject\",\"inLanguage\":\"es\",\"@id\":\"https:\/\/immunostep.com\/#\/schema\/logo\/image\/\",\"url\":\"https:\/\/immunostep.com\/wp-content\/uploads\/2021\/10\/logo-web-color.png\",\"contentUrl\":\"https:\/\/immunostep.com\/wp-content\/uploads\/2021\/10\/logo-web-color.png\",\"width\":1299,\"height\":591,\"caption\":\"Immunostep Biotech\"},\"image\":{\"@id\":\"https:\/\/immunostep.com\/#\/schema\/logo\/image\/\"},\"sameAs\":[\"https:\/\/www.facebook.com\/immunostepsl\/\",\"https:\/\/x.com\/Immunostep\",\"https:\/\/www.linkedin.com\/company\/immunostepsl\/\"]}]}<\/script>\n<!-- \/ Yoast SEO plugin. -->","yoast_head_json":{"title":"\u00daltimas Noticias y Avances en Citometr\u00eda de Flujo | Immunostep","description":"Mantente informado sobre las \u00faltimas noticias, avances en investigaci\u00f3n e innovaciones en Citometr\u00eda de Flujo y soluciones diagn\u00f3sticas de Immunostep. Descubre c\u00f3mo estamos avanzando en el campo.","robots":{"index":"index","follow":"follow","max-snippet":"max-snippet:-1","max-image-preview":"max-image-preview:large","max-video-preview":"max-video-preview:-1"},"canonical":"https:\/\/immunostep.com\/es\/news\/","og_locale":"es_ES","og_type":"article","og_title":"\u00daltimas Noticias y Avances en Citometr\u00eda de Flujo | Immunostep","og_description":"Mantente informado sobre las \u00faltimas noticias, avances en investigaci\u00f3n e innovaciones en Citometr\u00eda de Flujo y soluciones diagn\u00f3sticas de Immunostep. Descubre c\u00f3mo estamos avanzando en el campo.","og_url":"https:\/\/immunostep.com\/es\/news\/","og_site_name":"Immunostep Biotech","article_publisher":"https:\/\/www.facebook.com\/immunostepsl\/","article_modified_time":"2024-09-18T08:57:31+00:00","og_image":[{"width":1299,"height":591,"url":"https:\/\/immunostep.com\/wp-content\/uploads\/2021\/10\/logo-web-color.png","type":"image\/png"}],"twitter_card":"summary_large_image","twitter_site":"@Immunostep","twitter_misc":{"Tiempo de lectura":"4 minutos"},"schema":{"@context":"https:\/\/schema.org","@graph":[{"@type":"WebPage","@id":"https:\/\/immunostep.com\/es\/news\/","url":"https:\/\/immunostep.com\/es\/news\/","name":"\u00daltimas Noticias y Avances en Citometr\u00eda de Flujo | Immunostep","isPartOf":{"@id":"https:\/\/immunostep.com\/#website"},"datePublished":"2021-10-20T13:25:22+00:00","dateModified":"2024-09-18T08:57:31+00:00","description":"Mantente informado sobre las \u00faltimas noticias, avances en investigaci\u00f3n e innovaciones en Citometr\u00eda de Flujo y soluciones diagn\u00f3sticas de Immunostep. Descubre c\u00f3mo estamos avanzando en el campo.","breadcrumb":{"@id":"https:\/\/immunostep.com\/es\/news\/#breadcrumb"},"inLanguage":"es","potentialAction":[{"@type":"ReadAction","target":["https:\/\/immunostep.com\/es\/news\/"]}]},{"@type":"BreadcrumbList","@id":"https:\/\/immunostep.com\/es\/news\/#breadcrumb","itemListElement":[{"@type":"ListItem","position":1,"name":"Home","item":"https:\/\/immunostep.com\/es\/"},{"@type":"ListItem","position":2,"name":"Noticias"}]},{"@type":"WebSite","@id":"https:\/\/immunostep.com\/#website","url":"https:\/\/immunostep.com\/","name":"Immunostep Biotech","description":"Innovating to deliver high-performance technology for Research and Diagnosis","publisher":{"@id":"https:\/\/immunostep.com\/#organization"},"potentialAction":[{"@type":"SearchAction","target":{"@type":"EntryPoint","urlTemplate":"https:\/\/immunostep.com\/?s={search_term_string}"},"query-input":{"@type":"PropertyValueSpecification","valueRequired":true,"valueName":"search_term_string"}}],"inLanguage":"es"},{"@type":"Organization","@id":"https:\/\/immunostep.com\/#organization","name":"Immunostep Biotech","url":"https:\/\/immunostep.com\/","logo":{"@type":"ImageObject","inLanguage":"es","@id":"https:\/\/immunostep.com\/#\/schema\/logo\/image\/","url":"https:\/\/immunostep.com\/wp-content\/uploads\/2021\/10\/logo-web-color.png","contentUrl":"https:\/\/immunostep.com\/wp-content\/uploads\/2021\/10\/logo-web-color.png","width":1299,"height":591,"caption":"Immunostep Biotech"},"image":{"@id":"https:\/\/immunostep.com\/#\/schema\/logo\/image\/"},"sameAs":["https:\/\/www.facebook.com\/immunostepsl\/","https:\/\/x.com\/Immunostep","https:\/\/www.linkedin.com\/company\/immunostepsl\/"]}]}},"_links":{"self":[{"href":"https:\/\/immunostep.com\/es\/wp-json\/wp\/v2\/pages\/5521"}],"collection":[{"href":"https:\/\/immunostep.com\/es\/wp-json\/wp\/v2\/pages"}],"about":[{"href":"https:\/\/immunostep.com\/es\/wp-json\/wp\/v2\/types\/page"}],"author":[{"embeddable":true,"href":"https:\/\/immunostep.com\/es\/wp-json\/wp\/v2\/users\/3"}],"replies":[{"embeddable":true,"href":"https:\/\/immunostep.com\/es\/wp-json\/wp\/v2\/comments?post=5521"}],"version-history":[{"count":1,"href":"https:\/\/immunostep.com\/es\/wp-json\/wp\/v2\/pages\/5521\/revisions"}],"predecessor-version":[{"id":28362,"href":"https:\/\/immunostep.com\/es\/wp-json\/wp\/v2\/pages\/5521\/revisions\/28362"}],"wp:attachment":[{"href":"https:\/\/immunostep.com\/es\/wp-json\/wp\/v2\/media?parent=5521"}],"curies":[{"name":"wp","href":"https:\/\/api.w.org\/{rel}","templated":true}]}}