{"id":39216,"date":"2026-03-02T09:39:50","date_gmt":"2026-03-02T08:39:50","guid":{"rendered":"https:\/\/immunostep.com\/?page_id=39216"},"modified":"2026-03-02T09:49:36","modified_gmt":"2026-03-02T08:49:36","slug":"contacto-2","status":"publish","type":"page","link":"https:\/\/immunostep.com\/es\/immunostep\/contacto-2\/","title":{"rendered":"Contacto form- ES"},"content":{"rendered":"<h1><strong>\u00a1Muchas gracias!<\/strong><\/h1>\n<div>\n<p>Tu mensaje ha sido enviado con \u00e9xito.<\/p>\n<p>Muy pronto uno de nuestros especialistas se pondr\u00e1 en contacto contigo.<\/p>\n<\/p>\n<\/div>\n<p><img decoding=\"async\" src=\"\/wp-content\/uploads\/2026\/03\/ff.png\" alt=\"\"><\/p>\n<p><!--more--><br \/>\n<!-- {\"type\":\"layout\",\"children\":[{\"type\":\"section\",\"props\":{\"animation\":\"slide-left\",\"id\":\"contactgeneral\",\"image_position\":\"center-center\",\"padding_remove_bottom\":true,\"padding_remove_top\":true,\"style\":\"default\",\"title_breakpoint\":\"xl\",\"title_position\":\"top-left\",\"title_rotation\":\"left\",\"vertical_align\":\"\",\"width\":\"default\"},\"children\":[{\"type\":\"row\",\"children\":[{\"type\":\"column\",\"props\":{\"image_position\":\"center-center\",\"position_sticky_breakpoint\":\"m\"},\"children\":[{\"type\":\"headline\",\"props\":{\"block_align\":\"center\",\"content\":\"<strong>\\u00a1Muchas gracias!<\\\/strong>\",\"id\":\"bloque1\",\"text_align\":\"left\",\"title_decoration\":\"bullet\",\"title_element\":\"h1\",\"title_font_family\":\"secondary\"}},{\"type\":\"text\",\"props\":{\"column_breakpoint\":\"m\",\"content\":\"\n\n<p>Tu mensaje ha sido enviado con \\u00e9xito.<\\\/p>\\n\n\n<p>Muy pronto uno de nuestros especialistas se pondr\\u00e1 en contacto contigo.<\\\/p>\\n\n\n<p><\\\/p>\",\"margin\":\"default\",\"margin_remove_bottom\":true}},{\"type\":\"image\",\"props\":{\"image\":\"wp-content\\\/uploads\\\/2026\\\/03\\\/ff.png\",\"image_svg_color\":\"emphasis\",\"image_width\":-6,\"margin\":\"default\",\"margin_remove_bottom\":true,\"margin_remove_top\":true}}]}]}],\"name\":\"contactgeneral+datos\"}],\"version\":\"4.4.10\"} --><\/p>\n","protected":false},"excerpt":{"rendered":"<p>\u00a1Muchas gracias! Tu mensaje ha sido enviado con \u00e9xito. Muy pronto uno de nuestros especialistas se pondr\u00e1 en contacto contigo.<\/p>\n","protected":false},"author":225,"featured_media":0,"parent":13549,"menu_order":0,"comment_status":"closed","ping_status":"closed","template":"","meta":{"footnotes":"","_links_to":"","_links_to_target":""},"class_list":["post-39216","page","type-page","status-publish","hentry"],"yoast_head":"<!-- This site is optimized with the Yoast SEO plugin v23.6 - https:\/\/yoast.com\/wordpress\/plugins\/seo\/ -->\n<title>Immunostep | Contacta con Expertos en Citometr\u00eda de Flujo<\/title>\n<meta name=\"description\" content=\"Ponte en contacto para consultas sobre nuestros productos y servicios de Citometr\u00eda de Flujo. Nuestro equipo de expertos est\u00e1 listo para asistirte con la informaci\u00f3n o el soporte que necesites.\" \/>\n<meta name=\"robots\" content=\"index, follow, max-snippet:-1, max-image-preview:large, max-video-preview:-1\" \/>\n<link rel=\"canonical\" href=\"https:\/\/immunostep.com\/es\/immunostep\/contacto-2\/\" \/>\n<meta property=\"og:locale\" content=\"es_ES\" \/>\n<meta property=\"og:type\" content=\"article\" \/>\n<meta property=\"og:title\" content=\"Immunostep | Contacta con Expertos en Citometr\u00eda de Flujo\" \/>\n<meta property=\"og:description\" content=\"Ponte en contacto para consultas sobre nuestros productos y servicios de Citometr\u00eda de Flujo. Nuestro equipo de expertos est\u00e1 listo para asistirte con la informaci\u00f3n o el soporte que necesites.\" \/>\n<meta property=\"og:url\" content=\"https:\/\/immunostep.com\/es\/immunostep\/contacto-2\/\" \/>\n<meta property=\"og:site_name\" content=\"Immunostep Biotech\" \/>\n<meta property=\"article:publisher\" content=\"https:\/\/www.facebook.com\/immunostepsl\/\" \/>\n<meta property=\"article:modified_time\" content=\"2026-03-02T08:49:36+00:00\" \/>\n<meta property=\"og:image\" content=\"https:\/\/immunostep.com\/wp-content\/uploads\/2020\/12\/symptoms-s3-1-fee1f133-1024x576.webp\" \/>\n<meta name=\"twitter:card\" content=\"summary_large_image\" \/>\n<meta name=\"twitter:image\" content=\"https:\/\/immunostep.com\/wp-content\/uploads\/2020\/12\/symptoms-s3-1-fee1f133-1024x576.webp\" \/>\n<meta name=\"twitter:site\" content=\"@Immunostep\" \/>\n<meta name=\"twitter:label1\" content=\"Tiempo de lectura\" \/>\n\t<meta name=\"twitter:data1\" content=\"1 minuto\" \/>\n<script type=\"application\/ld+json\" class=\"yoast-schema-graph\">{\"@context\":\"https:\/\/schema.org\",\"@graph\":[{\"@type\":\"WebPage\",\"@id\":\"https:\/\/immunostep.com\/es\/immunostep\/contacto-2\/\",\"url\":\"https:\/\/immunostep.com\/es\/immunostep\/contacto-2\/\",\"name\":\"Immunostep | Contacta con Expertos en Citometr\u00eda de Flujo\",\"isPartOf\":{\"@id\":\"https:\/\/immunostep.com\/#website\"},\"datePublished\":\"2026-03-02T08:39:50+00:00\",\"dateModified\":\"2026-03-02T08:49:36+00:00\",\"description\":\"Ponte en contacto para consultas sobre nuestros productos y servicios de Citometr\u00eda de Flujo. Nuestro equipo de expertos est\u00e1 listo para asistirte con la informaci\u00f3n o el soporte que necesites.\",\"breadcrumb\":{\"@id\":\"https:\/\/immunostep.com\/es\/immunostep\/contacto-2\/#breadcrumb\"},\"inLanguage\":\"es\",\"potentialAction\":[{\"@type\":\"ReadAction\",\"target\":[\"https:\/\/immunostep.com\/es\/immunostep\/contacto-2\/\"]}]},{\"@type\":\"BreadcrumbList\",\"@id\":\"https:\/\/immunostep.com\/es\/immunostep\/contacto-2\/#breadcrumb\",\"itemListElement\":[{\"@type\":\"ListItem\",\"position\":1,\"name\":\"Home\",\"item\":\"https:\/\/immunostep.com\/es\/\"},{\"@type\":\"ListItem\",\"position\":2,\"name\":\"Home immunostep\",\"item\":\"https:\/\/immunostep.com\/es\/\"},{\"@type\":\"ListItem\",\"position\":3,\"name\":\"Contacto form- ES\"}]},{\"@type\":\"WebSite\",\"@id\":\"https:\/\/immunostep.com\/#website\",\"url\":\"https:\/\/immunostep.com\/\",\"name\":\"Immunostep Biotech\",\"description\":\"Innovating to deliver high-performance technology for Research and Diagnosis\",\"publisher\":{\"@id\":\"https:\/\/immunostep.com\/#organization\"},\"potentialAction\":[{\"@type\":\"SearchAction\",\"target\":{\"@type\":\"EntryPoint\",\"urlTemplate\":\"https:\/\/immunostep.com\/?s={search_term_string}\"},\"query-input\":{\"@type\":\"PropertyValueSpecification\",\"valueRequired\":true,\"valueName\":\"search_term_string\"}}],\"inLanguage\":\"es\"},{\"@type\":\"Organization\",\"@id\":\"https:\/\/immunostep.com\/#organization\",\"name\":\"Immunostep Biotech\",\"url\":\"https:\/\/immunostep.com\/\",\"logo\":{\"@type\":\"ImageObject\",\"inLanguage\":\"es\",\"@id\":\"https:\/\/immunostep.com\/#\/schema\/logo\/image\/\",\"url\":\"https:\/\/immunostep.com\/wp-content\/uploads\/2021\/10\/logo-web-color.png\",\"contentUrl\":\"https:\/\/immunostep.com\/wp-content\/uploads\/2021\/10\/logo-web-color.png\",\"width\":1299,\"height\":591,\"caption\":\"Immunostep Biotech\"},\"image\":{\"@id\":\"https:\/\/immunostep.com\/#\/schema\/logo\/image\/\"},\"sameAs\":[\"https:\/\/www.facebook.com\/immunostepsl\/\",\"https:\/\/x.com\/Immunostep\",\"https:\/\/www.linkedin.com\/company\/immunostepsl\/\"]}]}<\/script>\n<!-- \/ Yoast SEO plugin. -->","yoast_head_json":{"title":"Immunostep | Contacta con Expertos en Citometr\u00eda de Flujo","description":"Ponte en contacto para consultas sobre nuestros productos y servicios de Citometr\u00eda de Flujo. Nuestro equipo de expertos est\u00e1 listo para asistirte con la informaci\u00f3n o el soporte que necesites.","robots":{"index":"index","follow":"follow","max-snippet":"max-snippet:-1","max-image-preview":"max-image-preview:large","max-video-preview":"max-video-preview:-1"},"canonical":"https:\/\/immunostep.com\/es\/immunostep\/contacto-2\/","og_locale":"es_ES","og_type":"article","og_title":"Immunostep | Contacta con Expertos en Citometr\u00eda de Flujo","og_description":"Ponte en contacto para consultas sobre nuestros productos y servicios de Citometr\u00eda de Flujo. Nuestro equipo de expertos est\u00e1 listo para asistirte con la informaci\u00f3n o el soporte que necesites.","og_url":"https:\/\/immunostep.com\/es\/immunostep\/contacto-2\/","og_site_name":"Immunostep Biotech","article_publisher":"https:\/\/www.facebook.com\/immunostepsl\/","article_modified_time":"2026-03-02T08:49:36+00:00","og_image":[{"url":"https:\/\/immunostep.com\/wp-content\/uploads\/2020\/12\/symptoms-s3-1-fee1f133-1024x576.webp"}],"twitter_card":"summary_large_image","twitter_image":"https:\/\/immunostep.com\/wp-content\/uploads\/2020\/12\/symptoms-s3-1-fee1f133-1024x576.webp","twitter_site":"@Immunostep","twitter_misc":{"Tiempo de lectura":"1 minuto"},"schema":{"@context":"https:\/\/schema.org","@graph":[{"@type":"WebPage","@id":"https:\/\/immunostep.com\/es\/immunostep\/contacto-2\/","url":"https:\/\/immunostep.com\/es\/immunostep\/contacto-2\/","name":"Immunostep | Contacta con Expertos en Citometr\u00eda de Flujo","isPartOf":{"@id":"https:\/\/immunostep.com\/#website"},"datePublished":"2026-03-02T08:39:50+00:00","dateModified":"2026-03-02T08:49:36+00:00","description":"Ponte en contacto para consultas sobre nuestros productos y servicios de Citometr\u00eda de Flujo. Nuestro equipo de expertos est\u00e1 listo para asistirte con la informaci\u00f3n o el soporte que necesites.","breadcrumb":{"@id":"https:\/\/immunostep.com\/es\/immunostep\/contacto-2\/#breadcrumb"},"inLanguage":"es","potentialAction":[{"@type":"ReadAction","target":["https:\/\/immunostep.com\/es\/immunostep\/contacto-2\/"]}]},{"@type":"BreadcrumbList","@id":"https:\/\/immunostep.com\/es\/immunostep\/contacto-2\/#breadcrumb","itemListElement":[{"@type":"ListItem","position":1,"name":"Home","item":"https:\/\/immunostep.com\/es\/"},{"@type":"ListItem","position":2,"name":"Home immunostep","item":"https:\/\/immunostep.com\/es\/"},{"@type":"ListItem","position":3,"name":"Contacto form- ES"}]},{"@type":"WebSite","@id":"https:\/\/immunostep.com\/#website","url":"https:\/\/immunostep.com\/","name":"Immunostep Biotech","description":"Innovating to deliver high-performance technology for Research and Diagnosis","publisher":{"@id":"https:\/\/immunostep.com\/#organization"},"potentialAction":[{"@type":"SearchAction","target":{"@type":"EntryPoint","urlTemplate":"https:\/\/immunostep.com\/?s={search_term_string}"},"query-input":{"@type":"PropertyValueSpecification","valueRequired":true,"valueName":"search_term_string"}}],"inLanguage":"es"},{"@type":"Organization","@id":"https:\/\/immunostep.com\/#organization","name":"Immunostep Biotech","url":"https:\/\/immunostep.com\/","logo":{"@type":"ImageObject","inLanguage":"es","@id":"https:\/\/immunostep.com\/#\/schema\/logo\/image\/","url":"https:\/\/immunostep.com\/wp-content\/uploads\/2021\/10\/logo-web-color.png","contentUrl":"https:\/\/immunostep.com\/wp-content\/uploads\/2021\/10\/logo-web-color.png","width":1299,"height":591,"caption":"Immunostep Biotech"},"image":{"@id":"https:\/\/immunostep.com\/#\/schema\/logo\/image\/"},"sameAs":["https:\/\/www.facebook.com\/immunostepsl\/","https:\/\/x.com\/Immunostep","https:\/\/www.linkedin.com\/company\/immunostepsl\/"]}]}},"_links":{"self":[{"href":"https:\/\/immunostep.com\/es\/wp-json\/wp\/v2\/pages\/39216"}],"collection":[{"href":"https:\/\/immunostep.com\/es\/wp-json\/wp\/v2\/pages"}],"about":[{"href":"https:\/\/immunostep.com\/es\/wp-json\/wp\/v2\/types\/page"}],"author":[{"embeddable":true,"href":"https:\/\/immunostep.com\/es\/wp-json\/wp\/v2\/users\/225"}],"replies":[{"embeddable":true,"href":"https:\/\/immunostep.com\/es\/wp-json\/wp\/v2\/comments?post=39216"}],"version-history":[{"count":7,"href":"https:\/\/immunostep.com\/es\/wp-json\/wp\/v2\/pages\/39216\/revisions"}],"predecessor-version":[{"id":39234,"href":"https:\/\/immunostep.com\/es\/wp-json\/wp\/v2\/pages\/39216\/revisions\/39234"}],"up":[{"embeddable":true,"href":"https:\/\/immunostep.com\/es\/wp-json\/wp\/v2\/pages\/13549"}],"wp:attachment":[{"href":"https:\/\/immunostep.com\/es\/wp-json\/wp\/v2\/media?parent=39216"}],"curies":[{"name":"wp","href":"https:\/\/api.w.org\/{rel}","templated":true}]}}