{"id":31416,"date":"2025-01-27T11:09:38","date_gmt":"2025-01-27T10:09:38","guid":{"rendered":"https:\/\/immunostep.com\/?page_id=31416"},"modified":"2025-02-24T10:07:31","modified_gmt":"2025-02-24T09:07:31","slug":"landing-productos","status":"publish","type":"page","link":"https:\/\/immunostep.com\/es\/landing-productos\/","title":{"rendered":"Productos"},"content":{"rendered":"<ul>\n<li>\n<h3>Oncohematolog\u00eda<\/h3>\n<div>\n<h3 class=\"el-title uk-margin-remove-bottom\"><a href=\"\/es\/tienda\/?swoof=1&#038;product_line=oncohematology\">Oncohematolog\u00eda<\/a><\/h3>\n<ul>\n<li><a href=\"\/es\/immunologia\/hemostep-kit\/\">Hemostep<\/a><\/li>\n<li><a href=\"\/es\/immunologia\/stem-cell-kit-2\/\">Stem Cell Kit<\/a><\/li>\n<li><a href=\"\/es\/immunologia\/timas\/\">TiMas<\/a><\/li>\n<li><a href=\"\/es\/product\/pnh\/\">PNH<\/a><\/li>\n<li><a href=\"\/es\/immunologia\/car-t\/\">CART-T<\/a><\/li>\n<li><a href=\"\/es\/tienda\/?swoof=1&#038;product_cat=single-antibodies\">Anticuerpos<\/a><\/li>\n<\/ul>\n<\/div>\n<p><a href=\"\/es\/tienda\/?swoof=1&#038;product_line=oncohematology\">Ver m\u00e1s<\/a><\/p>\n<\/li>\n<li>\n<h3>Inmunolog\u00eda<\/h3>\n<div>\n<h3 class=\"el-title uk-margin-remove-bottom\"><a href=\"\/es\/inmunologia\/\">Inmunolog\u00eda<\/a><\/h3>\n<ul>\n<li><a href=\"\/es\/immunologia\/thrombostep-kit-2\/\">Thrombostep<\/a><\/li>\n<li><a href=\"\/es\/immunologia\/basostep-kit-2\/\">Basostep<\/a><\/li>\n<li><a href=\"\/es\/immunologia\/herramientas-kits-apoptosis\/\">Kits y herramientas Apoptosis<\/a><\/li>\n<li><a href=\"\/es\/tienda\/?swoof=1&#038;product_cat=single-antibodies\">Anticuerpos<\/a><\/li>\n<li><a href=\"\/es\/immunologia\/sars-cov-2-mpro-elisa-iga-igg\/\">Kits sars cov 2<\/a><\/li>\n<li><a href=\"\/es\/immunologia\/recursos-immunology\/\">Recursos y soportes<\/a><\/li>\n<li><a href=\"\/es\/immunologia\/#contactgeneral\">Solicitar informaci\u00f3n<\/a><\/li>\n<\/ul>\n<\/div>\n<p><a href=\"\/es\/tienda\/?swoof=1&#038;product_line=immunology\">Ver m\u00e1s<\/a><\/p>\n<\/li>\n<li>\n<h3>Exosomas<\/h3>\n<div>\n<h3 class=\"el-title uk-margin-remove-bottom\"><a href=\"\/es\/exosomes\/\">Exosomas<\/a><\/h3>\n<ul>\n<li><a href=\"\/es\/exosomes\/exostep-platform-detection-and-characterization\/\">Exostep<\/a><\/li>\n<li><a href=\"\/es\/exosomes\/productos-aislamiento-exosoma\/\">Productos de aislamiento de Exosomas<\/a><\/li>\n<li><a href=\"\/es\/exosomes\/lyophilized-exosome-standards\/\">Est\u00e1ndares de Exosomas Liofilizados<\/a><\/li>\n<li><a href=\"\/es\/exosomes\/buffers-soluciones\/\">Soluciones &amp; Buffers para Exosomas<\/a><\/li>\n<li><a href=\"\/es\/exosomes\/recursos-exosomas\/\">Recursos y soporte<\/a><\/li>\n<li><a href=\"\/es\/exosomes\/#contactgeneral\">Solicitar informaci\u00f3n<\/a><\/li>\n<\/ul>\n<\/div>\n<p><a href=\"\/es\/tienda\/?swoof=1&#038;product_line=exosomes\">Ver m\u00e1s<\/a><\/p>\n<\/li>\n<li>\n<h3>Reactivos Accesorios<\/h3>\n<div>\n<h3 class=\"el-title uk-margin-remove-bottom\"><a href=\"\/es\/tienda\/?swoof=1&#038;product_line=accesory-reagents\">Reactivos Accesorios<\/a><\/h3>\n<ul>\n<li><a href=\"\/es\/tienda\/?swoof=1&#038;product_cat=isotype-controls\">Controles isotipos<\/a><\/li>\n<li><a href=\"\/es\/immunologia\/herramientas-kits-apoptosis\/\">Apoptosis<\/a><\/li>\n<li><a href=\"\/es\/tienda\/?swoof=1&#038;product_cat=secondary-reagents\">Reactivos secundarios<\/a><\/li>\n<li><a href=\"\/es\/immunologia\/buffers-soluciones\/\">Soluciones y buffers<\/a><\/li>\n<li><a href=\"\/es\/tienda\/?swoof=1&#038;product_cat=cell-viability-cell-cycle-analysis\">Viabilidad y ciclo celular<\/a><\/li>\n<\/ul>\n<\/div>\n<p><a href=\"\/es\/tienda\/?swoof=1&#038;product_line=accesory-reagents\">Ver m\u00e1s<\/a><\/p>\n<\/li>\n<li>\n<h3>Software<\/h3>\n<div>\n<h3 class=\"el-title uk-margin-remove-bottom\"><a href=\"\/es\/tienda\/\">Software<\/a><\/h3>\n<ul>\n<li>Beneficios<\/li>\n<li>Caracter\u00edsticas principales<\/li>\n<li>Videotutorial<\/li>\n<\/ul>\n<\/div>\n<p><a href=\"#\">Ver m\u00e1s<\/a><\/p>\n<\/li>\n<\/ul>\n<h2><strong>Contacto<br \/><\/strong><\/h2>\n<div>\n<p style=\"text-align: left;\">Para cualquier informaci\u00f3n que necesite, utilice el siguiente formulario y nos pondremos en contacto con usted en breve.<\/p>\n<\/div>\n<div>\n<div class='_form_64'><\/div><script type='text\/javascript' src='https:\/\/immunostep91401.activehosted.com\/f\/embed.php?static=0&id=64&69DEB6C9558D1&nostyles=0&preview=0'><\/script>\n<\/div>\n<ul>\n<li>\n<p>        <img decoding=\"async\" src=\"\/wp-content\/uploads\/2021\/09\/school-1-0cf889a6.png\" alt=\"\"><\/p>\n<div>\n<p><a href=\"https:\/\/goo.gl\/maps\/jp2rZ2EeZ4SGMphj6\" target=\"_blank\" rel=\"noopener\"><span>Centro Investigaci\u00f3n del C\u00e1ncer (C.I.C) Avda. Universidad de Coimbra, s\/n Campus Miguel de Unamuno 37007 Salamanca<\/span><\/a><\/p>\n<\/div>\n<\/li>\n<li>\n<p>        <img decoding=\"async\" src=\"\/wp-content\/uploads\/2021\/09\/call-b9823074.png\" alt=\"\"><\/p>\n<div>\n<p><span>+34 923 29 48 27<\/span><\/p>\n<\/div>\n<\/li>\n<li>\n<p>        <img decoding=\"async\" src=\"\/wp-content\/uploads\/2021\/09\/message-1fffeabf.png\" alt=\"\"><\/p>\n<div>\n<p><a href=\"mailto:info@immunostep.com\"><span>info@immunostep.com<\/span><\/a><\/p>\n<\/div>\n<\/li>\n<\/ul>\n<p><!--more--><br \/>\n<!-- {\"type\":\"layout\",\"children\":[{\"type\":\"section\",\"props\":{\"class\":\"landing-products\",\"height\":\"viewport\",\"image_position\":\"center-center\",\"padding\":\"none\",\"style\":\"default\",\"title_breakpoint\":\"xl\",\"title_position\":\"top-left\",\"title_rotation\":\"left\",\"vertical_align\":\"\",\"width\":\"expand\"},\"children\":[{\"type\":\"row\",\"children\":[{\"type\":\"column\",\"props\":{\"image_position\":\"center-center\",\"position_sticky_breakpoint\":\"m\"},\"children\":[{\"type\":\"grid\",\"props\":{\"class\":\"landing-product-grid\",\"content_column_breakpoint\":\"m\",\"filter_align\":\"left\",\"filter_all\":true,\"filter_grid_breakpoint\":\"m\",\"filter_grid_width\":\"auto\",\"filter_position\":\"top\",\"filter_style\":\"tab\",\"grid_column_align\":true,\"grid_column_gap\":\"collapse\",\"grid_default\":\"1\",\"grid_large\":\"5\",\"grid_medium\":\"\",\"grid_row_gap\":\"collapse\",\"grid_small\":\"1\",\"icon_width\":80,\"image_align\":\"top\",\"image_grid_breakpoint\":\"m\",\"image_grid_width\":\"1-2\",\"image_svg_color\":\"emphasis\",\"item_animation\":true,\"link_style\":\"default\",\"link_text\":\"Read more\",\"margin\":\"default\",\"meta_align\":\"below-title\",\"meta_element\":\"div\",\"meta_style\":\"text-meta\",\"show_content\":true,\"show_image\":false,\"show_link\":true,\"show_meta\":false,\"show_title\":false,\"title_align\":\"top\",\"title_element\":\"h3\",\"title_grid_breakpoint\":\"m\",\"title_grid_width\":\"1-2\",\"title_hover_style\":\"reset\"},\"children\":[{\"type\":\"grid_item\",\"props\":{\"content\":\"\n\n<h3 class=\\\"el-title uk-margin-remove-bottom\\\"><a href=\\\"\\\/es\\\/tienda\\\/?swoof=1&product_line=oncohematology\\\">Oncohematolog\\u00eda<\\\/a><\\\/h3>\\n\n\n<ul>\\n\\t\n\n<li><a href=\\\"\\\/es\\\/immunologia\\\/hemostep-kit\\\/\\\">Hemostep<\\\/a><\\\/li>\\n\\t\n\n<li><a href=\\\"\\\/es\\\/immunologia\\\/stem-cell-kit-2\\\/\\\">Stem Cell Kit<\\\/a><\\\/li>\\n\\t\n\n<li><a href=\\\"\\\/es\\\/immunologia\\\/timas\\\/\\\">TiMas<\\\/a><\\\/li>\\n\\t\n\n<li><a href=\\\"\\\/es\\\/product\\\/pnh\\\/\\\">PNH<\\\/a><\\\/li>\\n\\t\n\n<li><a href=\\\"\\\/es\\\/immunologia\\\/car-t\\\/\\\">CART-T<\\\/a><\\\/li>\\n\\t\n\n<li><a href=\\\"\\\/es\\\/tienda\\\/?swoof=1&product_cat=single-antibodies\\\">Anticuerpos<\\\/a><\\\/li>\\n<\\\/ul>\",\"link\":\"\\\/es\\\/tienda\\\/?swoof=1&product_line=oncohematology\",\"link_aria_label\":\"Ir a Oncohematolog\\u00eda\",\"link_text\":\"Ver m\\u00e1s\",\"meta\":\"\",\"title\":\"Oncohematolog\\u00eda\"}},{\"type\":\"grid_item\",\"props\":{\"content\":\"\n\n<h3 class=\\\"el-title uk-margin-remove-bottom\\\"><a href=\\\"\\\/es\\\/inmunologia\\\/\\\">Inmunolog\\u00eda<\\\/a><\\\/h3>\\n\n\n<ul>\\n    \n\n<li><a href=\\\"\\\/es\\\/immunologia\\\/thrombostep-kit-2\\\/\\\">Thrombostep<\\\/a><\\\/li>\\n\n\n<li><a href=\\\"\\\/es\\\/immunologia\\\/basostep-kit-2\\\/\\\">Basostep<\\\/a><\\\/li>\\n\n\n<li><a href=\\\"\\\/es\\\/immunologia\\\/herramientas-kits-apoptosis\\\/\\\">Kits y herramientas Apoptosis<\\\/a><\\\/li>\\n    \n\n<li><a href=\\\"\\\/es\\\/tienda\\\/?swoof=1&product_cat=single-antibodies\\\">Anticuerpos<\\\/a><\\\/li>\\n    \n\n<li><a href=\\\"\\\/es\\\/immunologia\\\/sars-cov-2-mpro-elisa-iga-igg\\\/\\\">Kits sars cov 2<\\\/a><\\\/li>\\n    \n\n<li><a href=\\\"\\\/es\\\/immunologia\\\/recursos-immunology\\\/\\\">Recursos y soportes<\\\/a><\\\/li>\\n    \n\n<li><a href=\\\"\\\/es\\\/immunologia\\\/#contactgeneral\\\">Solicitar informaci\\u00f3n<\\\/a><\\\/li>\\n<\\\/ul>\",\"link\":\"\\\/es\\\/tienda\\\/?swoof=1&product_line=immunology\",\"link_aria_label\":\"Ir a Immunolog\\u00eda\",\"link_text\":\"Ver m\\u00e1s\",\"meta\":\"\",\"title\":\"Inmunolog\\u00eda\"}},{\"type\":\"grid_item\",\"props\":{\"content\":\"\n\n<h3 class=\\\"el-title uk-margin-remove-bottom\\\"><a href=\\\"\\\/es\\\/exosomes\\\/\\\">Exosomas<\\\/a><\\\/h3>\\n\n\n<ul>\\n\n\n<li><a href=\\\"\\\/es\\\/exosomes\\\/exostep-platform-detection-and-characterization\\\/\\\">Exostep<\\\/a><\\\/li>\\n    \n\n<li><a href=\\\"\\\/es\\\/exosomes\\\/productos-aislamiento-exosoma\\\/\\\">Productos de aislamiento de Exosomas<\\\/a><\\\/li>\\n\n\n<li><a href=\\\"\\\/es\\\/exosomes\\\/lyophilized-exosome-standards\\\/\\\">Est\\u00e1ndares de Exosomas Liofilizados<\\\/a><\\\/li>\\n\n\n<li><a href=\\\"\\\/es\\\/exosomes\\\/buffers-soluciones\\\/\\\">Soluciones &amp; Buffers para Exosomas<\\\/a><\\\/li>\\n    \n\n<li><a href=\\\"\\\/es\\\/exosomes\\\/recursos-exosomas\\\/\\\">Recursos y soporte<\\\/a><\\\/li>\\n\n\n<li><a href=\\\"\\\/es\\\/exosomes\\\/#contactgeneral\\\">Solicitar informaci\\u00f3n<\\\/a><\\\/li>\\n<\\\/ul>\",\"link\":\"\\\/es\\\/tienda\\\/?swoof=1&product_line=exosomes\",\"link_aria_label\":\"Ir a Exosomas\",\"link_text\":\"Ver m\\u00e1s\",\"meta\":\"\",\"title\":\"Exosomas\"}},{\"type\":\"grid_item\",\"props\":{\"content\":\"\n\n<h3 class=\\\"el-title uk-margin-remove-bottom\\\"><a href=\\\"\\\/es\\\/tienda\\\/?swoof=1&product_line=accesory-reagents\\\">Reactivos Accesorios<\\\/a><\\\/h3>\\n\n\n<ul>\\n    \n\n<li><a href=\\\"\\\/es\\\/tienda\\\/?swoof=1&product_cat=isotype-controls\\\">Controles isotipos<\\\/a><\\\/li>\\n    \n\n<li><a href=\\\"\\\/es\\\/immunologia\\\/herramientas-kits-apoptosis\\\/\\\">Apoptosis<\\\/a><\\\/li>\\n\n\n<li><a href=\\\"\\\/es\\\/tienda\\\/?swoof=1&product_cat=secondary-reagents\\\">Reactivos secundarios<\\\/a><\\\/li>\\n    \n\n<li><a href=\\\"\\\/es\\\/immunologia\\\/buffers-soluciones\\\/\\\">Soluciones y buffers<\\\/a><\\\/li>\\n\n\n<li><a href=\\\"\\\/es\\\/tienda\\\/?swoof=1&product_cat=cell-viability-cell-cycle-analysis\\\">Viabilidad y ciclo celular<\\\/a><\\\/li>\\n<\\\/ul>\",\"link\":\"\\\/es\\\/tienda\\\/?swoof=1&product_line=accesory-reagents\",\"link_aria_label\":\"Ir a Accesory reagents\",\"link_text\":\"Ver m\\u00e1s\",\"meta\":\"\",\"title\":\"Reactivos Accesorios\"}},{\"type\":\"grid_item\",\"props\":{\"content\":\"\n\n<h3 class=\\\"el-title uk-margin-remove-bottom\\\"><a href=\\\"\\\/es\\\/tienda\\\/\\\">Software<\\\/a><\\\/h3>\\n\n\n<ul>\\n\n\n<li>Beneficios<\\\/li>\\n\n\n<li>Caracter\\u00edsticas principales<\\\/li>\\n\n\n<li>Videotutorial<\\\/li>\\n<\\\/ul>\",\"link\":\"#\",\"link_aria_label\":\"Ir a Software\",\"link_text\":\"Ver m\\u00e1s\",\"meta\":\"\",\"title\":\"Software\"}}]}]}]}]},{\"type\":\"section\",\"props\":{\"image_position\":\"center-center\",\"style\":\"default\",\"title_breakpoint\":\"xl\",\"title_position\":\"top-left\",\"title_rotation\":\"left\",\"vertical_align\":\"\",\"width\":\"default\"},\"children\":[{\"type\":\"row\",\"children\":[{\"type\":\"column\",\"props\":{\"image_position\":\"center-center\",\"position_sticky_breakpoint\":\"m\"},\"children\":[{\"type\":\"fragment\",\"props\":{\"margin\":\"default\"},\"children\":[{\"type\":\"row\",\"props\":{\"layout\":\"2-3,1-3\"},\"children\":[{\"type\":\"column\",\"props\":{\"image_position\":\"center-center\",\"position_sticky_breakpoint\":\"m\",\"vertical_align\":\"middle\",\"width_medium\":\"2-3\"},\"children\":[{\"type\":\"headline\",\"props\":{\"animation\":\"slide-left\",\"block_align\":\"center\",\"content\":\"<strong>Contacto<br \\\/><\\\/strong>\",\"id\":\"bloque1\",\"maxwidth\":\"2xlarge\",\"text_align\":\"left\",\"title_decoration\":\"bullet\",\"title_element\":\"h2\",\"title_font_family\":\"secondary\"}},{\"type\":\"text\",\"props\":{\"animation\":\"slide-right\",\"column_breakpoint\":\"m\",\"content\":\"\n\n<p style=\\\"text-align: left;\\\">Para cualquier informaci\\u00f3n que necesite, utilice el siguiente formulario y nos pondremos en contacto con usted en breve.<\\\/p>\",\"dropcap\":false,\"margin\":\"default\",\"maxwidth\":\"2xlarge\",\"text_align\":\"center\"}},{\"type\":\"text\",\"props\":{\"animation\":\"slide-right\",\"column_breakpoint\":\"m\",\"content\":\"\n\n<p>[activecampaign form=64 css=1]<\\\/p>\",\"margin\":\"default\"}}]},{\"type\":\"column\",\"props\":{\"image_position\":\"center-center\",\"position_sticky_breakpoint\":\"m\",\"vertical_align\":\"middle\",\"width_medium\":\"1-3\"},\"children\":[{\"type\":\"list\",\"props\":{\"column_breakpoint\":\"m\",\"image_align\":\"left\",\"image_svg_color\":\"emphasis\",\"image_vertical_align\":true,\"list_element\":\"ul\",\"list_horizontal_separator\":\", \",\"list_style\":\"divider\",\"list_type\":\"vertical\",\"show_image\":true,\"show_link\":true},\"children\":[{\"type\":\"list_item\",\"props\":{\"content\":\"\n\n<p><a href=\\\"https:\\\/\\\/goo.gl\\\/maps\\\/jp2rZ2EeZ4SGMphj6\\\" target=\\\"_blank\\\" rel=\\\"noopener\\\"><span>Centro Investigaci\\u00f3n del C\\u00e1ncer (C.I.C) Avda. Universidad de Coimbra, s\\\/n Campus Miguel de Unamuno 37007 Salamanca<\\\/span><\\\/a><\\\/p>\",\"image\":\"wp-content\\\/uploads\\\/2021\\\/09\\\/school-1-0cf889a6.png\"}},{\"type\":\"list_item\",\"props\":{\"content\":\"\n\n<p><span>+34 923 29 48 27<\\\/span><\\\/p>\",\"image\":\"wp-content\\\/uploads\\\/2021\\\/09\\\/call-b9823074.png\"}},{\"type\":\"list_item\",\"props\":{\"content\":\"\n\n<p><a href=\\\"mailto:info@immunostep.com\\\"><span>info@immunostep.com<\\\/span><\\\/a><\\\/p>\",\"image\":\"wp-content\\\/uploads\\\/2021\\\/09\\\/message-1fffeabf.png\"}}]}]}]}]}]}]}]}],\"version\":\"4.4.10\"} --><\/p>\n","protected":false},"excerpt":{"rendered":"<p>Oncohematolog\u00eda Oncohematolog\u00eda Hemostep Stem Cell Kit TiMas PNH CART-T Anticuerpos Ver m\u00e1s Inmunolog\u00eda Inmunolog\u00eda Thrombostep Basostep Kits y herramientas Apoptosis Anticuerpos Kits sars cov 2 Recursos y soportes Solicitar informaci\u00f3n Ver m\u00e1s Exosomas Exosomas Exostep Productos de aislamiento de Exosomas Est\u00e1ndares de Exosomas Liofilizados Soluciones &amp; Buffers para Exosomas Recursos y soporte Solicitar informaci\u00f3n Ver [&hellip;]<\/p>\n","protected":false},"author":1,"featured_media":0,"parent":0,"menu_order":0,"comment_status":"closed","ping_status":"closed","template":"","meta":{"footnotes":"","_links_to":"","_links_to_target":""},"class_list":["post-31416","page","type-page","status-publish","hentry"],"yoast_head":"<!-- This site is optimized with the Yoast SEO plugin v23.6 - https:\/\/yoast.com\/wordpress\/plugins\/seo\/ -->\n<title>Productos | Immunostep Biotech<\/title>\n<meta name=\"description\" content=\"At Immunostep we have been innovating since 2001 to develop comprehensive products that contribute to improve.\" \/>\n<meta name=\"robots\" content=\"index, follow, max-snippet:-1, max-image-preview:large, max-video-preview:-1\" \/>\n<link rel=\"canonical\" href=\"https:\/\/immunostep.com\/landing-products\/\" \/>\n<meta property=\"og:locale\" content=\"es_ES\" \/>\n<meta property=\"og:type\" content=\"article\" \/>\n<meta property=\"og:title\" content=\"Productos | Immunostep Biotech\" \/>\n<meta property=\"og:description\" content=\"At Immunostep we have been innovating since 2001 to develop comprehensive products that contribute to improve.\" \/>\n<meta property=\"og:url\" content=\"https:\/\/immunostep.com\/landing-products\/\" \/>\n<meta property=\"og:site_name\" content=\"Immunostep Biotech\" \/>\n<meta property=\"article:publisher\" content=\"https:\/\/www.facebook.com\/immunostepsl\/\" \/>\n<meta property=\"article:modified_time\" content=\"2025-02-24T09:07:31+00:00\" \/>\n<meta property=\"og:image\" content=\"https:\/\/immunostep.com\/wp-content\/uploads\/2021\/10\/logo-web-color.png\" \/>\n\t<meta property=\"og:image:width\" content=\"1299\" \/>\n\t<meta property=\"og:image:height\" content=\"591\" \/>\n\t<meta property=\"og:image:type\" content=\"image\/png\" \/>\n<meta name=\"twitter:card\" content=\"summary_large_image\" \/>\n<meta name=\"twitter:site\" content=\"@Immunostep\" \/>\n<meta name=\"twitter:label1\" content=\"Tiempo de lectura\" \/>\n\t<meta name=\"twitter:data1\" content=\"2 minutos\" \/>\n<script type=\"application\/ld+json\" class=\"yoast-schema-graph\">{\"@context\":\"https:\/\/schema.org\",\"@graph\":[{\"@type\":\"WebPage\",\"@id\":\"https:\/\/immunostep.com\/landing-products\/\",\"url\":\"https:\/\/immunostep.com\/landing-products\/\",\"name\":\"Productos | Immunostep Biotech\",\"isPartOf\":{\"@id\":\"https:\/\/immunostep.com\/#website\"},\"datePublished\":\"2025-01-27T10:09:38+00:00\",\"dateModified\":\"2025-02-24T09:07:31+00:00\",\"description\":\"At Immunostep we have been innovating since 2001 to develop comprehensive products that contribute to improve.\",\"breadcrumb\":{\"@id\":\"https:\/\/immunostep.com\/landing-products\/#breadcrumb\"},\"inLanguage\":\"es\",\"potentialAction\":[{\"@type\":\"ReadAction\",\"target\":[\"https:\/\/immunostep.com\/landing-products\/\"]}]},{\"@type\":\"BreadcrumbList\",\"@id\":\"https:\/\/immunostep.com\/landing-products\/#breadcrumb\",\"itemListElement\":[{\"@type\":\"ListItem\",\"position\":1,\"name\":\"Home\",\"item\":\"https:\/\/immunostep.com\/es\/\"},{\"@type\":\"ListItem\",\"position\":2,\"name\":\"Productos\"}]},{\"@type\":\"WebSite\",\"@id\":\"https:\/\/immunostep.com\/#website\",\"url\":\"https:\/\/immunostep.com\/\",\"name\":\"Immunostep Biotech\",\"description\":\"Innovating to deliver high-performance technology for Research and Diagnosis\",\"publisher\":{\"@id\":\"https:\/\/immunostep.com\/#organization\"},\"potentialAction\":[{\"@type\":\"SearchAction\",\"target\":{\"@type\":\"EntryPoint\",\"urlTemplate\":\"https:\/\/immunostep.com\/?s={search_term_string}\"},\"query-input\":{\"@type\":\"PropertyValueSpecification\",\"valueRequired\":true,\"valueName\":\"search_term_string\"}}],\"inLanguage\":\"es\"},{\"@type\":\"Organization\",\"@id\":\"https:\/\/immunostep.com\/#organization\",\"name\":\"Immunostep Biotech\",\"url\":\"https:\/\/immunostep.com\/\",\"logo\":{\"@type\":\"ImageObject\",\"inLanguage\":\"es\",\"@id\":\"https:\/\/immunostep.com\/#\/schema\/logo\/image\/\",\"url\":\"https:\/\/immunostep.com\/wp-content\/uploads\/2021\/10\/logo-web-color.png\",\"contentUrl\":\"https:\/\/immunostep.com\/wp-content\/uploads\/2021\/10\/logo-web-color.png\",\"width\":1299,\"height\":591,\"caption\":\"Immunostep Biotech\"},\"image\":{\"@id\":\"https:\/\/immunostep.com\/#\/schema\/logo\/image\/\"},\"sameAs\":[\"https:\/\/www.facebook.com\/immunostepsl\/\",\"https:\/\/x.com\/Immunostep\",\"https:\/\/www.linkedin.com\/company\/immunostepsl\/\"]}]}<\/script>\n<!-- \/ Yoast SEO plugin. -->","yoast_head_json":{"title":"Productos | Immunostep Biotech","description":"At Immunostep we have been innovating since 2001 to develop comprehensive products that contribute to improve.","robots":{"index":"index","follow":"follow","max-snippet":"max-snippet:-1","max-image-preview":"max-image-preview:large","max-video-preview":"max-video-preview:-1"},"canonical":"https:\/\/immunostep.com\/landing-products\/","og_locale":"es_ES","og_type":"article","og_title":"Productos | Immunostep Biotech","og_description":"At Immunostep we have been innovating since 2001 to develop comprehensive products that contribute to improve.","og_url":"https:\/\/immunostep.com\/landing-products\/","og_site_name":"Immunostep Biotech","article_publisher":"https:\/\/www.facebook.com\/immunostepsl\/","article_modified_time":"2025-02-24T09:07:31+00:00","og_image":[{"width":1299,"height":591,"url":"https:\/\/immunostep.com\/wp-content\/uploads\/2021\/10\/logo-web-color.png","type":"image\/png"}],"twitter_card":"summary_large_image","twitter_site":"@Immunostep","twitter_misc":{"Tiempo de lectura":"2 minutos"},"schema":{"@context":"https:\/\/schema.org","@graph":[{"@type":"WebPage","@id":"https:\/\/immunostep.com\/landing-products\/","url":"https:\/\/immunostep.com\/landing-products\/","name":"Productos | Immunostep Biotech","isPartOf":{"@id":"https:\/\/immunostep.com\/#website"},"datePublished":"2025-01-27T10:09:38+00:00","dateModified":"2025-02-24T09:07:31+00:00","description":"At Immunostep we have been innovating since 2001 to develop comprehensive products that contribute to improve.","breadcrumb":{"@id":"https:\/\/immunostep.com\/landing-products\/#breadcrumb"},"inLanguage":"es","potentialAction":[{"@type":"ReadAction","target":["https:\/\/immunostep.com\/landing-products\/"]}]},{"@type":"BreadcrumbList","@id":"https:\/\/immunostep.com\/landing-products\/#breadcrumb","itemListElement":[{"@type":"ListItem","position":1,"name":"Home","item":"https:\/\/immunostep.com\/es\/"},{"@type":"ListItem","position":2,"name":"Productos"}]},{"@type":"WebSite","@id":"https:\/\/immunostep.com\/#website","url":"https:\/\/immunostep.com\/","name":"Immunostep Biotech","description":"Innovating to deliver high-performance technology for Research and Diagnosis","publisher":{"@id":"https:\/\/immunostep.com\/#organization"},"potentialAction":[{"@type":"SearchAction","target":{"@type":"EntryPoint","urlTemplate":"https:\/\/immunostep.com\/?s={search_term_string}"},"query-input":{"@type":"PropertyValueSpecification","valueRequired":true,"valueName":"search_term_string"}}],"inLanguage":"es"},{"@type":"Organization","@id":"https:\/\/immunostep.com\/#organization","name":"Immunostep Biotech","url":"https:\/\/immunostep.com\/","logo":{"@type":"ImageObject","inLanguage":"es","@id":"https:\/\/immunostep.com\/#\/schema\/logo\/image\/","url":"https:\/\/immunostep.com\/wp-content\/uploads\/2021\/10\/logo-web-color.png","contentUrl":"https:\/\/immunostep.com\/wp-content\/uploads\/2021\/10\/logo-web-color.png","width":1299,"height":591,"caption":"Immunostep Biotech"},"image":{"@id":"https:\/\/immunostep.com\/#\/schema\/logo\/image\/"},"sameAs":["https:\/\/www.facebook.com\/immunostepsl\/","https:\/\/x.com\/Immunostep","https:\/\/www.linkedin.com\/company\/immunostepsl\/"]}]}},"_links":{"self":[{"href":"https:\/\/immunostep.com\/es\/wp-json\/wp\/v2\/pages\/31416"}],"collection":[{"href":"https:\/\/immunostep.com\/es\/wp-json\/wp\/v2\/pages"}],"about":[{"href":"https:\/\/immunostep.com\/es\/wp-json\/wp\/v2\/types\/page"}],"author":[{"embeddable":true,"href":"https:\/\/immunostep.com\/es\/wp-json\/wp\/v2\/users\/1"}],"replies":[{"embeddable":true,"href":"https:\/\/immunostep.com\/es\/wp-json\/wp\/v2\/comments?post=31416"}],"version-history":[{"count":43,"href":"https:\/\/immunostep.com\/es\/wp-json\/wp\/v2\/pages\/31416\/revisions"}],"predecessor-version":[{"id":31821,"href":"https:\/\/immunostep.com\/es\/wp-json\/wp\/v2\/pages\/31416\/revisions\/31821"}],"wp:attachment":[{"href":"https:\/\/immunostep.com\/es\/wp-json\/wp\/v2\/media?parent=31416"}],"curies":[{"name":"wp","href":"https:\/\/api.w.org\/{rel}","templated":true}]}}