{"id":14405,"date":"2023-05-19T12:30:08","date_gmt":"2023-05-19T11:30:08","guid":{"rendered":"https:\/\/immunostep.com\/?page_id=14405"},"modified":"2026-01-16T10:38:17","modified_gmt":"2026-01-16T09:38:17","slug":"buffers-soluciones","status":"publish","type":"page","link":"https:\/\/immunostep.com\/es\/immunologia\/buffers-soluciones\/","title":{"rendered":"Buffers &#038; Soluciones"},"content":{"rendered":"<h1>Soluciones &amp; Buffers<\/h1>\n<table>\n<tbody>\n<tr>\n<td>\n        <img decoding=\"async\" src=\"\/wp-content\/uploads\/2023\/03\/productos-89906672.webp\" alt=\"7AAD-solution\">\n    <\/td>\n<td>7AAD Solution<\/td>\n<td>7AAD<\/td>\n<td>\n<p>Human Mouse | 400 test | RUO | <a href=\"https:\/\/immunostep.com\/wp-content\/uploads\/2023\/05\/TDS-7-AAD.pdf\" target=\"_blank\" rel=\"noopener\"><strong>Descargar TDS<\/strong><\/a><\/p>\n<\/td>\n<td>\n        <a href=\"https:\/\/immunostep.com\/es\/product\/7aad-solution\/\">Ver en la tienda<\/a>\n    <\/td>\n<\/tr>\n<tr>\n<td>\n        <img decoding=\"async\" src=\"\/wp-content\/uploads\/2023\/03\/bb10x-50ml-a37660e8.webp\" alt=\"Annexin\">\n    <\/td>\n<td>Annexin V Binding Buffer (10X)<\/td>\n<td>BB10X-50ML<\/td>\n<td>\n<p>All mammalian | 50ml | RUO | <a href=\"https:\/\/immunostep.com\/wp-content\/uploads\/2023\/05\/TDS-BB10X-50ML.pdf\" target=\"_blank\" rel=\"noopener\"><strong>Descargar TDS<\/strong><\/a><\/p>\n<\/td>\n<td>\n        <a href=\"https:\/\/immunostep.com\/es\/product\/annexin-v-binding-buffer-10x\/\">Ver en la tienda<\/a>\n    <\/td>\n<\/tr>\n<tr>\n<td>\n        <img decoding=\"async\" src=\"\/wp-content\/uploads\/2023\/03\/intracell-67d5a5f8.webp\" alt=\"anti Human, Mouse INTRACELL\">\n    <\/td>\n<td>Kit de permeabilizaci\u00f3n celular &#8211; INTRACELL<\/td>\n<td>INTRA<\/td>\n<td>\n<p>Human, Mouse | 50 &#8211; 500 test | RUO |\u00a0<strong><a href=\"https:\/\/immunostep.com\/wp-content\/uploads\/2023\/08\/TDS_INTRA_ES.pdf\" target=\"_blank\" rel=\"noopener\">Descargar TDS<\/a><br \/><\/strong><\/p>\n<\/td>\n<td>\n        <a href=\"https:\/\/immunostep.com\/es\/product\/intracell\/\">Ver en la tienda<\/a>\n    <\/td>\n<\/tr>\n<tr>\n<td>\n        <img decoding=\"async\" src=\"\/wp-content\/uploads\/2023\/08\/Immunostep-Diluent-Buffer.jpg\" alt=\"FcR blocking Reagent\">\n    <\/td>\n<td>Diluent Buffer (1X &#8211; Ready to Use)<\/td>\n<td>IMS0514<\/td>\n<td>\n<p>Liquid | 10 mL | RUO | <strong><a href=\"https:\/\/immunostep.com\/wp-content\/uploads\/2023\/08\/TDS-Diluent-Buffer-1X.pdf\" target=\"_blank\" rel=\"noopener\">Descargar TDS<\/a><br \/><\/strong><\/p>\n<\/td>\n<td>\n        <a href=\"https:\/\/immunostep.com\/es\/product\/diluent-buffer-1x\/\">Ver en la tienda<\/a>\n    <\/td>\n<\/tr>\n<tr>\n<td>\n        <img decoding=\"async\" src=\"\/wp-content\/uploads\/2023\/10\/Immunostep-Exosome-Detachment-Solution.jpg\" alt=\"FcR blocking Reagent\">\n    <\/td>\n<td>Exosome Detachment Solution<\/td>\n<td>EDStep<\/td>\n<td>\n<p><strong>Liquido | 10 mL | RUO | <a href=\"https:\/\/immunostep.com\/wp-content\/uploads\/2025\/03\/TDS-Exosome-Detachment-Solution-v3.pdf?v=12470fe406d4\" target=\"_blank\" rel=\"noopener\">Download TDS<\/a><\/strong><\/p>\n<\/td>\n<td>\n        <a href=\"https:\/\/immunostep.com\/product\/exosome-detachment-solution\/?v=12470fe406d4\">Ver en la tienda<\/a>\n    <\/td>\n<\/tr>\n<tr>\n<td>\n        <img decoding=\"async\" src=\"\/wp-content\/uploads\/2023\/03\/productos-89906672-1.webp\" alt=\"FcR blocking Reagent\">\n    <\/td>\n<td>FcR blocking Reagent<\/td>\n<td>FCR<\/td>\n<td>\n<p>Human Mouse | 200-400 test | RUO | <a href=\"https:\/\/immunostep.com\/wp-content\/uploads\/2023\/05\/TDS-FCR.pdf\" target=\"_blank\" rel=\"noopener\"><strong><\/strong><\/a><strong><a href=\"https:\/\/immunostep.com\/wp-content\/uploads\/2023\/05\/TDS-FCR.pdf\" target=\"_blank\" rel=\"noopener\">Descargar TDS<\/a><br \/><\/strong><\/p>\n<\/td>\n<td>\n        <a href=\"https:\/\/immunostep.com\/es\/product\/fcr-blocking-reagent\/\">Ver en la tienda<\/a>\n    <\/td>\n<\/tr>\n<tr>\n<td>\n        <img decoding=\"async\" src=\"\/wp-content\/uploads\/2023\/03\/productos-89906672-1.webp\" alt=\"PI Solution\">\n    <\/td>\n<td>PI Solution<\/td>\n<td>PI<\/td>\n<td>\n<p>Human, Mouse | 400 test | RUO |\u00a0<strong><a href=\"https:\/\/immunostep.com\/wp-content\/uploads\/2023\/08\/TDS-PI.pdf\" target=\"_blank\" rel=\"noopener\">Descargar TDS<\/a><br \/><\/strong><\/p>\n<\/td>\n<td>\n        <a href=\"https:\/\/immunostep.com\/es\/product\/pi-solution\/\">Ver en la tienda<\/a>\n    <\/td>\n<\/tr>\n<tr>\n<td>\n        <img decoding=\"async\" src=\"\/wp-content\/uploads\/2023\/03\/pi-rnase-solution-6422197b.webp\" alt=\"PI\/RNASE Solution\">\n    <\/td>\n<td>PI\/RNASE Solution<\/td>\n<td>PI\/RNASE<\/td>\n<td>\n<p>Human, Mouse | 200 test | RUO |\u00a0<strong><a href=\"https:\/\/immunostep.com\/wp-content\/uploads\/2025\/03\/TDS-PIRNAse.pdf\" target=\"_blank\" rel=\"noopener\">Descargar TDS<\/a><br \/><\/strong><\/p>\n<\/td>\n<td>\n        <a href=\"https:\/\/immunostep.com\/es\/product\/pi-rnase-solution\/\">Ver en la tienda<\/a>\n    <\/td>\n<\/tr>\n<tr>\n<td>\n        <img decoding=\"async\" src=\"\/wp-content\/uploads\/2023\/03\/productos-89906672-1.webp\" alt=\"RBC Lysis Solution\">\n    <\/td>\n<td>RBC Lysis Solution 10X<\/td>\n<td>RBC10X-50ML<\/td>\n<td>\n<p>Human, Mouse | 50ml | RUO |\u00a0<strong><a href=\"https:\/\/immunostep.com\/wp-content\/uploads\/2023\/05\/TDS-RBC10X-50ML.pdf\" target=\"_blank\" rel=\"noopener\">Descargar TDS<\/a><br \/><\/strong><\/p>\n<\/td>\n<td>\n        <a href=\"https:\/\/immunostep.com\/es\/product\/rbc-lysis-solution-10x\/\">Ver en la tienda<\/a>\n    <\/td>\n<\/tr>\n<tr>\n<td>\n        <img decoding=\"async\" src=\"\/wp-content\/uploads\/2023\/10\/Diseno-sin-titulo1.png\" alt=\"Wash Buffer 10X\">\n    <\/td>\n<td>Wash Buffer Solution (10X)<\/td>\n<td>IMS0515<\/td>\n<td>\n<p>Human, Mouse | 20ml | RUO | <strong><a href=\"https:\/\/immunostep.com\/wp-content\/uploads\/2025\/03\/TDS-Wash-Buffer-10X.pdf\" target=\"_blank\" rel=\"noopener\">Descargar TDS<\/a><br \/><\/strong><\/p>\n<\/td>\n<td>\n        <a href=\"https:\/\/immunostep.com\/es\/product\/wash-buffer-solution-10x\/\">Ver en la tienda<\/a>\n    <\/td>\n<\/tr>\n<\/tbody>\n<\/table>\n<hr>\n<div>\n<div class='_form_118'><\/div><script type='text\/javascript' src='https:\/\/immunostep91401.activehosted.com\/f\/embed.php?static=0&id=118&69E4367168926&nostyles=0&preview=0'><\/script>\n<\/div>\n<p><!--more--><br \/>\n<!-- {\"type\":\"layout\",\"children\":[{\"type\":\"section\",\"props\":{\"image_position\":\"center-center\",\"padding_remove_bottom\":true,\"padding_remove_top\":false,\"style\":\"default\",\"title_breakpoint\":\"xl\",\"title_position\":\"top-left\",\"title_rotation\":\"left\",\"vertical_align\":\"\",\"width\":\"xlarge\"},\"children\":[{\"type\":\"row\",\"children\":[{\"type\":\"column\",\"props\":{\"image_position\":\"center-center\",\"position_sticky_breakpoint\":\"m\"},\"children\":[{\"type\":\"headline\",\"props\":{\"block_align\":\"center\",\"content\":\"Soluciones &amp; Buffers\",\"text_align\":\"center\",\"title_decoration\":\"bullet\",\"title_element\":\"h1\"}},{\"type\":\"table\",\"props\":{\"image_svg_color\":\"emphasis\",\"image_width\":\"80\",\"link_size\":\"small\",\"link_style\":\"secondary\",\"link_target\":true,\"link_text\":\"Solicitar presupuesto\",\"meta_style\":\"text-meta\",\"show_content\":true,\"show_image\":true,\"show_link\":true,\"show_meta\":true,\"show_title\":true,\"table_hover\":true,\"table_justify\":false,\"table_last_align\":\"center\",\"table_order\":\"2\",\"table_responsive\":\"responsive\",\"table_size\":\"large\",\"table_style\":\"divider\",\"table_vertical_align\":true,\"table_width_content\":\"medium\",\"table_width_meta\":\"\",\"table_width_title\":\"shrink\",\"text_align\":\"center\"},\"children\":[{\"type\":\"table_item\",\"props\":{\"content\":\"\n\n<p>Human Mouse | 400 test | RUO | <a href=\\\"https:\\\/\\\/immunostep.com\\\/wp-content\\\/uploads\\\/2023\\\/05\\\/TDS-7-AAD.pdf\\\" target=\\\"_blank\\\" rel=\\\"noopener\\\"><strong>Descargar TDS<\\\/strong><\\\/a><\\\/p>\",\"image\":\"wp-content\\\/uploads\\\/2023\\\/03\\\/productos-89906672.webp\",\"image_alt\":\"7AAD-solution\",\"link\":\"https:\\\/\\\/immunostep.com\\\/es\\\/product\\\/7aad-solution\\\/\",\"link_text\":\"Ver en la tienda\",\"meta\":\"7AAD\",\"title\":\"7AAD Solution\"}},{\"type\":\"table_item\",\"props\":{\"content\":\"\n\n<p>All mammalian | 50ml | RUO | <a href=\\\"https:\\\/\\\/immunostep.com\\\/wp-content\\\/uploads\\\/2023\\\/05\\\/TDS-BB10X-50ML.pdf\\\" target=\\\"_blank\\\" rel=\\\"noopener\\\"><strong>Descargar TDS<\\\/strong><\\\/a><\\\/p>\",\"image\":\"wp-content\\\/uploads\\\/2023\\\/03\\\/bb10x-50ml-a37660e8.webp\",\"image_alt\":\"Annexin\",\"link\":\"https:\\\/\\\/immunostep.com\\\/es\\\/product\\\/annexin-v-binding-buffer-10x\\\/\",\"link_text\":\"Ver en la tienda\",\"meta\":\"BB10X-50ML\",\"title\":\"Annexin V Binding Buffer (10X)\"}},{\"type\":\"table_item\",\"props\":{\"content\":\"\n\n<p>Human, Mouse | 50 - 500 test | RUO |\\u00a0<strong><a href=\\\"https:\\\/\\\/immunostep.com\\\/wp-content\\\/uploads\\\/2023\\\/08\\\/TDS_INTRA_ES.pdf\\\" target=\\\"_blank\\\" rel=\\\"noopener\\\">Descargar TDS<\\\/a><br \\\/><\\\/strong><\\\/p>\",\"image\":\"wp-content\\\/uploads\\\/2023\\\/03\\\/intracell-67d5a5f8.webp\",\"image_alt\":\"anti Human, Mouse INTRACELL\",\"link\":\"https:\\\/\\\/immunostep.com\\\/es\\\/product\\\/intracell\\\/\",\"link_text\":\"Ver en la tienda\",\"meta\":\"INTRA\",\"title\":\"Kit de permeabilizaci\\u00f3n celular - INTRACELL\"}},{\"type\":\"table_item\",\"props\":{\"content\":\"\n\n<p>Liquid | 10 mL | RUO | <strong><a href=\\\"https:\\\/\\\/immunostep.com\\\/wp-content\\\/uploads\\\/2023\\\/08\\\/TDS-Diluent-Buffer-1X.pdf\\\" target=\\\"_blank\\\" rel=\\\"noopener\\\">Descargar TDS<\\\/a><br \\\/><\\\/strong><\\\/p>\",\"image\":\"wp-content\\\/uploads\\\/2023\\\/08\\\/Immunostep-Diluent-Buffer.jpg\",\"image_alt\":\"FcR blocking Reagent\",\"link\":\"https:\\\/\\\/immunostep.com\\\/es\\\/product\\\/diluent-buffer-1x\\\/\",\"link_text\":\"Ver en la tienda\",\"meta\":\"IMS0514\",\"title\":\"Diluent Buffer (1X - Ready to Use)\"}},{\"type\":\"table_item\",\"props\":{\"content\":\"\n\n<p><strong>Liquido | 10 mL | RUO | <a href=\\\"https:\\\/\\\/immunostep.com\\\/wp-content\\\/uploads\\\/2025\\\/03\\\/TDS-Exosome-Detachment-Solution-v3.pdf?v=12470fe406d4\\\" target=\\\"_blank\\\" rel=\\\"noopener\\\">Download TDS<\\\/a><\\\/strong><\\\/p>\",\"image\":\"wp-content\\\/uploads\\\/2023\\\/10\\\/Immunostep-Exosome-Detachment-Solution.jpg\",\"image_alt\":\"FcR blocking Reagent\",\"link\":\"https:\\\/\\\/immunostep.com\\\/product\\\/exosome-detachment-solution\\\/?v=12470fe406d4\",\"link_text\":\"Ver en la tienda\",\"meta\":\"EDStep\",\"title\":\"Exosome Detachment Solution\"}},{\"type\":\"table_item\",\"props\":{\"content\":\"\n\n<p>Human Mouse | 200-400 test | RUO | <a href=\\\"https:\\\/\\\/immunostep.com\\\/wp-content\\\/uploads\\\/2023\\\/05\\\/TDS-FCR.pdf\\\" target=\\\"_blank\\\" rel=\\\"noopener\\\"><strong><\\\/strong><\\\/a><strong><a href=\\\"https:\\\/\\\/immunostep.com\\\/wp-content\\\/uploads\\\/2023\\\/05\\\/TDS-FCR.pdf\\\" target=\\\"_blank\\\" rel=\\\"noopener\\\">Descargar TDS<\\\/a><br \\\/><\\\/strong><\\\/p>\",\"image\":\"wp-content\\\/uploads\\\/2023\\\/03\\\/productos-89906672-1.webp\",\"image_alt\":\"FcR blocking Reagent\",\"link\":\"https:\\\/\\\/immunostep.com\\\/es\\\/product\\\/fcr-blocking-reagent\\\/\",\"link_text\":\"Ver en la tienda\",\"meta\":\"FCR\",\"title\":\"FcR blocking Reagent\"}},{\"type\":\"table_item\",\"props\":{\"content\":\"\n\n<p>Human, Mouse | 400 test | RUO |\\u00a0<strong><a href=\\\"https:\\\/\\\/immunostep.com\\\/wp-content\\\/uploads\\\/2023\\\/08\\\/TDS-PI.pdf\\\" target=\\\"_blank\\\" rel=\\\"noopener\\\">Descargar TDS<\\\/a><br \\\/><\\\/strong><\\\/p>\",\"image\":\"wp-content\\\/uploads\\\/2023\\\/03\\\/productos-89906672-1.webp\",\"image_alt\":\"PI Solution\",\"link\":\"https:\\\/\\\/immunostep.com\\\/es\\\/product\\\/pi-solution\\\/\",\"link_text\":\"Ver en la tienda\",\"meta\":\"PI\",\"title\":\"PI Solution\"}},{\"type\":\"table_item\",\"props\":{\"content\":\"\n\n<p>Human, Mouse | 200 test | RUO |\\u00a0<strong><a href=\\\"https:\\\/\\\/immunostep.com\\\/wp-content\\\/uploads\\\/2025\\\/03\\\/TDS-PIRNAse.pdf\\\" target=\\\"_blank\\\" rel=\\\"noopener\\\">Descargar TDS<\\\/a><br \\\/><\\\/strong><\\\/p>\",\"image\":\"wp-content\\\/uploads\\\/2023\\\/03\\\/pi-rnase-solution-6422197b.webp\",\"image_alt\":\"PI\\\/RNASE Solution\",\"link\":\"https:\\\/\\\/immunostep.com\\\/es\\\/product\\\/pi-rnase-solution\\\/\",\"link_text\":\"Ver en la tienda\",\"meta\":\"PI\\\/RNASE\",\"title\":\"PI\\\/RNASE Solution\"}},{\"type\":\"table_item\",\"props\":{\"content\":\"\n\n<p>Human, Mouse | 50ml | RUO |\\u00a0<strong><a href=\\\"https:\\\/\\\/immunostep.com\\\/wp-content\\\/uploads\\\/2023\\\/05\\\/TDS-RBC10X-50ML.pdf\\\" target=\\\"_blank\\\" rel=\\\"noopener\\\">Descargar TDS<\\\/a><br \\\/><\\\/strong><\\\/p>\",\"image\":\"wp-content\\\/uploads\\\/2023\\\/03\\\/productos-89906672-1.webp\",\"image_alt\":\"RBC Lysis Solution\",\"link\":\"https:\\\/\\\/immunostep.com\\\/es\\\/product\\\/rbc-lysis-solution-10x\\\/\",\"link_text\":\"Ver en la tienda\",\"meta\":\"RBC10X-50ML\",\"title\":\"RBC Lysis Solution 10X\"}},{\"type\":\"table_item\",\"props\":{\"content\":\"\n\n<p>Human, Mouse | 20ml | RUO | <strong><a href=\\\"https:\\\/\\\/immunostep.com\\\/wp-content\\\/uploads\\\/2025\\\/03\\\/TDS-Wash-Buffer-10X.pdf\\\" target=\\\"_blank\\\" rel=\\\"noopener\\\">Descargar TDS<\\\/a><br \\\/><\\\/strong><\\\/p>\",\"image\":\"wp-content\\\/uploads\\\/2023\\\/10\\\/Diseno-sin-titulo1.png\",\"image_alt\":\"Wash Buffer 10X\",\"link\":\"https:\\\/\\\/immunostep.com\\\/es\\\/product\\\/wash-buffer-solution-10x\\\/\",\"link_text\":\"Ver en la tienda\",\"meta\":\"IMS0515\",\"title\":\"Wash Buffer Solution (10X)\"}}],\"modified\":\"2021-07-23T08:09:35.109Z\",\"name\":\"Tabla especificaciones\"}]}],\"props\":{\"width\":\"default\"}},{\"type\":\"row\",\"children\":[{\"type\":\"column\",\"props\":{\"image_position\":\"center-center\",\"position_sticky_breakpoint\":\"m\"},\"children\":[{\"type\":\"divider\",\"props\":{\"divider_element\":\"hr\"}}]}]}]},{\"type\":\"section\",\"props\":{\"id\":\"contactAC\",\"image_position\":\"center-center\",\"padding_remove_bottom\":false,\"padding_remove_top\":true,\"style\":\"default\",\"title_breakpoint\":\"xl\",\"title_position\":\"top-left\",\"title_rotation\":\"left\",\"vertical_align\":\"\",\"width\":\"xlarge\"},\"children\":[{\"type\":\"row\",\"children\":[{\"type\":\"column\",\"props\":{\"image_position\":\"center-center\",\"position_sticky_breakpoint\":\"m\"},\"children\":[{\"type\":\"text\",\"props\":{\"column_breakpoint\":\"m\",\"content\":\"\n\n<p>[activecampaign form=118 css=1]<\\\/p>\",\"margin\":\"default\"}}]}],\"props\":{\"width\":\"default\"}}],\"name\":\"FORMULARIO AC\"}],\"version\":\"4.4.10\"} --><\/p>\n","protected":false},"excerpt":{"rendered":"<p>Soluciones &amp; Buffers 7AAD Solution 7AAD Human Mouse | 400 test | RUO | Descargar TDS Ver en la tienda Annexin V Binding Buffer (10X) BB10X-50ML All mammalian | 50ml | RUO | Descargar TDS Ver en la tienda Kit de permeabilizaci\u00f3n celular &#8211; INTRACELL INTRA Human, Mouse | 50 &#8211; 500 test | RUO [&hellip;]<\/p>\n","protected":false},"author":1,"featured_media":0,"parent":12647,"menu_order":0,"comment_status":"open","ping_status":"closed","template":"","meta":{"footnotes":"","_links_to":"","_links_to_target":""},"class_list":["post-14405","page","type-page","status-publish","hentry"],"yoast_head":"<!-- This site is optimized with the Yoast SEO plugin v23.6 - https:\/\/yoast.com\/wordpress\/plugins\/seo\/ -->\n<title>Soluciones y Buffers para Citometr\u00eda de Flujo | Immunostep - Reactivos de Alta Calidad<\/title>\n<meta name=\"description\" content=\"Descubre las Soluciones y Buffers de Immunostep para citometr\u00eda de flujo, ofreciendo reactivos de alta calidad para el an\u00e1lisis celular. Logra resultados precisos y confiables con nuestra Soluci\u00f3n 7AAD, Buffer de Uni\u00f3n de Annexin V, Reactivo de Bloqueo FcR y m\u00e1s. Ideal para mejorar tu investigaci\u00f3n en inmunolog\u00eda con productos avanzados y f\u00e1ciles de usar dise\u00f1ados para un rendimiento \u00f3ptimo.\" \/>\n<meta name=\"robots\" content=\"index, follow, max-snippet:-1, max-image-preview:large, max-video-preview:-1\" \/>\n<link rel=\"canonical\" href=\"https:\/\/immunostep.com\/es\/immunologia\/buffers-soluciones\/\" \/>\n<meta property=\"og:locale\" content=\"es_ES\" \/>\n<meta property=\"og:type\" content=\"article\" \/>\n<meta property=\"og:title\" content=\"Soluciones y Buffers para Citometr\u00eda de Flujo | Immunostep - Reactivos de Alta Calidad\" \/>\n<meta property=\"og:description\" content=\"Descubre las Soluciones y Buffers de Immunostep para citometr\u00eda de flujo, ofreciendo reactivos de alta calidad para el an\u00e1lisis celular. Logra resultados precisos y confiables con nuestra Soluci\u00f3n 7AAD, Buffer de Uni\u00f3n de Annexin V, Reactivo de Bloqueo FcR y m\u00e1s. Ideal para mejorar tu investigaci\u00f3n en inmunolog\u00eda con productos avanzados y f\u00e1ciles de usar dise\u00f1ados para un rendimiento \u00f3ptimo.\" \/>\n<meta property=\"og:url\" content=\"https:\/\/immunostep.com\/es\/immunologia\/buffers-soluciones\/\" \/>\n<meta property=\"og:site_name\" content=\"Immunostep Biotech\" \/>\n<meta property=\"article:publisher\" content=\"https:\/\/www.facebook.com\/immunostepsl\/\" \/>\n<meta property=\"article:modified_time\" content=\"2026-01-16T09:38:17+00:00\" \/>\n<meta property=\"og:image\" content=\"https:\/\/immunostep.com\/wp-content\/uploads\/2023\/04\/Solutions-and-Buffers-1024x682.jpg\" \/>\n<meta name=\"twitter:card\" content=\"summary_large_image\" \/>\n<meta name=\"twitter:image\" content=\"https:\/\/immunostep.com\/wp-content\/uploads\/2023\/04\/Solutions-and-Buffers-1024x682.jpg\" \/>\n<meta name=\"twitter:site\" content=\"@Immunostep\" \/>\n<meta name=\"twitter:label1\" content=\"Tiempo de lectura\" \/>\n\t<meta name=\"twitter:data1\" content=\"3 minutos\" \/>\n<script type=\"application\/ld+json\" class=\"yoast-schema-graph\">{\"@context\":\"https:\/\/schema.org\",\"@graph\":[{\"@type\":\"WebPage\",\"@id\":\"https:\/\/immunostep.com\/es\/immunologia\/buffers-soluciones\/\",\"url\":\"https:\/\/immunostep.com\/es\/immunologia\/buffers-soluciones\/\",\"name\":\"Soluciones y Buffers para Citometr\u00eda de Flujo | Immunostep - Reactivos de Alta Calidad\",\"isPartOf\":{\"@id\":\"https:\/\/immunostep.com\/#website\"},\"datePublished\":\"2023-05-19T11:30:08+00:00\",\"dateModified\":\"2026-01-16T09:38:17+00:00\",\"description\":\"Descubre las Soluciones y Buffers de Immunostep para citometr\u00eda de flujo, ofreciendo reactivos de alta calidad para el an\u00e1lisis celular. Logra resultados precisos y confiables con nuestra Soluci\u00f3n 7AAD, Buffer de Uni\u00f3n de Annexin V, Reactivo de Bloqueo FcR y m\u00e1s. Ideal para mejorar tu investigaci\u00f3n en inmunolog\u00eda con productos avanzados y f\u00e1ciles de usar dise\u00f1ados para un rendimiento \u00f3ptimo.\",\"breadcrumb\":{\"@id\":\"https:\/\/immunostep.com\/es\/immunologia\/buffers-soluciones\/#breadcrumb\"},\"inLanguage\":\"es\",\"potentialAction\":[{\"@type\":\"ReadAction\",\"target\":[\"https:\/\/immunostep.com\/es\/immunologia\/buffers-soluciones\/\"]}]},{\"@type\":\"BreadcrumbList\",\"@id\":\"https:\/\/immunostep.com\/es\/immunologia\/buffers-soluciones\/#breadcrumb\",\"itemListElement\":[{\"@type\":\"ListItem\",\"position\":1,\"name\":\"Home\",\"item\":\"https:\/\/immunostep.com\/es\/\"},{\"@type\":\"ListItem\",\"position\":2,\"name\":\"Immunolog\u00eda\",\"item\":\"https:\/\/immunostep.com\/immunology\/\"},{\"@type\":\"ListItem\",\"position\":3,\"name\":\"Buffers &#038; Soluciones\"}]},{\"@type\":\"WebSite\",\"@id\":\"https:\/\/immunostep.com\/#website\",\"url\":\"https:\/\/immunostep.com\/\",\"name\":\"Immunostep Biotech\",\"description\":\"Innovating to deliver high-performance technology for Research and Diagnosis\",\"publisher\":{\"@id\":\"https:\/\/immunostep.com\/#organization\"},\"potentialAction\":[{\"@type\":\"SearchAction\",\"target\":{\"@type\":\"EntryPoint\",\"urlTemplate\":\"https:\/\/immunostep.com\/?s={search_term_string}\"},\"query-input\":{\"@type\":\"PropertyValueSpecification\",\"valueRequired\":true,\"valueName\":\"search_term_string\"}}],\"inLanguage\":\"es\"},{\"@type\":\"Organization\",\"@id\":\"https:\/\/immunostep.com\/#organization\",\"name\":\"Immunostep Biotech\",\"url\":\"https:\/\/immunostep.com\/\",\"logo\":{\"@type\":\"ImageObject\",\"inLanguage\":\"es\",\"@id\":\"https:\/\/immunostep.com\/#\/schema\/logo\/image\/\",\"url\":\"https:\/\/immunostep.com\/wp-content\/uploads\/2021\/10\/logo-web-color.png\",\"contentUrl\":\"https:\/\/immunostep.com\/wp-content\/uploads\/2021\/10\/logo-web-color.png\",\"width\":1299,\"height\":591,\"caption\":\"Immunostep Biotech\"},\"image\":{\"@id\":\"https:\/\/immunostep.com\/#\/schema\/logo\/image\/\"},\"sameAs\":[\"https:\/\/www.facebook.com\/immunostepsl\/\",\"https:\/\/x.com\/Immunostep\",\"https:\/\/www.linkedin.com\/company\/immunostepsl\/\"]}]}<\/script>\n<!-- \/ Yoast SEO plugin. -->","yoast_head_json":{"title":"Soluciones y Buffers para Citometr\u00eda de Flujo | Immunostep - Reactivos de Alta Calidad","description":"Descubre las Soluciones y Buffers de Immunostep para citometr\u00eda de flujo, ofreciendo reactivos de alta calidad para el an\u00e1lisis celular. Logra resultados precisos y confiables con nuestra Soluci\u00f3n 7AAD, Buffer de Uni\u00f3n de Annexin V, Reactivo de Bloqueo FcR y m\u00e1s. Ideal para mejorar tu investigaci\u00f3n en inmunolog\u00eda con productos avanzados y f\u00e1ciles de usar dise\u00f1ados para un rendimiento \u00f3ptimo.","robots":{"index":"index","follow":"follow","max-snippet":"max-snippet:-1","max-image-preview":"max-image-preview:large","max-video-preview":"max-video-preview:-1"},"canonical":"https:\/\/immunostep.com\/es\/immunologia\/buffers-soluciones\/","og_locale":"es_ES","og_type":"article","og_title":"Soluciones y Buffers para Citometr\u00eda de Flujo | Immunostep - Reactivos de Alta Calidad","og_description":"Descubre las Soluciones y Buffers de Immunostep para citometr\u00eda de flujo, ofreciendo reactivos de alta calidad para el an\u00e1lisis celular. Logra resultados precisos y confiables con nuestra Soluci\u00f3n 7AAD, Buffer de Uni\u00f3n de Annexin V, Reactivo de Bloqueo FcR y m\u00e1s. Ideal para mejorar tu investigaci\u00f3n en inmunolog\u00eda con productos avanzados y f\u00e1ciles de usar dise\u00f1ados para un rendimiento \u00f3ptimo.","og_url":"https:\/\/immunostep.com\/es\/immunologia\/buffers-soluciones\/","og_site_name":"Immunostep Biotech","article_publisher":"https:\/\/www.facebook.com\/immunostepsl\/","article_modified_time":"2026-01-16T09:38:17+00:00","og_image":[{"url":"https:\/\/immunostep.com\/wp-content\/uploads\/2023\/04\/Solutions-and-Buffers-1024x682.jpg"}],"twitter_card":"summary_large_image","twitter_image":"https:\/\/immunostep.com\/wp-content\/uploads\/2023\/04\/Solutions-and-Buffers-1024x682.jpg","twitter_site":"@Immunostep","twitter_misc":{"Tiempo de lectura":"3 minutos"},"schema":{"@context":"https:\/\/schema.org","@graph":[{"@type":"WebPage","@id":"https:\/\/immunostep.com\/es\/immunologia\/buffers-soluciones\/","url":"https:\/\/immunostep.com\/es\/immunologia\/buffers-soluciones\/","name":"Soluciones y Buffers para Citometr\u00eda de Flujo | Immunostep - Reactivos de Alta Calidad","isPartOf":{"@id":"https:\/\/immunostep.com\/#website"},"datePublished":"2023-05-19T11:30:08+00:00","dateModified":"2026-01-16T09:38:17+00:00","description":"Descubre las Soluciones y Buffers de Immunostep para citometr\u00eda de flujo, ofreciendo reactivos de alta calidad para el an\u00e1lisis celular. Logra resultados precisos y confiables con nuestra Soluci\u00f3n 7AAD, Buffer de Uni\u00f3n de Annexin V, Reactivo de Bloqueo FcR y m\u00e1s. Ideal para mejorar tu investigaci\u00f3n en inmunolog\u00eda con productos avanzados y f\u00e1ciles de usar dise\u00f1ados para un rendimiento \u00f3ptimo.","breadcrumb":{"@id":"https:\/\/immunostep.com\/es\/immunologia\/buffers-soluciones\/#breadcrumb"},"inLanguage":"es","potentialAction":[{"@type":"ReadAction","target":["https:\/\/immunostep.com\/es\/immunologia\/buffers-soluciones\/"]}]},{"@type":"BreadcrumbList","@id":"https:\/\/immunostep.com\/es\/immunologia\/buffers-soluciones\/#breadcrumb","itemListElement":[{"@type":"ListItem","position":1,"name":"Home","item":"https:\/\/immunostep.com\/es\/"},{"@type":"ListItem","position":2,"name":"Immunolog\u00eda","item":"https:\/\/immunostep.com\/immunology\/"},{"@type":"ListItem","position":3,"name":"Buffers &#038; Soluciones"}]},{"@type":"WebSite","@id":"https:\/\/immunostep.com\/#website","url":"https:\/\/immunostep.com\/","name":"Immunostep Biotech","description":"Innovating to deliver high-performance technology for Research and Diagnosis","publisher":{"@id":"https:\/\/immunostep.com\/#organization"},"potentialAction":[{"@type":"SearchAction","target":{"@type":"EntryPoint","urlTemplate":"https:\/\/immunostep.com\/?s={search_term_string}"},"query-input":{"@type":"PropertyValueSpecification","valueRequired":true,"valueName":"search_term_string"}}],"inLanguage":"es"},{"@type":"Organization","@id":"https:\/\/immunostep.com\/#organization","name":"Immunostep Biotech","url":"https:\/\/immunostep.com\/","logo":{"@type":"ImageObject","inLanguage":"es","@id":"https:\/\/immunostep.com\/#\/schema\/logo\/image\/","url":"https:\/\/immunostep.com\/wp-content\/uploads\/2021\/10\/logo-web-color.png","contentUrl":"https:\/\/immunostep.com\/wp-content\/uploads\/2021\/10\/logo-web-color.png","width":1299,"height":591,"caption":"Immunostep Biotech"},"image":{"@id":"https:\/\/immunostep.com\/#\/schema\/logo\/image\/"},"sameAs":["https:\/\/www.facebook.com\/immunostepsl\/","https:\/\/x.com\/Immunostep","https:\/\/www.linkedin.com\/company\/immunostepsl\/"]}]}},"_links":{"self":[{"href":"https:\/\/immunostep.com\/es\/wp-json\/wp\/v2\/pages\/14405"}],"collection":[{"href":"https:\/\/immunostep.com\/es\/wp-json\/wp\/v2\/pages"}],"about":[{"href":"https:\/\/immunostep.com\/es\/wp-json\/wp\/v2\/types\/page"}],"author":[{"embeddable":true,"href":"https:\/\/immunostep.com\/es\/wp-json\/wp\/v2\/users\/1"}],"replies":[{"embeddable":true,"href":"https:\/\/immunostep.com\/es\/wp-json\/wp\/v2\/comments?post=14405"}],"version-history":[{"count":20,"href":"https:\/\/immunostep.com\/es\/wp-json\/wp\/v2\/pages\/14405\/revisions"}],"predecessor-version":[{"id":38706,"href":"https:\/\/immunostep.com\/es\/wp-json\/wp\/v2\/pages\/14405\/revisions\/38706"}],"up":[{"embeddable":true,"href":"https:\/\/immunostep.com\/es\/wp-json\/wp\/v2\/pages\/12647"}],"wp:attachment":[{"href":"https:\/\/immunostep.com\/es\/wp-json\/wp\/v2\/media?parent=14405"}],"curies":[{"name":"wp","href":"https:\/\/api.w.org\/{rel}","templated":true}]}}