{"id":13827,"date":"2023-03-02T16:40:54","date_gmt":"2023-03-02T15:40:54","guid":{"rendered":"https:\/\/immunostep.com\/?page_id=13827"},"modified":"2024-09-18T10:38:22","modified_gmt":"2024-09-18T08:38:22","slug":"about-us","status":"publish","type":"page","link":"https:\/\/immunostep.com\/es\/immunostep\/about-us\/","title":{"rendered":"Sobre nosotros"},"content":{"rendered":"<div>\n<h1 style=\"text-align: center;\"><strong>Sobre nosotros<\/strong><\/h1>\n<\/div>\n<h1>\n<h1 class=\"uk-heading-bullet uk-font-secondary uk-width-2xlarge uk-margin-auto uk-text-center uk-scrollspy-inview\" data-id=\"page#1-0-0-0\" id=\"bloque1\" uk-scrollspy-class=\"uk-animation-slide-left\"><strong>Impulsando la Investigaci\u00f3n y el Diagn\u00f3stico desde 2001<\/strong><\/h1>\n<\/h1>\n<hr>\n<ul>\n<li>\n<h3>Misi\u00f3n<\/h3>\n<div>\n<h2 style=\"text-align: center;\">MISI\u00d3N<\/h2>\n<p style=\"text-align: center;\">Mejorar el diagn\u00f3stico precoz y m\u00ednimamente invasivo y acercarlo al paciente.<\/p>\n<\/div>\n<\/li>\n<li>\n<h3>Visi\u00f3n<\/h3>\n<div>\n<h2 style=\"text-align: center;\">VISI\u00d3N<\/h2>\n<p style=\"text-align: center;\">Liderar el desarrollo de productos y soluciones integrales para el diagn\u00f3stico precoz, sensible y no invasivo en \u00e1reas como el c\u00e1ncer o las enfermedades infecciosas e inmunitarias.<\/p>\n<\/div>\n<\/li>\n<\/ul>\n<div>\n<h4 style=\"text-align: center;\">Innovaci\u00f3n e Investigaci\u00f3n para el futuro<\/h4>\n<\/div>\n<p>\n    <a href=\"#biotechinnov\">M\u00c1S INFO<\/a>\n<\/p>\n<h2><strong>Innovaci\u00f3n Biotecnol\u00f3gica<br \/><\/strong><\/h2>\n<div>\n<p style=\"text-align: center;\">Trabajamos para lograr la satisfacci\u00f3n de nuestros clientes a trav\u00e9s de la calidad y la diferenciaci\u00f3n de nuestros productos. Estamos en constante aprendizaje y desarrollo como empresa y, del mismo modo, esperamos que nuestros productos y nuestra forma de trabajar mejoren constantemente en beneficio de todos nuestros colaboradores.<\/p>\n<\/div>\n<p><img decoding=\"async\" src=\"\/wp-content\/uploads\/2021\/09\/immunostep-40.jpg\" alt=\"\"><\/p>\n<div>\n<p>    <img decoding=\"async\" src=\"\/wp-content\/uploads\/2021\/09\/3.png\" alt=\"\"><\/p>\n<div>\n<h5>CERTIFICADO<strong> UNE-EN ISO 13485: 2018<\/strong> PARA EL SISTEMA DE GESTI\u00d3N DE LA CALIDAD<\/h5>\n<\/div>\n<\/div>\n<div>\n<p>    <img decoding=\"async\" src=\"\/wp-content\/uploads\/2021\/09\/2.png\" alt=\"\"><\/p>\n<div>\n<h5>PRESENCIA A NIVEL MUNDIAL EN <strong>+40<\/strong><b> PA\u00cdSES<br \/><\/b><\/h5>\n<\/div>\n<\/div>\n<div>\n<p>    <img decoding=\"async\" src=\"\/wp-content\/uploads\/2021\/09\/1.png\" alt=\"\"><\/p>\n<div>\n<h5><strong>+900<\/strong> <strong>PUBLICACIONES<\/strong> CON PRODUCTOS DE IMMUNOSTEP<\/h5>\n<\/div>\n<\/div>\n<hr>\n<h2><strong>Contacta con nosotros<br \/><\/strong><\/h2>\n<div>\n<p style=\"text-align: left;\">Para cualquier informaci\u00f3n que necesite, utilice el siguiente formulario y nos pondremos en contacto con usted en breve.<\/p>\n<\/div>\n<div>\n<div class='_form_64'><\/div><script type='text\/javascript' src='https:\/\/immunostep91401.activehosted.com\/f\/embed.php?static=0&id=64&69D397241E9CA&nostyles=0&preview=0'><\/script>\n<\/div>\n<ul>\n<li>\n<p>        <img decoding=\"async\" src=\"\/wp-content\/uploads\/2021\/09\/school-1-0cf889a6.png\" alt=\"\"><\/p>\n<div>\n<p><a href=\"https:\/\/goo.gl\/maps\/jp2rZ2EeZ4SGMphj6\" target=\"_blank\" rel=\"noopener\"><span>Centro Investigaci\u00f3n del C\u00e1ncer (C.I.C) Avda. Universidad de Coimbra, s\/n Campus Miguel de Unamuno 37007 Salamanca<\/span><\/a><\/p>\n<\/div>\n<\/li>\n<li>\n<p>        <img decoding=\"async\" src=\"\/wp-content\/uploads\/2021\/09\/call-b9823074.png\" alt=\"\"><\/p>\n<div>\n<p><span>+34 923 29 48 27<\/span><\/p>\n<\/div>\n<\/li>\n<li>\n<p>        <img decoding=\"async\" src=\"\/wp-content\/uploads\/2021\/09\/message-1fffeabf.png\" alt=\"\"><\/p>\n<div>\n<p><a href=\"mailto:info@immunostep.com\"><span>info@immunostep.com<\/span><\/a><\/p>\n<\/div>\n<\/li>\n<\/ul>\n<p><!--more--><br \/>\n<!-- {\"type\":\"layout\",\"children\":[{\"type\":\"section\",\"props\":{\"animation\":\"slide-right\",\"image\":\"wp-content\\\/uploads\\\/2021\\\/09\\\/fondo-2.jpg\",\"image_position\":\"center-center\",\"image_size\":\"cover\",\"style\":\"default\",\"text_color\":\"light\",\"title_breakpoint\":\"xl\",\"title_position\":\"top-left\",\"title_rotation\":\"left\",\"vertical_align\":\"middle\",\"width\":\"expand\"},\"children\":[{\"type\":\"row\",\"children\":[{\"type\":\"column\",\"props\":{\"image_position\":\"center-center\",\"media_overlay_gradient\":\"\",\"position_sticky_breakpoint\":\"m\"},\"children\":[{\"type\":\"text\",\"props\":{\"block_align\":\"center\",\"column_breakpoint\":\"m\",\"content\":\"\n\n<h1 style=\\\"text-align: center;\\\"><strong>Sobre nosotros<\\\/strong><\\\/h1>\",\"margin\":\"default\",\"maxwidth\":\"2xlarge\",\"text_style\":\"small\"}}]}]}],\"name\":\"Cabecera\"},{\"type\":\"section\",\"props\":{\"height\":\"full\",\"image\":\"wp-content\\\/uploads\\\/2023\\\/03\\\/13-1-scaled-1.jpg\",\"image_position\":\"center-center\",\"media_overlay\":\"rgba(255, 255, 255, 0.5)\",\"overlap\":false,\"padding_remove_bottom\":true,\"padding_remove_top\":true,\"style\":\"default\",\"title_breakpoint\":\"xl\",\"title_position\":\"top-left\",\"title_rotation\":\"left\",\"vertical_align\":\"middle\",\"width\":\"xsmall\"},\"children\":[{\"type\":\"row\",\"children\":[{\"type\":\"column\",\"props\":{\"image_position\":\"center-center\",\"media_overlay_gradient\":\"\",\"position_sticky_breakpoint\":\"m\"},\"children\":[{\"type\":\"headline\",\"props\":{\"content\":\"\n\n<h1 class=\\\"uk-heading-bullet uk-font-secondary uk-width-2xlarge uk-margin-auto uk-text-center uk-scrollspy-inview\\\" data-id=\\\"page#1-0-0-0\\\" id=\\\"bloque1\\\" uk-scrollspy-class=\\\"uk-animation-slide-left\\\"><strong>Impulsando la Investigaci\\u00f3n y el Diagn\\u00f3stico desde 2001<\\\/strong><\\\/h1>\",\"title_element\":\"h1\"}},{\"type\":\"divider\",\"props\":{\"divider_element\":\"hr\"}},{\"type\":\"grid\",\"props\":{\"content_column_breakpoint\":\"m\",\"filter_align\":\"left\",\"filter_all\":true,\"filter_grid_breakpoint\":\"m\",\"filter_grid_width\":\"auto\",\"filter_position\":\"top\",\"filter_style\":\"tab\",\"grid_column_align\":true,\"grid_default\":\"1\",\"grid_medium\":\"2\",\"icon_width\":80,\"image_align\":\"top\",\"image_grid_breakpoint\":\"m\",\"image_grid_width\":\"1-2\",\"image_svg_color\":\"emphasis\",\"item_animation\":true,\"link_style\":\"default\",\"link_text\":\"Read more\",\"margin\":\"default\",\"meta_align\":\"below-title\",\"meta_element\":\"div\",\"meta_style\":\"text-meta\",\"parallax_easing\":\"1\",\"show_content\":true,\"show_image\":true,\"show_link\":true,\"show_meta\":true,\"show_title\":false,\"title_align\":\"top\",\"title_decoration\":\"bullet\",\"title_element\":\"h3\",\"title_grid_breakpoint\":\"m\",\"title_grid_width\":\"1-2\",\"title_hover_style\":\"reset\",\"title_style\":\"h1\"},\"children\":[{\"type\":\"grid_item\",\"props\":{\"content\":\"\n\n<h2 style=\\\"text-align: center;\\\">MISI\\u00d3N<\\\/h2>\\n\n\n<p style=\\\"text-align: center;\\\">Mejorar el diagn\\u00f3stico precoz y m\\u00ednimamente invasivo y acercarlo al paciente.<\\\/p>\",\"title\":\"Misi\\u00f3n\"}},{\"type\":\"grid_item\",\"props\":{\"content\":\"\n\n<h2 style=\\\"text-align: center;\\\">VISI\\u00d3N<\\\/h2>\\n\n\n<p style=\\\"text-align: center;\\\">Liderar el desarrollo de productos y soluciones integrales para el diagn\\u00f3stico precoz, sensible y no invasivo en \\u00e1reas como el c\\u00e1ncer o las enfermedades infecciosas e inmunitarias.<\\\/p>\",\"title\":\"Visi\\u00f3n\"}}]}]}]}]},{\"type\":\"section\",\"props\":{\"animation\":\"slide-right\",\"image\":\"wp-content\\\/uploads\\\/2023\\\/04\\\/exosomas-horizontal.png\",\"image_effect\":\"parallax\",\"image_position\":\"center-center\",\"image_size\":\"width-1-1\",\"media_overlay\":\"rgba(255, 255, 255, 0.2)\",\"style\":\"default\",\"text_color\":\"light\",\"title_breakpoint\":\"xl\",\"title_position\":\"top-left\",\"title_rotation\":\"left\",\"vertical_align\":\"middle\",\"width\":\"expand\"},\"children\":[{\"type\":\"row\",\"children\":[{\"type\":\"column\",\"props\":{\"image_position\":\"center-center\",\"media_overlay_gradient\":\"\",\"position_sticky_breakpoint\":\"m\"},\"children\":[{\"type\":\"text\",\"props\":{\"block_align\":\"center\",\"column_breakpoint\":\"m\",\"content\":\"\n\n<h4 style=\\\"text-align: center;\\\">Innovaci\\u00f3n e Investigaci\\u00f3n para el futuro<\\\/h4>\",\"margin\":\"default\",\"maxwidth\":\"2xlarge\",\"text_style\":\"small\"}},{\"type\":\"button\",\"props\":{\"grid_column_gap\":\"small\",\"grid_row_gap\":\"small\",\"margin\":\"default\",\"text_align\":\"center\"},\"children\":[{\"type\":\"button_item\",\"props\":{\"button_style\":\"default\",\"content\":\"M\\u00c1S INFO\",\"icon_align\":\"left\",\"link\":\"#biotechinnov\"}}]}]}]}],\"name\":\"LEARN MORE\"},{\"type\":\"section\",\"props\":{\"animation\":\"slide-right\",\"id\":\"biotechinnov\",\"image_position\":\"center-center\",\"padding_remove_top\":false,\"style\":\"default\",\"title_breakpoint\":\"xl\",\"title_position\":\"top-left\",\"title_rotation\":\"left\",\"vertical_align\":\"middle\",\"width\":\"default\"},\"children\":[{\"type\":\"row\",\"children\":[{\"type\":\"column\",\"props\":{\"image_position\":\"center-center\",\"media_overlay_gradient\":\"\",\"position_sticky_breakpoint\":\"m\"},\"children\":[{\"type\":\"headline\",\"props\":{\"block_align\":\"center\",\"content\":\"<strong>Innovaci\\u00f3n Biotecnol\\u00f3gica<br \\\/><\\\/strong>\",\"id\":\"bloque1\",\"maxwidth\":\"2xlarge\",\"text_align\":\"center\",\"title_decoration\":\"bullet\",\"title_element\":\"h2\",\"title_font_family\":\"secondary\"}},{\"type\":\"text\",\"props\":{\"block_align\":\"center\",\"column_breakpoint\":\"m\",\"content\":\"\n\n<p style=\\\"text-align: center;\\\">Trabajamos para lograr la satisfacci\\u00f3n de nuestros clientes a trav\\u00e9s de la calidad y la diferenciaci\\u00f3n de nuestros productos. Estamos en constante aprendizaje y desarrollo como empresa y, del mismo modo, esperamos que nuestros productos y nuestra forma de trabajar mejoren constantemente en beneficio de todos nuestros colaboradores.<\\\/p>\",\"dropcap\":false,\"margin\":\"default\",\"maxwidth\":\"2xlarge\",\"text_align\":\"center\"}}]}]},{\"type\":\"row\",\"props\":{\"layout\":\"1-2,1-2\"},\"children\":[{\"type\":\"column\",\"props\":{\"image_position\":\"center-center\",\"media_overlay_gradient\":\"\",\"position_sticky_breakpoint\":\"m\",\"vertical_align\":\"middle\",\"width_medium\":\"1-2\"},\"children\":[{\"type\":\"image\",\"props\":{\"animation\":\"slide-left\",\"image\":\"wp-content\\\/uploads\\\/2021\\\/09\\\/immunostep-40.jpg\",\"image_svg_color\":\"emphasis\",\"margin\":\"default\"}}]},{\"type\":\"column\",\"props\":{\"image_position\":\"center-center\",\"media_overlay_gradient\":\"\",\"position_sticky_breakpoint\":\"m\",\"vertical_align\":\"middle\",\"width_medium\":\"1-2\"},\"children\":[{\"type\":\"list\",\"props\":{\"animation\":\"slide-right\",\"column_breakpoint\":\"m\",\"image_align\":\"left\",\"image_svg_color\":\"emphasis\",\"image_vertical_align\":true,\"image_width\":\"60\",\"list_element\":\"ul\",\"list_horizontal_separator\":\", \",\"list_type\":\"vertical\",\"show_image\":true,\"show_link\":true},\"children\":[{\"type\":\"list_item\",\"props\":{\"content\":\"\n\n<h5>CERTIFICADO<strong> UNE-EN ISO 13485: 2018<\\\/strong> PARA EL SISTEMA DE GESTI\\u00d3N DE LA CALIDAD<\\\/h5>\",\"image\":\"wp-content\\\/uploads\\\/2021\\\/09\\\/3.png\"}}]},{\"type\":\"list\",\"props\":{\"animation\":\"slide-right\",\"column_breakpoint\":\"m\",\"image_align\":\"left\",\"image_svg_color\":\"emphasis\",\"image_vertical_align\":true,\"image_width\":\"60\",\"list_element\":\"ul\",\"list_horizontal_separator\":\", \",\"list_type\":\"vertical\",\"show_image\":true,\"show_link\":true},\"children\":[{\"type\":\"list_item\",\"props\":{\"content\":\"\n\n<h5>PRESENCIA A NIVEL MUNDIAL EN <strong>+40<\\\/strong><b> PA\\u00cdSES<br \\\/><\\\/b><\\\/h5>\",\"image\":\"wp-content\\\/uploads\\\/2021\\\/09\\\/2.png\"}}]},{\"type\":\"list\",\"props\":{\"animation\":\"slide-right\",\"column_breakpoint\":\"m\",\"image_align\":\"left\",\"image_svg_color\":\"emphasis\",\"image_vertical_align\":true,\"image_width\":\"60\",\"list_element\":\"ul\",\"list_horizontal_separator\":\", \",\"list_type\":\"vertical\",\"show_image\":true,\"show_link\":true},\"children\":[{\"type\":\"list_item\",\"props\":{\"content\":\"\n\n<h5><strong>+900<\\\/strong> <strong>PUBLICACIONES<\\\/strong> CON PRODUCTOS DE IMMUNOSTEP<\\\/h5>\",\"image\":\"wp-content\\\/uploads\\\/2021\\\/09\\\/1.png\"}}]}]}]},{\"type\":\"row\",\"children\":[{\"type\":\"column\",\"props\":{\"image_position\":\"center-center\",\"media_overlay_gradient\":\"\",\"position_sticky_breakpoint\":\"m\"},\"children\":[{\"type\":\"divider\",\"props\":{\"divider_element\":\"hr\"}}]}]}],\"name\":\"TITULO 2\"},{\"type\":\"section\",\"props\":{\"animation\":\"slide-left\",\"id\":\"contactgeneral\",\"image_position\":\"center-center\",\"padding_remove_bottom\":false,\"padding_remove_top\":true,\"style\":\"default\",\"title_breakpoint\":\"xl\",\"title_position\":\"top-left\",\"title_rotation\":\"left\",\"vertical_align\":\"middle\",\"width\":\"default\"},\"children\":[{\"type\":\"row\",\"props\":{\"layout\":\"2-3,1-3\"},\"children\":[{\"type\":\"column\",\"props\":{\"image_position\":\"center-center\",\"media_overlay_gradient\":\"\",\"position_sticky_breakpoint\":\"m\",\"vertical_align\":\"middle\",\"width_medium\":\"2-3\"},\"children\":[{\"type\":\"headline\",\"props\":{\"animation\":\"slide-left\",\"block_align\":\"center\",\"content\":\"<strong>Contacta con nosotros<br \\\/><\\\/strong>\",\"id\":\"bloque1\",\"maxwidth\":\"2xlarge\",\"text_align\":\"left\",\"title_decoration\":\"bullet\",\"title_element\":\"h2\",\"title_font_family\":\"secondary\"}},{\"type\":\"text\",\"props\":{\"animation\":\"slide-right\",\"column_breakpoint\":\"m\",\"content\":\"\n\n<p style=\\\"text-align: left;\\\">Para cualquier informaci\\u00f3n que necesite, utilice el siguiente formulario y nos pondremos en contacto con usted en breve.<\\\/p>\",\"dropcap\":false,\"margin\":\"default\",\"maxwidth\":\"2xlarge\",\"text_align\":\"center\"}},{\"type\":\"text\",\"props\":{\"animation\":\"slide-right\",\"column_breakpoint\":\"m\",\"content\":\"\n\n<p>[activecampaign form=64 css=1]<\\\/p>\",\"margin\":\"default\"}}]},{\"type\":\"column\",\"props\":{\"image_position\":\"center-center\",\"media_overlay_gradient\":\"\",\"position_sticky_breakpoint\":\"m\",\"vertical_align\":\"middle\",\"width_medium\":\"1-3\"},\"children\":[{\"type\":\"list\",\"props\":{\"column_breakpoint\":\"m\",\"image_align\":\"left\",\"image_svg_color\":\"emphasis\",\"image_vertical_align\":true,\"list_element\":\"ul\",\"list_horizontal_separator\":\", \",\"list_style\":\"divider\",\"list_type\":\"vertical\",\"show_image\":true,\"show_link\":true},\"children\":[{\"type\":\"list_item\",\"props\":{\"content\":\"\n\n<p><a href=\\\"https:\\\/\\\/goo.gl\\\/maps\\\/jp2rZ2EeZ4SGMphj6\\\" target=\\\"_blank\\\" rel=\\\"noopener\\\"><span>Centro Investigaci\\u00f3n del C\\u00e1ncer (C.I.C) Avda. Universidad de Coimbra, s\\\/n Campus Miguel de Unamuno 37007 Salamanca<\\\/span><\\\/a><\\\/p>\",\"image\":\"wp-content\\\/uploads\\\/2021\\\/09\\\/school-1-0cf889a6.png\"}},{\"type\":\"list_item\",\"props\":{\"content\":\"\n\n<p><span>+34 923 29 48 27<\\\/span><\\\/p>\",\"image\":\"wp-content\\\/uploads\\\/2021\\\/09\\\/call-b9823074.png\"}},{\"type\":\"list_item\",\"props\":{\"content\":\"\n\n<p><a href=\\\"mailto:info@immunostep.com\\\"><span>info@immunostep.com<\\\/span><\\\/a><\\\/p>\",\"image\":\"wp-content\\\/uploads\\\/2021\\\/09\\\/message-1fffeabf.png\"}}]}]}]}],\"name\":\"contactgeneral+datos\"}],\"version\":\"3.0.25\"} --><\/p>\n","protected":false},"excerpt":{"rendered":"<p>Sobre nosotros Impulsando la Investigaci\u00f3n y el Diagn\u00f3stico desde 2001 Misi\u00f3n MISI\u00d3N Mejorar el diagn\u00f3stico precoz y m\u00ednimamente invasivo y acercarlo al paciente. Visi\u00f3n VISI\u00d3N Liderar el desarrollo de productos y soluciones integrales para el diagn\u00f3stico precoz, sensible y no invasivo en \u00e1reas como el c\u00e1ncer o las enfermedades infecciosas e inmunitarias. Innovaci\u00f3n e Investigaci\u00f3n [&hellip;]<\/p>\n","protected":false},"author":1,"featured_media":0,"parent":13549,"menu_order":0,"comment_status":"closed","ping_status":"closed","template":"","meta":{"footnotes":"","_links_to":"","_links_to_target":""},"class_list":["post-13827","page","type-page","status-publish","hentry"],"yoast_head":"<!-- This site is optimized with the Yoast SEO plugin v23.6 - https:\/\/yoast.com\/wordpress\/plugins\/seo\/ -->\n<title>Immunostep: L\u00edder en Soluciones de Citometr\u00eda de Flujo<\/title>\n<meta name=\"description\" content=\"Conoce Immunostep, un l\u00edder innovador en Citometr\u00eda de Flujo y soluciones diagn\u00f3sticas. Descubre nuestra misi\u00f3n, visi\u00f3n y la tecnolog\u00eda de vanguardia que impulsa nuestro \u00e9xito.\" \/>\n<meta name=\"robots\" content=\"index, follow, max-snippet:-1, max-image-preview:large, max-video-preview:-1\" \/>\n<link rel=\"canonical\" href=\"https:\/\/immunostep.com\/es\/immunostep\/about-us\/\" \/>\n<meta property=\"og:locale\" content=\"es_ES\" \/>\n<meta property=\"og:type\" content=\"article\" \/>\n<meta property=\"og:title\" content=\"Immunostep: L\u00edder en Soluciones de Citometr\u00eda de Flujo\" \/>\n<meta property=\"og:description\" content=\"Conoce Immunostep, un l\u00edder innovador en Citometr\u00eda de Flujo y soluciones diagn\u00f3sticas. Descubre nuestra misi\u00f3n, visi\u00f3n y la tecnolog\u00eda de vanguardia que impulsa nuestro \u00e9xito.\" \/>\n<meta property=\"og:url\" content=\"https:\/\/immunostep.com\/es\/immunostep\/about-us\/\" \/>\n<meta property=\"og:site_name\" content=\"Immunostep Biotech\" \/>\n<meta property=\"article:publisher\" content=\"https:\/\/www.facebook.com\/immunostepsl\/\" \/>\n<meta property=\"article:modified_time\" content=\"2024-09-18T08:38:22+00:00\" \/>\n<meta property=\"og:image\" content=\"https:\/\/immunostep.com\/wp-content\/uploads\/2021\/10\/logo-web-color.png\" \/>\n\t<meta property=\"og:image:width\" content=\"1299\" \/>\n\t<meta property=\"og:image:height\" content=\"591\" \/>\n\t<meta property=\"og:image:type\" content=\"image\/png\" \/>\n<meta name=\"twitter:card\" content=\"summary_large_image\" \/>\n<meta name=\"twitter:site\" content=\"@Immunostep\" \/>\n<meta name=\"twitter:label1\" content=\"Tiempo de lectura\" \/>\n\t<meta name=\"twitter:data1\" content=\"3 minutos\" \/>\n<script type=\"application\/ld+json\" class=\"yoast-schema-graph\">{\"@context\":\"https:\/\/schema.org\",\"@graph\":[{\"@type\":\"WebPage\",\"@id\":\"https:\/\/immunostep.com\/es\/immunostep\/about-us\/\",\"url\":\"https:\/\/immunostep.com\/es\/immunostep\/about-us\/\",\"name\":\"Immunostep: L\u00edder en Soluciones de Citometr\u00eda de Flujo\",\"isPartOf\":{\"@id\":\"https:\/\/immunostep.com\/#website\"},\"datePublished\":\"2023-03-02T15:40:54+00:00\",\"dateModified\":\"2024-09-18T08:38:22+00:00\",\"description\":\"Conoce Immunostep, un l\u00edder innovador en Citometr\u00eda de Flujo y soluciones diagn\u00f3sticas. Descubre nuestra misi\u00f3n, visi\u00f3n y la tecnolog\u00eda de vanguardia que impulsa nuestro \u00e9xito.\",\"breadcrumb\":{\"@id\":\"https:\/\/immunostep.com\/es\/immunostep\/about-us\/#breadcrumb\"},\"inLanguage\":\"es\",\"potentialAction\":[{\"@type\":\"ReadAction\",\"target\":[\"https:\/\/immunostep.com\/es\/immunostep\/about-us\/\"]}]},{\"@type\":\"BreadcrumbList\",\"@id\":\"https:\/\/immunostep.com\/es\/immunostep\/about-us\/#breadcrumb\",\"itemListElement\":[{\"@type\":\"ListItem\",\"position\":1,\"name\":\"Home\",\"item\":\"https:\/\/immunostep.com\/es\/\"},{\"@type\":\"ListItem\",\"position\":2,\"name\":\"Home immunostep\",\"item\":\"https:\/\/immunostep.com\/es\/\"},{\"@type\":\"ListItem\",\"position\":3,\"name\":\"Sobre nosotros\"}]},{\"@type\":\"WebSite\",\"@id\":\"https:\/\/immunostep.com\/#website\",\"url\":\"https:\/\/immunostep.com\/\",\"name\":\"Immunostep Biotech\",\"description\":\"Innovating to deliver high-performance technology for Research and Diagnosis\",\"publisher\":{\"@id\":\"https:\/\/immunostep.com\/#organization\"},\"potentialAction\":[{\"@type\":\"SearchAction\",\"target\":{\"@type\":\"EntryPoint\",\"urlTemplate\":\"https:\/\/immunostep.com\/?s={search_term_string}\"},\"query-input\":{\"@type\":\"PropertyValueSpecification\",\"valueRequired\":true,\"valueName\":\"search_term_string\"}}],\"inLanguage\":\"es\"},{\"@type\":\"Organization\",\"@id\":\"https:\/\/immunostep.com\/#organization\",\"name\":\"Immunostep Biotech\",\"url\":\"https:\/\/immunostep.com\/\",\"logo\":{\"@type\":\"ImageObject\",\"inLanguage\":\"es\",\"@id\":\"https:\/\/immunostep.com\/#\/schema\/logo\/image\/\",\"url\":\"https:\/\/immunostep.com\/wp-content\/uploads\/2021\/10\/logo-web-color.png\",\"contentUrl\":\"https:\/\/immunostep.com\/wp-content\/uploads\/2021\/10\/logo-web-color.png\",\"width\":1299,\"height\":591,\"caption\":\"Immunostep Biotech\"},\"image\":{\"@id\":\"https:\/\/immunostep.com\/#\/schema\/logo\/image\/\"},\"sameAs\":[\"https:\/\/www.facebook.com\/immunostepsl\/\",\"https:\/\/x.com\/Immunostep\",\"https:\/\/www.linkedin.com\/company\/immunostepsl\/\"]}]}<\/script>\n<!-- \/ Yoast SEO plugin. -->","yoast_head_json":{"title":"Immunostep: L\u00edder en Soluciones de Citometr\u00eda de Flujo","description":"Conoce Immunostep, un l\u00edder innovador en Citometr\u00eda de Flujo y soluciones diagn\u00f3sticas. Descubre nuestra misi\u00f3n, visi\u00f3n y la tecnolog\u00eda de vanguardia que impulsa nuestro \u00e9xito.","robots":{"index":"index","follow":"follow","max-snippet":"max-snippet:-1","max-image-preview":"max-image-preview:large","max-video-preview":"max-video-preview:-1"},"canonical":"https:\/\/immunostep.com\/es\/immunostep\/about-us\/","og_locale":"es_ES","og_type":"article","og_title":"Immunostep: L\u00edder en Soluciones de Citometr\u00eda de Flujo","og_description":"Conoce Immunostep, un l\u00edder innovador en Citometr\u00eda de Flujo y soluciones diagn\u00f3sticas. Descubre nuestra misi\u00f3n, visi\u00f3n y la tecnolog\u00eda de vanguardia que impulsa nuestro \u00e9xito.","og_url":"https:\/\/immunostep.com\/es\/immunostep\/about-us\/","og_site_name":"Immunostep Biotech","article_publisher":"https:\/\/www.facebook.com\/immunostepsl\/","article_modified_time":"2024-09-18T08:38:22+00:00","og_image":[{"width":1299,"height":591,"url":"https:\/\/immunostep.com\/wp-content\/uploads\/2021\/10\/logo-web-color.png","type":"image\/png"}],"twitter_card":"summary_large_image","twitter_site":"@Immunostep","twitter_misc":{"Tiempo de lectura":"3 minutos"},"schema":{"@context":"https:\/\/schema.org","@graph":[{"@type":"WebPage","@id":"https:\/\/immunostep.com\/es\/immunostep\/about-us\/","url":"https:\/\/immunostep.com\/es\/immunostep\/about-us\/","name":"Immunostep: L\u00edder en Soluciones de Citometr\u00eda de Flujo","isPartOf":{"@id":"https:\/\/immunostep.com\/#website"},"datePublished":"2023-03-02T15:40:54+00:00","dateModified":"2024-09-18T08:38:22+00:00","description":"Conoce Immunostep, un l\u00edder innovador en Citometr\u00eda de Flujo y soluciones diagn\u00f3sticas. Descubre nuestra misi\u00f3n, visi\u00f3n y la tecnolog\u00eda de vanguardia que impulsa nuestro \u00e9xito.","breadcrumb":{"@id":"https:\/\/immunostep.com\/es\/immunostep\/about-us\/#breadcrumb"},"inLanguage":"es","potentialAction":[{"@type":"ReadAction","target":["https:\/\/immunostep.com\/es\/immunostep\/about-us\/"]}]},{"@type":"BreadcrumbList","@id":"https:\/\/immunostep.com\/es\/immunostep\/about-us\/#breadcrumb","itemListElement":[{"@type":"ListItem","position":1,"name":"Home","item":"https:\/\/immunostep.com\/es\/"},{"@type":"ListItem","position":2,"name":"Home immunostep","item":"https:\/\/immunostep.com\/es\/"},{"@type":"ListItem","position":3,"name":"Sobre nosotros"}]},{"@type":"WebSite","@id":"https:\/\/immunostep.com\/#website","url":"https:\/\/immunostep.com\/","name":"Immunostep Biotech","description":"Innovating to deliver high-performance technology for Research and Diagnosis","publisher":{"@id":"https:\/\/immunostep.com\/#organization"},"potentialAction":[{"@type":"SearchAction","target":{"@type":"EntryPoint","urlTemplate":"https:\/\/immunostep.com\/?s={search_term_string}"},"query-input":{"@type":"PropertyValueSpecification","valueRequired":true,"valueName":"search_term_string"}}],"inLanguage":"es"},{"@type":"Organization","@id":"https:\/\/immunostep.com\/#organization","name":"Immunostep Biotech","url":"https:\/\/immunostep.com\/","logo":{"@type":"ImageObject","inLanguage":"es","@id":"https:\/\/immunostep.com\/#\/schema\/logo\/image\/","url":"https:\/\/immunostep.com\/wp-content\/uploads\/2021\/10\/logo-web-color.png","contentUrl":"https:\/\/immunostep.com\/wp-content\/uploads\/2021\/10\/logo-web-color.png","width":1299,"height":591,"caption":"Immunostep Biotech"},"image":{"@id":"https:\/\/immunostep.com\/#\/schema\/logo\/image\/"},"sameAs":["https:\/\/www.facebook.com\/immunostepsl\/","https:\/\/x.com\/Immunostep","https:\/\/www.linkedin.com\/company\/immunostepsl\/"]}]}},"_links":{"self":[{"href":"https:\/\/immunostep.com\/es\/wp-json\/wp\/v2\/pages\/13827"}],"collection":[{"href":"https:\/\/immunostep.com\/es\/wp-json\/wp\/v2\/pages"}],"about":[{"href":"https:\/\/immunostep.com\/es\/wp-json\/wp\/v2\/types\/page"}],"author":[{"embeddable":true,"href":"https:\/\/immunostep.com\/es\/wp-json\/wp\/v2\/users\/1"}],"replies":[{"embeddable":true,"href":"https:\/\/immunostep.com\/es\/wp-json\/wp\/v2\/comments?post=13827"}],"version-history":[{"count":1,"href":"https:\/\/immunostep.com\/es\/wp-json\/wp\/v2\/pages\/13827\/revisions"}],"predecessor-version":[{"id":28363,"href":"https:\/\/immunostep.com\/es\/wp-json\/wp\/v2\/pages\/13827\/revisions\/28363"}],"up":[{"embeddable":true,"href":"https:\/\/immunostep.com\/es\/wp-json\/wp\/v2\/pages\/13549"}],"wp:attachment":[{"href":"https:\/\/immunostep.com\/es\/wp-json\/wp\/v2\/media?parent=13827"}],"curies":[{"name":"wp","href":"https:\/\/api.w.org\/{rel}","templated":true}]}}