{"id":12657,"date":"2023-02-13T17:42:02","date_gmt":"2023-02-13T16:42:02","guid":{"rendered":"https:\/\/immunostep.com\/solutions-buffers-2\/"},"modified":"2025-03-11T15:31:21","modified_gmt":"2025-03-11T14:31:21","slug":"buffers-soluciones","status":"publish","type":"page","link":"https:\/\/immunostep.com\/es\/exosomes\/buffers-soluciones\/","title":{"rendered":"Buffers &#038; Soluciones"},"content":{"rendered":"<h1>Soluciones &amp; Buffers para Exosomas<\/h1>\n<table>\n<tbody>\n<tr>\n<td>\n        <img decoding=\"async\" src=\"\/wp-content\/uploads\/2023\/03\/Exosome-Detachment-Solution-pequena.jpg\" alt=\"\">\n    <\/td>\n<td>Exosome Detachment Solution<\/td>\n<td>EDSTEP<\/td>\n<td>\n<p>Liquid | 10ml | RUO | <a href=\"https:\/\/immunostep.com\/wp-content\/uploads\/2025\/03\/TDS-Exosome-Detachment-Solution-v3.pdf\" target=\"_blank\" rel=\"noopener\"><strong>Descargar TDS<\/strong><\/a><\/p>\n<\/td>\n<td>\n        <a href=\"https:\/\/immunostep.com\/es\/product\/exosome-detachment-solution\/\">Ver en la tienda<\/a>\n    <\/td>\n<\/tr>\n<tr>\n<td>\n        <img decoding=\"async\" src=\"https:\/\/immunostep.com\/wp-content\/uploads\/2023\/12\/Immunostep-Exosome_Precipitation_Solution.jpg\" alt=\"\">\n    <\/td>\n<td>Exosome Precipitation Solution<\/td>\n<td>EPSTEP<\/td>\n<td>\n<p>Liquid | 12ml | RUO | <a href=\"https:\/\/immunostep.com\/wp-content\/uploads\/2025\/03\/TDS-Exosome-Precipitation-Sol.pdf\" target=\"_blank\" rel=\"noopener\"><strong>Descargar TDS<\/strong><\/a><\/p>\n<\/td>\n<td>\n        <a href=\"https:\/\/immunostep.com\/es\/product\/exosome-precipitation-solution\/\">Ver en la tienda<\/a>\n    <\/td>\n<\/tr>\n<tr>\n<td>\n        <img decoding=\"async\" src=\"\/wp-content\/uploads\/2023\/08\/Immunostep-Exosome-Incubation-Buffer.jpg\" alt=\"\">\n    <\/td>\n<td>Exosome Incubation Buffer<\/td>\n<td>EISTEP<\/td>\n<td>\n<p>Liquid | 15ml | RUO | <a href=\"https:\/\/immunostep.com\/wp-content\/uploads\/2025\/03\/TDS-Exosome-Incubation-Buffer-1.pdf\" target=\"_blank\" rel=\"noopener\"><strong>Descargar TDS<\/strong><\/a><\/p>\n<\/td>\n<td>\n        <a href=\"https:\/\/immunostep.com\/es\/product\/exosome-incubation-buffer\/\">Ver en la tienda<\/a>\n    <\/td>\n<\/tr>\n<tr>\n<td>\n        <img decoding=\"async\" src=\"\/wp-content\/uploads\/2023\/03\/Wash-solution-pequena.jpg\" alt=\"\">\n    <\/td>\n<td>Wash Buffer Solution (10X)<\/td>\n<td>IMS0515<\/td>\n<td>\n<p>Liquid | 20ml | RUO | <a href=\"https:\/\/immunostep.com\/wp-content\/uploads\/2025\/03\/TDS-Wash-Buffer-10X.pdf\" target=\"_blank\" rel=\"noopener\"><strong>Descargar TDS<\/strong><\/a><\/p>\n<\/td>\n<td>\n        <a href=\"https:\/\/immunostep.com\/es\/product\/wash-buffer-solution-10x\/\">Ver en la tienda<\/a>\n    <\/td>\n<\/tr>\n<tr>\n<td>\n        <img decoding=\"async\" src=\"\/wp-content\/uploads\/2023\/08\/Immunostep-Diluent-Buffer.jpg\" alt=\"\">\n    <\/td>\n<td>Diluent Buffer (1X &#8211; Ready to Use)<\/td>\n<td>IMS0514<\/td>\n<td>\n<p>Liquid | 10ml | RUO | <a href=\"https:\/\/immunostep.com\/wp-content\/uploads\/2025\/03\/TDS-Diluent-Buffer-1X.pdf\" target=\"_blank\" rel=\"noopener\"><strong>Descargar TDS<\/strong><\/a><\/p>\n<\/td>\n<td>\n        <a href=\"https:\/\/immunostep.com\/es\/product\/diluent-buffer-1x\/\">Ver en la tienda<\/a>\n    <\/td>\n<\/tr>\n<\/tbody>\n<\/table>\n<hr>\n<div>\n<div class='_form_140'><\/div><script type='text\/javascript' src='https:\/\/immunostep91401.activehosted.com\/f\/embed.php?static=0&id=140&69D724D99FE43&nostyles=0&preview=0'><\/script>\n<\/div>\n<p><!--more--><br \/>\n<!-- {\"type\":\"layout\",\"children\":[{\"type\":\"section\",\"props\":{\"image_position\":\"center-center\",\"padding_remove_bottom\":true,\"padding_remove_top\":false,\"style\":\"default\",\"title_breakpoint\":\"xl\",\"title_position\":\"top-left\",\"title_rotation\":\"left\",\"vertical_align\":\"\",\"width\":\"xlarge\"},\"children\":[{\"type\":\"row\",\"children\":[{\"type\":\"column\",\"props\":{\"image_position\":\"center-center\",\"position_sticky_breakpoint\":\"m\"},\"children\":[{\"type\":\"headline\",\"props\":{\"block_align\":\"center\",\"content\":\"Soluciones &amp; Buffers para Exosomas\",\"text_align\":\"center\",\"title_decoration\":\"bullet\",\"title_element\":\"h1\"}},{\"type\":\"table\",\"props\":{\"image_svg_color\":\"emphasis\",\"image_width\":\"80\",\"link_size\":\"small\",\"link_style\":\"secondary\",\"link_target\":true,\"link_text\":\"Recibir Presupuesto\",\"meta_style\":\"text-meta\",\"show_content\":true,\"show_image\":true,\"show_link\":true,\"show_meta\":true,\"show_title\":true,\"table_hover\":true,\"table_justify\":false,\"table_last_align\":\"center\",\"table_order\":\"2\",\"table_responsive\":\"responsive\",\"table_size\":\"large\",\"table_style\":\"divider\",\"table_vertical_align\":true,\"table_width_content\":\"medium\",\"table_width_meta\":\"\",\"table_width_title\":\"shrink\",\"text_align\":\"center\"},\"children\":[{\"type\":\"table_item\",\"props\":{\"content\":\"\n\n<p>Liquid | 10ml | RUO | <a href=\\\"https:\\\/\\\/immunostep.com\\\/wp-content\\\/uploads\\\/2025\\\/03\\\/TDS-Exosome-Detachment-Solution-v3.pdf\\\" target=\\\"_blank\\\" rel=\\\"noopener\\\"><strong>Descargar TDS<\\\/strong><\\\/a><\\\/p>\",\"image\":\"wp-content\\\/uploads\\\/2023\\\/03\\\/Exosome-Detachment-Solution-pequena.jpg\",\"link\":\"https:\\\/\\\/immunostep.com\\\/es\\\/product\\\/exosome-detachment-solution\\\/\",\"link_text\":\"Ver en la tienda\",\"meta\":\"EDSTEP\",\"title\":\"Exosome Detachment Solution\"}},{\"type\":\"table_item\",\"props\":{\"content\":\"\n\n<p>Liquid | 12ml | RUO | <a href=\\\"https:\\\/\\\/immunostep.com\\\/wp-content\\\/uploads\\\/2025\\\/03\\\/TDS-Exosome-Precipitation-Sol.pdf\\\" target=\\\"_blank\\\" rel=\\\"noopener\\\"><strong>Descargar TDS<\\\/strong><\\\/a><\\\/p>\",\"image\":\"https:\\\/\\\/immunostep.com\\\/wp-content\\\/uploads\\\/2023\\\/12\\\/Immunostep-Exosome_Precipitation_Solution.jpg\",\"link\":\"https:\\\/\\\/immunostep.com\\\/es\\\/product\\\/exosome-precipitation-solution\\\/\",\"link_text\":\"Ver en la tienda\",\"meta\":\"EPSTEP\",\"title\":\"Exosome Precipitation Solution\"}},{\"type\":\"table_item\",\"props\":{\"content\":\"\n\n<p>Liquid | 15ml | RUO | <a href=\\\"https:\\\/\\\/immunostep.com\\\/wp-content\\\/uploads\\\/2025\\\/03\\\/TDS-Exosome-Incubation-Buffer-1.pdf\\\" target=\\\"_blank\\\" rel=\\\"noopener\\\"><strong>Descargar TDS<\\\/strong><\\\/a><\\\/p>\",\"image\":\"wp-content\\\/uploads\\\/2023\\\/08\\\/Immunostep-Exosome-Incubation-Buffer.jpg\",\"link\":\"https:\\\/\\\/immunostep.com\\\/es\\\/product\\\/exosome-incubation-buffer\\\/\",\"link_text\":\"Ver en la tienda\",\"meta\":\"EISTEP\",\"title\":\"Exosome Incubation Buffer\"}},{\"type\":\"table_item\",\"props\":{\"content\":\"\n\n<p>Liquid | 20ml | RUO | <a href=\\\"https:\\\/\\\/immunostep.com\\\/wp-content\\\/uploads\\\/2025\\\/03\\\/TDS-Wash-Buffer-10X.pdf\\\" target=\\\"_blank\\\" rel=\\\"noopener\\\"><strong>Descargar TDS<\\\/strong><\\\/a><\\\/p>\",\"image\":\"wp-content\\\/uploads\\\/2023\\\/03\\\/Wash-solution-pequena.jpg\",\"link\":\"https:\\\/\\\/immunostep.com\\\/es\\\/product\\\/wash-buffer-solution-10x\\\/\",\"link_text\":\"Ver en la tienda\",\"meta\":\"IMS0515\",\"title\":\"Wash Buffer Solution (10X)\"}},{\"type\":\"table_item\",\"props\":{\"content\":\"\n\n<p>Liquid | 10ml | RUO | <a href=\\\"https:\\\/\\\/immunostep.com\\\/wp-content\\\/uploads\\\/2025\\\/03\\\/TDS-Diluent-Buffer-1X.pdf\\\" target=\\\"_blank\\\" rel=\\\"noopener\\\"><strong>Descargar TDS<\\\/strong><\\\/a><\\\/p>\",\"image\":\"wp-content\\\/uploads\\\/2023\\\/08\\\/Immunostep-Diluent-Buffer.jpg\",\"link\":\"https:\\\/\\\/immunostep.com\\\/es\\\/product\\\/diluent-buffer-1x\\\/\",\"link_text\":\"Ver en la tienda\",\"meta\":\"IMS0514\",\"title\":\"Diluent Buffer (1X - Ready to Use)\"}}],\"modified\":\"2021-07-23T08:09:35.109Z\",\"name\":\"Tabla especificaciones\"}]}],\"props\":{\"width\":\"default\"}},{\"type\":\"row\",\"children\":[{\"type\":\"column\",\"props\":{\"image_position\":\"center-center\",\"position_sticky_breakpoint\":\"m\"},\"children\":[{\"type\":\"divider\",\"props\":{\"divider_element\":\"hr\"}}]}]}]},{\"type\":\"section\",\"props\":{\"image_position\":\"center-center\",\"padding_remove_bottom\":false,\"padding_remove_top\":true,\"style\":\"default\",\"title_breakpoint\":\"xl\",\"title_position\":\"top-left\",\"title_rotation\":\"left\",\"vertical_align\":\"\",\"width\":\"xlarge\"},\"children\":[{\"type\":\"row\",\"children\":[{\"type\":\"column\",\"props\":{\"image_position\":\"center-center\",\"position_sticky_breakpoint\":\"m\"},\"children\":[{\"type\":\"text\",\"props\":{\"column_breakpoint\":\"m\",\"content\":\"\n\n<p>[activecampaign form=140 css=1]<\\\/p>\",\"margin\":\"default\"}}]}],\"props\":{\"width\":\"default\"}}],\"name\":\"FORMULARIO AC\"}],\"version\":\"4.4.10\"} --><\/p>\n","protected":false},"excerpt":{"rendered":"<p>Soluciones &amp; Buffers para Exosomas Exosome Detachment Solution EDSTEP Liquid | 10ml | RUO | Descargar TDS Ver en la tienda Exosome Precipitation Solution EPSTEP Liquid | 12ml | RUO | Descargar TDS Ver en la tienda Exosome Incubation Buffer EISTEP Liquid | 15ml | RUO | Descargar TDS Ver en la tienda Wash Buffer [&hellip;]<\/p>\n","protected":false},"author":1,"featured_media":0,"parent":12783,"menu_order":0,"comment_status":"open","ping_status":"closed","template":"","meta":{"footnotes":"","_links_to":"","_links_to_target":""},"class_list":["post-12657","page","type-page","status-publish","hentry"],"yoast_head":"<!-- This site is optimized with the Yoast SEO plugin v23.6 - https:\/\/yoast.com\/wordpress\/plugins\/seo\/ -->\n<title>Soluciones y Buffers para Exosomas | Optimiza Tu Investigaci\u00f3n<\/title>\n<meta name=\"description\" content=\"Mejora tu investigaci\u00f3n de exosomas con las soluciones y buffers especializados de Immunostep. Desde soluciones de desprendimiento y precipitaci\u00f3n hasta buffers de lavado e incubaci\u00f3n, nuestros productos est\u00e1n dise\u00f1ados para asegurar la m\u00e1xima eficiencia y pureza en tus procesos de aislamiento y an\u00e1lisis de exosomas.\" \/>\n<meta name=\"robots\" content=\"index, follow, max-snippet:-1, max-image-preview:large, max-video-preview:-1\" \/>\n<link rel=\"canonical\" href=\"https:\/\/immunostep.com\/es\/exosomes\/buffers-soluciones\/\" \/>\n<meta property=\"og:locale\" content=\"es_ES\" \/>\n<meta property=\"og:type\" content=\"article\" \/>\n<meta property=\"og:title\" content=\"Soluciones y Buffers para Exosomas | Optimiza Tu Investigaci\u00f3n\" \/>\n<meta property=\"og:description\" content=\"Mejora tu investigaci\u00f3n de exosomas con las soluciones y buffers especializados de Immunostep. Desde soluciones de desprendimiento y precipitaci\u00f3n hasta buffers de lavado e incubaci\u00f3n, nuestros productos est\u00e1n dise\u00f1ados para asegurar la m\u00e1xima eficiencia y pureza en tus procesos de aislamiento y an\u00e1lisis de exosomas.\" \/>\n<meta property=\"og:url\" content=\"https:\/\/immunostep.com\/es\/exosomes\/buffers-soluciones\/\" \/>\n<meta property=\"og:site_name\" content=\"Immunostep Biotech\" \/>\n<meta property=\"article:publisher\" content=\"https:\/\/www.facebook.com\/immunostepsl\/\" \/>\n<meta property=\"article:modified_time\" content=\"2025-03-11T14:31:21+00:00\" \/>\n<meta property=\"og:image\" content=\"https:\/\/immunostep.com\/wp-content\/uploads\/2023\/12\/Immunostep-Exosome_Precipitation_Solution.jpg\" \/>\n<meta name=\"twitter:card\" content=\"summary_large_image\" \/>\n<meta name=\"twitter:site\" content=\"@Immunostep\" \/>\n<meta name=\"twitter:label1\" content=\"Tiempo de lectura\" \/>\n\t<meta name=\"twitter:data1\" content=\"2 minutos\" \/>\n<script type=\"application\/ld+json\" class=\"yoast-schema-graph\">{\"@context\":\"https:\/\/schema.org\",\"@graph\":[{\"@type\":\"WebPage\",\"@id\":\"https:\/\/immunostep.com\/es\/exosomes\/buffers-soluciones\/\",\"url\":\"https:\/\/immunostep.com\/es\/exosomes\/buffers-soluciones\/\",\"name\":\"Soluciones y Buffers para Exosomas | Optimiza Tu Investigaci\u00f3n\",\"isPartOf\":{\"@id\":\"https:\/\/immunostep.com\/#website\"},\"primaryImageOfPage\":{\"@id\":\"https:\/\/immunostep.com\/es\/exosomes\/buffers-soluciones\/#primaryimage\"},\"image\":{\"@id\":\"https:\/\/immunostep.com\/es\/exosomes\/buffers-soluciones\/#primaryimage\"},\"thumbnailUrl\":\"https:\/\/immunostep.com\/wp-content\/uploads\/2023\/12\/Immunostep-Exosome_Precipitation_Solution.jpg\",\"datePublished\":\"2023-02-13T16:42:02+00:00\",\"dateModified\":\"2025-03-11T14:31:21+00:00\",\"description\":\"Mejora tu investigaci\u00f3n de exosomas con las soluciones y buffers especializados de Immunostep. Desde soluciones de desprendimiento y precipitaci\u00f3n hasta buffers de lavado e incubaci\u00f3n, nuestros productos est\u00e1n dise\u00f1ados para asegurar la m\u00e1xima eficiencia y pureza en tus procesos de aislamiento y an\u00e1lisis de exosomas.\",\"breadcrumb\":{\"@id\":\"https:\/\/immunostep.com\/es\/exosomes\/buffers-soluciones\/#breadcrumb\"},\"inLanguage\":\"es\",\"potentialAction\":[{\"@type\":\"ReadAction\",\"target\":[\"https:\/\/immunostep.com\/es\/exosomes\/buffers-soluciones\/\"]}]},{\"@type\":\"ImageObject\",\"inLanguage\":\"es\",\"@id\":\"https:\/\/immunostep.com\/es\/exosomes\/buffers-soluciones\/#primaryimage\",\"url\":\"https:\/\/immunostep.com\/wp-content\/uploads\/2023\/12\/Immunostep-Exosome_Precipitation_Solution.jpg\",\"contentUrl\":\"https:\/\/immunostep.com\/wp-content\/uploads\/2023\/12\/Immunostep-Exosome_Precipitation_Solution.jpg\"},{\"@type\":\"BreadcrumbList\",\"@id\":\"https:\/\/immunostep.com\/es\/exosomes\/buffers-soluciones\/#breadcrumb\",\"itemListElement\":[{\"@type\":\"ListItem\",\"position\":1,\"name\":\"Home\",\"item\":\"https:\/\/immunostep.com\/es\/\"},{\"@type\":\"ListItem\",\"position\":2,\"name\":\"Exosomas\",\"item\":\"https:\/\/immunostep.com\/es\/exosomes\/\"},{\"@type\":\"ListItem\",\"position\":3,\"name\":\"Buffers &#038; Soluciones\"}]},{\"@type\":\"WebSite\",\"@id\":\"https:\/\/immunostep.com\/#website\",\"url\":\"https:\/\/immunostep.com\/\",\"name\":\"Immunostep Biotech\",\"description\":\"Innovating to deliver high-performance technology for Research and Diagnosis\",\"publisher\":{\"@id\":\"https:\/\/immunostep.com\/#organization\"},\"potentialAction\":[{\"@type\":\"SearchAction\",\"target\":{\"@type\":\"EntryPoint\",\"urlTemplate\":\"https:\/\/immunostep.com\/?s={search_term_string}\"},\"query-input\":{\"@type\":\"PropertyValueSpecification\",\"valueRequired\":true,\"valueName\":\"search_term_string\"}}],\"inLanguage\":\"es\"},{\"@type\":\"Organization\",\"@id\":\"https:\/\/immunostep.com\/#organization\",\"name\":\"Immunostep Biotech\",\"url\":\"https:\/\/immunostep.com\/\",\"logo\":{\"@type\":\"ImageObject\",\"inLanguage\":\"es\",\"@id\":\"https:\/\/immunostep.com\/#\/schema\/logo\/image\/\",\"url\":\"https:\/\/immunostep.com\/wp-content\/uploads\/2021\/10\/logo-web-color.png\",\"contentUrl\":\"https:\/\/immunostep.com\/wp-content\/uploads\/2021\/10\/logo-web-color.png\",\"width\":1299,\"height\":591,\"caption\":\"Immunostep Biotech\"},\"image\":{\"@id\":\"https:\/\/immunostep.com\/#\/schema\/logo\/image\/\"},\"sameAs\":[\"https:\/\/www.facebook.com\/immunostepsl\/\",\"https:\/\/x.com\/Immunostep\",\"https:\/\/www.linkedin.com\/company\/immunostepsl\/\"]}]}<\/script>\n<!-- \/ Yoast SEO plugin. -->","yoast_head_json":{"title":"Soluciones y Buffers para Exosomas | Optimiza Tu Investigaci\u00f3n","description":"Mejora tu investigaci\u00f3n de exosomas con las soluciones y buffers especializados de Immunostep. Desde soluciones de desprendimiento y precipitaci\u00f3n hasta buffers de lavado e incubaci\u00f3n, nuestros productos est\u00e1n dise\u00f1ados para asegurar la m\u00e1xima eficiencia y pureza en tus procesos de aislamiento y an\u00e1lisis de exosomas.","robots":{"index":"index","follow":"follow","max-snippet":"max-snippet:-1","max-image-preview":"max-image-preview:large","max-video-preview":"max-video-preview:-1"},"canonical":"https:\/\/immunostep.com\/es\/exosomes\/buffers-soluciones\/","og_locale":"es_ES","og_type":"article","og_title":"Soluciones y Buffers para Exosomas | Optimiza Tu Investigaci\u00f3n","og_description":"Mejora tu investigaci\u00f3n de exosomas con las soluciones y buffers especializados de Immunostep. Desde soluciones de desprendimiento y precipitaci\u00f3n hasta buffers de lavado e incubaci\u00f3n, nuestros productos est\u00e1n dise\u00f1ados para asegurar la m\u00e1xima eficiencia y pureza en tus procesos de aislamiento y an\u00e1lisis de exosomas.","og_url":"https:\/\/immunostep.com\/es\/exosomes\/buffers-soluciones\/","og_site_name":"Immunostep Biotech","article_publisher":"https:\/\/www.facebook.com\/immunostepsl\/","article_modified_time":"2025-03-11T14:31:21+00:00","og_image":[{"url":"https:\/\/immunostep.com\/wp-content\/uploads\/2023\/12\/Immunostep-Exosome_Precipitation_Solution.jpg"}],"twitter_card":"summary_large_image","twitter_site":"@Immunostep","twitter_misc":{"Tiempo de lectura":"2 minutos"},"schema":{"@context":"https:\/\/schema.org","@graph":[{"@type":"WebPage","@id":"https:\/\/immunostep.com\/es\/exosomes\/buffers-soluciones\/","url":"https:\/\/immunostep.com\/es\/exosomes\/buffers-soluciones\/","name":"Soluciones y Buffers para Exosomas | Optimiza Tu Investigaci\u00f3n","isPartOf":{"@id":"https:\/\/immunostep.com\/#website"},"primaryImageOfPage":{"@id":"https:\/\/immunostep.com\/es\/exosomes\/buffers-soluciones\/#primaryimage"},"image":{"@id":"https:\/\/immunostep.com\/es\/exosomes\/buffers-soluciones\/#primaryimage"},"thumbnailUrl":"https:\/\/immunostep.com\/wp-content\/uploads\/2023\/12\/Immunostep-Exosome_Precipitation_Solution.jpg","datePublished":"2023-02-13T16:42:02+00:00","dateModified":"2025-03-11T14:31:21+00:00","description":"Mejora tu investigaci\u00f3n de exosomas con las soluciones y buffers especializados de Immunostep. Desde soluciones de desprendimiento y precipitaci\u00f3n hasta buffers de lavado e incubaci\u00f3n, nuestros productos est\u00e1n dise\u00f1ados para asegurar la m\u00e1xima eficiencia y pureza en tus procesos de aislamiento y an\u00e1lisis de exosomas.","breadcrumb":{"@id":"https:\/\/immunostep.com\/es\/exosomes\/buffers-soluciones\/#breadcrumb"},"inLanguage":"es","potentialAction":[{"@type":"ReadAction","target":["https:\/\/immunostep.com\/es\/exosomes\/buffers-soluciones\/"]}]},{"@type":"ImageObject","inLanguage":"es","@id":"https:\/\/immunostep.com\/es\/exosomes\/buffers-soluciones\/#primaryimage","url":"https:\/\/immunostep.com\/wp-content\/uploads\/2023\/12\/Immunostep-Exosome_Precipitation_Solution.jpg","contentUrl":"https:\/\/immunostep.com\/wp-content\/uploads\/2023\/12\/Immunostep-Exosome_Precipitation_Solution.jpg"},{"@type":"BreadcrumbList","@id":"https:\/\/immunostep.com\/es\/exosomes\/buffers-soluciones\/#breadcrumb","itemListElement":[{"@type":"ListItem","position":1,"name":"Home","item":"https:\/\/immunostep.com\/es\/"},{"@type":"ListItem","position":2,"name":"Exosomas","item":"https:\/\/immunostep.com\/es\/exosomes\/"},{"@type":"ListItem","position":3,"name":"Buffers &#038; Soluciones"}]},{"@type":"WebSite","@id":"https:\/\/immunostep.com\/#website","url":"https:\/\/immunostep.com\/","name":"Immunostep Biotech","description":"Innovating to deliver high-performance technology for Research and Diagnosis","publisher":{"@id":"https:\/\/immunostep.com\/#organization"},"potentialAction":[{"@type":"SearchAction","target":{"@type":"EntryPoint","urlTemplate":"https:\/\/immunostep.com\/?s={search_term_string}"},"query-input":{"@type":"PropertyValueSpecification","valueRequired":true,"valueName":"search_term_string"}}],"inLanguage":"es"},{"@type":"Organization","@id":"https:\/\/immunostep.com\/#organization","name":"Immunostep Biotech","url":"https:\/\/immunostep.com\/","logo":{"@type":"ImageObject","inLanguage":"es","@id":"https:\/\/immunostep.com\/#\/schema\/logo\/image\/","url":"https:\/\/immunostep.com\/wp-content\/uploads\/2021\/10\/logo-web-color.png","contentUrl":"https:\/\/immunostep.com\/wp-content\/uploads\/2021\/10\/logo-web-color.png","width":1299,"height":591,"caption":"Immunostep Biotech"},"image":{"@id":"https:\/\/immunostep.com\/#\/schema\/logo\/image\/"},"sameAs":["https:\/\/www.facebook.com\/immunostepsl\/","https:\/\/x.com\/Immunostep","https:\/\/www.linkedin.com\/company\/immunostepsl\/"]}]}},"_links":{"self":[{"href":"https:\/\/immunostep.com\/es\/wp-json\/wp\/v2\/pages\/12657"}],"collection":[{"href":"https:\/\/immunostep.com\/es\/wp-json\/wp\/v2\/pages"}],"about":[{"href":"https:\/\/immunostep.com\/es\/wp-json\/wp\/v2\/types\/page"}],"author":[{"embeddable":true,"href":"https:\/\/immunostep.com\/es\/wp-json\/wp\/v2\/users\/1"}],"replies":[{"embeddable":true,"href":"https:\/\/immunostep.com\/es\/wp-json\/wp\/v2\/comments?post=12657"}],"version-history":[{"count":17,"href":"https:\/\/immunostep.com\/es\/wp-json\/wp\/v2\/pages\/12657\/revisions"}],"predecessor-version":[{"id":32127,"href":"https:\/\/immunostep.com\/es\/wp-json\/wp\/v2\/pages\/12657\/revisions\/32127"}],"up":[{"embeddable":true,"href":"https:\/\/immunostep.com\/es\/wp-json\/wp\/v2\/pages\/12783"}],"wp:attachment":[{"href":"https:\/\/immunostep.com\/es\/wp-json\/wp\/v2\/media?parent=12657"}],"curies":[{"name":"wp","href":"https:\/\/api.w.org\/{rel}","templated":true}]}}